{"id":5025,"date":"2022-04-21T16:39:04","date_gmt":"2022-04-21T14:39:04","guid":{"rendered":"https:\/\/gardalaser.it\/prodotto\/fibra-ottica-laser-200%c2%b5m\/"},"modified":"2024-09-23T10:11:27","modified_gmt":"2024-09-23T08:11:27","slug":"fibre-optique-laser-200%c2%b5m","status":"publish","type":"product","link":"https:\/\/gardalaser.it\/fr\/produit\/fibre-optique-laser-200%c2%b5m\/","title":{"rendered":"Fibre optique laser 200\u00b5m"},"content":{"rendered":"<ul>\n<li>Connecteur SMA 905<\/li>\n<li>ouverture nominale standard de 0,22<\/li>\n<li>longueurs d&#8217;onde de 400nm \u00e0 2000nm<\/li>\n<li>puissance maximale : 3 Watt<\/li>\n<li>cycle de caoutchouc autoclavable 121\u00b0 C pendant 15 minutes<\/li>\n<\/ul>\n","protected":false},"excerpt":{"rendered":"<p>Fibres recommand\u00e9es pour la d\u00e9contamination du canal radiculaire assist\u00e9e par laser<\/p>\n","protected":false},"featured_media":5026,"template":"","meta":{"_acf_changed":false},"product_brand":[],"product_cat":[246],"product_tag":[],"class_list":{"0":"post-5025","1":"product","2":"type-product","3":"status-publish","4":"has-post-thumbnail","6":"tassonomia-dentisterie","7":"tassonomia-enea-fr","8":"tassonomia-enea-duo-fr","9":"tassonomia-enea-trio-fr","10":"tassonomia-ermes-fr","11":"tassonomia-hygiene-dentaire","12":"tassonomia-oto-rhino-laryngologie","13":"tassonomia-zaira-fr","14":"product_cat-fibres-et-astuces","16":"first","17":"instock","18":"taxable","19":"shipping-taxable","20":"purchasable","21":"product-type-simple"},"acf":[],"_links":{"self":[{"href":"https:\/\/gardalaser.it\/fr\/wp-json\/wp\/v2\/product\/5025","targetHints":{"allow":["GET"]}}],"collection":[{"href":"https:\/\/gardalaser.it\/fr\/wp-json\/wp\/v2\/product"}],"about":[{"href":"https:\/\/gardalaser.it\/fr\/wp-json\/wp\/v2\/types\/product"}],"wp:featuredmedia":[{"embeddable":true,"href":"https:\/\/gardalaser.it\/fr\/wp-json\/wp\/v2\/media\/5026"}],"wp:attachment":[{"href":"https:\/\/gardalaser.it\/fr\/wp-json\/wp\/v2\/media?parent=5025"}],"wp:term":[{"taxonomy":"product_brand","embeddable":true,"href":"https:\/\/gardalaser.it\/fr\/wp-json\/wp\/v2\/product_brand?post=5025"},{"taxonomy":"product_cat","embeddable":true,"href":"https:\/\/gardalaser.it\/fr\/wp-json\/wp\/v2\/product_cat?post=5025"},{"taxonomy":"product_tag","embeddable":true,"href":"https:\/\/gardalaser.it\/fr\/wp-json\/wp\/v2\/product_tag?post=5025"}],"curies":[{"name":"wp","href":"https:\/\/api.w.org\/{rel}","templated":true}]}}