{"id":5022,"date":"2022-05-04T09:11:30","date_gmt":"2022-05-04T07:11:30","guid":{"rendered":"https:\/\/gardalaser.it\/prodotto\/puntale-angolato\/"},"modified":"2024-09-24T11:51:05","modified_gmt":"2024-09-24T09:51:05","slug":"embout-coude","status":"publish","type":"product","link":"https:\/\/gardalaser.it\/fr\/produit\/embout-coude\/","title":{"rendered":"Pointe coud\u00e9"},"content":{"rendered":"<ul>\n<li>cycle de fer autoclavable 134\u00b0 C pendant 4 minutes<\/li>\n<\/ul>\n","protected":false},"excerpt":{"rendered":"<p>Embout th\u00e9rapeutique angulaire pour une action laser bifocale \u00e0 utiliser avec la <a href=\"https:\/\/gardalaser.it\/fr\/produit\/piece-a-main-therapeutique-multifonctionnel\/\" target=\"_blank\" rel=\"noopener\">pi\u00e8ce \u00e0 main th\u00e9rapeutique multifonctions<\/a><\/p>\n","protected":false},"featured_media":5023,"template":"","meta":{"_acf_changed":false},"product_brand":[],"product_cat":[243],"product_tag":[],"class_list":{"0":"post-5022","1":"product","2":"type-product","3":"status-publish","4":"has-post-thumbnail","6":"tassonomia-dentisterie","7":"tassonomia-enea-fr","8":"tassonomia-enea-duo-fr","9":"tassonomia-enea-trio-fr","10":"tassonomia-ermes-fr","11":"tassonomia-esthetique","12":"tassonomia-hygiene-dentaire","13":"tassonomia-physiotherapie","14":"tassonomia-podologie","15":"tassonomia-veterinaire","16":"tassonomia-zaira-fr","17":"product_cat-pieces-a-main-therapeutiques","19":"first","20":"instock","21":"taxable","22":"shipping-taxable","23":"purchasable","24":"product-type-simple"},"acf":[],"_links":{"self":[{"href":"https:\/\/gardalaser.it\/fr\/wp-json\/wp\/v2\/product\/5022","targetHints":{"allow":["GET"]}}],"collection":[{"href":"https:\/\/gardalaser.it\/fr\/wp-json\/wp\/v2\/product"}],"about":[{"href":"https:\/\/gardalaser.it\/fr\/wp-json\/wp\/v2\/types\/product"}],"wp:featuredmedia":[{"embeddable":true,"href":"https:\/\/gardalaser.it\/fr\/wp-json\/wp\/v2\/media\/5023"}],"wp:attachment":[{"href":"https:\/\/gardalaser.it\/fr\/wp-json\/wp\/v2\/media?parent=5022"}],"wp:term":[{"taxonomy":"product_brand","embeddable":true,"href":"https:\/\/gardalaser.it\/fr\/wp-json\/wp\/v2\/product_brand?post=5022"},{"taxonomy":"product_cat","embeddable":true,"href":"https:\/\/gardalaser.it\/fr\/wp-json\/wp\/v2\/product_cat?post=5022"},{"taxonomy":"product_tag","embeddable":true,"href":"https:\/\/gardalaser.it\/fr\/wp-json\/wp\/v2\/product_tag?post=5022"}],"curies":[{"name":"wp","href":"https:\/\/api.w.org\/{rel}","templated":true}]}}