{"id":5012,"date":"2022-04-04T14:14:20","date_gmt":"2022-04-04T12:14:20","guid":{"rendered":"https:\/\/gardalaser.it\/prodotto\/manipolo-terapia-multifunzione\/"},"modified":"2024-09-23T09:54:01","modified_gmt":"2024-09-23T07:54:01","slug":"piece-a-main-therapeutique-multifonctionnel","status":"publish","type":"product","link":"https:\/\/gardalaser.it\/fr\/produit\/piece-a-main-therapeutique-multifonctionnel\/","title":{"rendered":"Pi\u00e8ce \u00e0 main th\u00e9rapeutique multifonctionnel"},"content":{"rendered":"<ul>\n<li>Connecteur SMA 905<\/li>\n<li>ouverture nominale standard de 0,22<\/li>\n<li>longueurs d&#8217;onde de 400nm \u00e0 1100nm<\/li>\n<li>longueur 3m<\/li>\n<li>cycle de caoutchouc autoclavable 121\u00b0 C pendant 15 minutes<\/li>\n<\/ul>\n","protected":false},"excerpt":{"rendered":"<p>Accessoire de photobiomodulation id\u00e9al pour les petites et grandes surfaces, complet avec trois t\u00eates interchangeables aux caract\u00e9ristiques diff\u00e9rentes.<\/p>\n","protected":false},"featured_media":5017,"template":"","meta":{"_acf_changed":false},"product_brand":[],"product_cat":[243],"product_tag":[],"class_list":{"0":"post-5012","1":"product","2":"type-product","3":"status-publish","4":"has-post-thumbnail","6":"tassonomia-dentisterie","7":"tassonomia-enea-fr","8":"tassonomia-enea-duo-fr","9":"tassonomia-enea-trio-fr","10":"tassonomia-ermes-fr","11":"tassonomia-esthetique","12":"tassonomia-hygiene-dentaire","13":"tassonomia-physiotherapie","14":"tassonomia-podologie","15":"tassonomia-veterinaire","16":"tassonomia-zaira-fr","17":"product_cat-pieces-a-main-therapeutiques","18":"product_shipping_class-spedizione-assicurata-fr","20":"first","21":"instock","22":"taxable","23":"shipping-taxable","24":"purchasable","25":"product-type-simple"},"acf":[],"_links":{"self":[{"href":"https:\/\/gardalaser.it\/fr\/wp-json\/wp\/v2\/product\/5012","targetHints":{"allow":["GET"]}}],"collection":[{"href":"https:\/\/gardalaser.it\/fr\/wp-json\/wp\/v2\/product"}],"about":[{"href":"https:\/\/gardalaser.it\/fr\/wp-json\/wp\/v2\/types\/product"}],"wp:featuredmedia":[{"embeddable":true,"href":"https:\/\/gardalaser.it\/fr\/wp-json\/wp\/v2\/media\/5017"}],"wp:attachment":[{"href":"https:\/\/gardalaser.it\/fr\/wp-json\/wp\/v2\/media?parent=5012"}],"wp:term":[{"taxonomy":"product_brand","embeddable":true,"href":"https:\/\/gardalaser.it\/fr\/wp-json\/wp\/v2\/product_brand?post=5012"},{"taxonomy":"product_cat","embeddable":true,"href":"https:\/\/gardalaser.it\/fr\/wp-json\/wp\/v2\/product_cat?post=5012"},{"taxonomy":"product_tag","embeddable":true,"href":"https:\/\/gardalaser.it\/fr\/wp-json\/wp\/v2\/product_tag?post=5012"}],"curies":[{"name":"wp","href":"https:\/\/api.w.org\/{rel}","templated":true}]}}