{"id":5003,"date":"2022-04-21T16:35:43","date_gmt":"2022-04-21T14:35:43","guid":{"rendered":"https:\/\/gardalaser.it\/prodotto\/manipolo-laser\/"},"modified":"2024-09-23T09:45:08","modified_gmt":"2024-09-23T07:45:08","slug":"piece-a-main-laser","status":"publish","type":"product","link":"https:\/\/gardalaser.it\/fr\/produit\/piece-a-main-laser\/","title":{"rendered":"Pi\u00e8ce \u00e0 main laser"},"content":{"rendered":"<ul>\n<li>connecteur standard SMA 905<\/li>\n<li>ouverture nominale de 0,22<\/li>\n<li>longueurs d&#8217;onde de 800nm \u00e0 1100nm<\/li>\n<li>longueur 2m<\/li>\n<li>cycle de caoutchouc autoclavable 121\u00b0 C pendant 15 minutes<\/li>\n<\/ul>\n","protected":false},"excerpt":{"rendered":"<p>Pi\u00e8ce \u00e0 main polyvalente utilis\u00e9e pour des traitements multiples gr\u00e2ce au remplacement de l&#8217;embout<\/p>\n","protected":false},"featured_media":5004,"template":"","meta":{"_acf_changed":false},"product_brand":[],"product_cat":[245],"product_tag":[],"class_list":{"0":"post-5003","1":"product","2":"type-product","3":"status-publish","4":"has-post-thumbnail","6":"tassonomia-dentisterie","7":"tassonomia-enea-fr","8":"tassonomia-enea-duo-fr","9":"tassonomia-enea-trio-fr","10":"tassonomia-ermes-fr","11":"tassonomia-esthetique","12":"tassonomia-hygiene-dentaire","13":"tassonomia-l-e-o-plus-fr","14":"tassonomia-oto-rhino-laryngologie","15":"tassonomia-physiotherapie","16":"tassonomia-veterinaire","17":"tassonomia-zaira-fr","18":"product_cat-pieces-a-main-chirurgicales","20":"first","21":"instock","22":"taxable","23":"shipping-taxable","24":"purchasable","25":"product-type-simple"},"acf":[],"_links":{"self":[{"href":"https:\/\/gardalaser.it\/fr\/wp-json\/wp\/v2\/product\/5003","targetHints":{"allow":["GET"]}}],"collection":[{"href":"https:\/\/gardalaser.it\/fr\/wp-json\/wp\/v2\/product"}],"about":[{"href":"https:\/\/gardalaser.it\/fr\/wp-json\/wp\/v2\/types\/product"}],"wp:featuredmedia":[{"embeddable":true,"href":"https:\/\/gardalaser.it\/fr\/wp-json\/wp\/v2\/media\/5004"}],"wp:attachment":[{"href":"https:\/\/gardalaser.it\/fr\/wp-json\/wp\/v2\/media?parent=5003"}],"wp:term":[{"taxonomy":"product_brand","embeddable":true,"href":"https:\/\/gardalaser.it\/fr\/wp-json\/wp\/v2\/product_brand?post=5003"},{"taxonomy":"product_cat","embeddable":true,"href":"https:\/\/gardalaser.it\/fr\/wp-json\/wp\/v2\/product_cat?post=5003"},{"taxonomy":"product_tag","embeddable":true,"href":"https:\/\/gardalaser.it\/fr\/wp-json\/wp\/v2\/product_tag?post=5003"}],"curies":[{"name":"wp","href":"https:\/\/api.w.org\/{rel}","templated":true}]}}