{"id":4996,"date":"2022-04-21T16:18:50","date_gmt":"2022-04-21T14:18:50","guid":{"rendered":"https:\/\/gardalaser.it\/prodotto\/puntale-fotobiomodulazione\/"},"modified":"2024-09-23T09:46:22","modified_gmt":"2024-09-23T07:46:22","slug":"pointe-de-photobiomodulation","status":"publish","type":"product","link":"https:\/\/gardalaser.it\/fr\/produit\/pointe-de-photobiomodulation\/","title":{"rendered":"Pointe de photobiomodulation"},"content":{"rendered":"<ul>\n<li>cycle de caoutchouc autoclavable 121\u00b0 C pendant 15 minutes<\/li>\n<\/ul>\n","protected":false},"excerpt":{"rendered":"<p>Accessoire de photobiomodulation id\u00e9al pour une action laser \u00e9quidistribu\u00e9e sur 1 cm2 \u00e0 utiliser avec la <a href=\"https:\/\/gardalaser.it\/fr\/produit\/piece-a-main-laser\/\" target=\"_blank\" rel=\"noopener\">pi\u00e8ce \u00e0 main laser<\/a><\/p>\n","protected":false},"featured_media":4997,"template":"","meta":{"_acf_changed":false},"product_brand":[],"product_cat":[243],"product_tag":[],"class_list":{"0":"post-4996","1":"product","2":"type-product","3":"status-publish","4":"has-post-thumbnail","6":"tassonomia-dentisterie","7":"tassonomia-enea-fr","8":"tassonomia-enea-duo-fr","9":"tassonomia-esthetique","10":"tassonomia-hygiene-dentaire","11":"tassonomia-oto-rhino-laryngologie","12":"tassonomia-physiotherapie","13":"tassonomia-podologie","14":"tassonomia-veterinaire","15":"tassonomia-zaira-fr","16":"product_cat-pieces-a-main-therapeutiques","17":"product_shipping_class-spedizione-assicurata-fr","19":"first","20":"instock","21":"taxable","22":"shipping-taxable","23":"purchasable","24":"product-type-simple"},"acf":[],"_links":{"self":[{"href":"https:\/\/gardalaser.it\/fr\/wp-json\/wp\/v2\/product\/4996","targetHints":{"allow":["GET"]}}],"collection":[{"href":"https:\/\/gardalaser.it\/fr\/wp-json\/wp\/v2\/product"}],"about":[{"href":"https:\/\/gardalaser.it\/fr\/wp-json\/wp\/v2\/types\/product"}],"wp:featuredmedia":[{"embeddable":true,"href":"https:\/\/gardalaser.it\/fr\/wp-json\/wp\/v2\/media\/4997"}],"wp:attachment":[{"href":"https:\/\/gardalaser.it\/fr\/wp-json\/wp\/v2\/media?parent=4996"}],"wp:term":[{"taxonomy":"product_brand","embeddable":true,"href":"https:\/\/gardalaser.it\/fr\/wp-json\/wp\/v2\/product_brand?post=4996"},{"taxonomy":"product_cat","embeddable":true,"href":"https:\/\/gardalaser.it\/fr\/wp-json\/wp\/v2\/product_cat?post=4996"},{"taxonomy":"product_tag","embeddable":true,"href":"https:\/\/gardalaser.it\/fr\/wp-json\/wp\/v2\/product_tag?post=4996"}],"curies":[{"name":"wp","href":"https:\/\/api.w.org\/{rel}","templated":true}]}}