{"id":4990,"date":"2022-05-04T10:51:38","date_gmt":"2022-05-04T08:51:38","guid":{"rendered":"https:\/\/gardalaser.it\/prodotto\/occhiali-per-laser-1064nm\/"},"modified":"2024-09-23T09:35:17","modified_gmt":"2024-09-23T07:35:17","slug":"lunettes-laser-1064nm-980nm-940nm","status":"publish","type":"product","link":"https:\/\/gardalaser.it\/fr\/produit\/lunettes-laser-1064nm-980nm-940nm\/","title":{"rendered":"Lunettes laser 1064nm 980nm 940nm"},"content":{"rendered":"<p><strong>Informations sur le produit :<\/strong><\/p>\n<ul>\n<li>Application : Excimer (193 nm), UV (248 nm), Nd:YAG 4x (266 nm), Nd:YAG 3x (355 nm), Ti:Sapphire (800 nm), Diode (808 nm), Diode (940 nm ), Disque (1030 nm), Nd:YAG (1064 nm), CO2 (10600 nm).<\/li>\n<li>VLT (transmission de la lumi\u00e8re visible) : 46%.<\/li>\n<li>Couleur du filtre : vert<\/li>\n<li>Mat\u00e9riau du filtre : plastique sp\u00e9cial<\/li>\n<li>\u00c9paisseur du filtre : 2,0 mm<\/li>\n<li>Couleur de la monture : noir\/blanc<\/li>\n<\/ul>\n<p><strong>Monture pour lunettes ONTOR :<\/strong><\/p>\n<ul>\n<li>Surlunettes sportives en mod\u00e8le \u00e0 une seule lentille<\/li>\n<li>Champ de vision tr\u00e8s large<\/li>\n<li>Ajustement parfait gr\u00e2ce \u00e0 des supports flexibles et r\u00e9glables en longueur<\/li>\n<li>Confort agr\u00e9able gr\u00e2ce au rev\u00eatement en caoutchouc au niveau du front<\/li>\n<\/ul>\n<p>&nbsp;<\/p>\n<table>\n<tbody>\n<tr>\n<td><strong>Longueurs d&#8217;onde (nm)<\/strong><\/td>\n<td><strong>Niveaux de protection<\/strong><\/td>\n<\/tr>\n<tr>\n<td>180-315<\/td>\n<td>D LB10 + IR LB5 + M LB6Y (OD10+)<\/td>\n<\/tr>\n<tr>\n<td>&gt;380-420<\/td>\n<td>D LB5 + IRM LB6 (OD6+)<\/td>\n<\/tr>\n<tr>\n<td>&gt;420-429<\/td>\n<td>DIRM LB5 (OD5+)<\/td>\n<\/tr>\n<tr>\n<td>&gt;429-441<\/td>\n<td>DIRM LB4 (OD4+)<\/td>\n<\/tr>\n<tr>\n<td>&gt;441-450<\/td>\n<td>DIRM LB3 (OD3+)<\/td>\n<\/tr>\n<tr>\n<td>&gt;450-458<\/td>\n<td>DIRM LB2 (OD2+)<\/td>\n<\/tr>\n<tr>\n<td>&gt;458-460<\/td>\n<td>DIRM LB1 (OD1+)<\/td>\n<\/tr>\n<tr>\n<td>663-705<\/td>\n<td>DIRM LB1 (OD1+)<\/td>\n<\/tr>\n<tr>\n<td>&gt;705-715<\/td>\n<td>DIRM LB2 (OD2+)<\/td>\n<\/tr>\n<tr>\n<td>&gt;715-721<\/td>\n<td>DIRM LB3 (OD3+)<\/td>\n<\/tr>\n<tr>\n<td>&gt;721-741<\/td>\n<td>DIRM LB4 (OD4+)<\/td>\n<\/tr>\n<tr>\n<td>&gt;741-753<\/td>\n<td>DIRM LB3 (OD3+)<\/td>\n<\/tr>\n<tr>\n<td>&gt;753-769<\/td>\n<td>DIRM LB4 (OD4+)<\/td>\n<\/tr>\n<tr>\n<td><strong>&gt;769-793<\/strong><\/td>\n<td><strong>DIRM LB5 (OD5+)<\/strong><\/td>\n<\/tr>\n<tr>\n<td><strong>&gt;793-799<\/strong><\/td>\n<td><strong>D LB5 + IRM LB6 (OD6+)<\/strong><\/td>\n<\/tr>\n<tr>\n<td><strong>800-835<\/strong><\/td>\n<td><strong>D LB5 + IR LB7Y + M LB8Y (OD8+)<\/strong><\/td>\n<\/tr>\n<tr>\n<td><strong>&gt;835-840<\/strong><\/td>\n<td><strong>D LB5 + IR LB7Y + M LB7 (OD7+)<\/strong><\/td>\n<\/tr>\n<tr>\n<td><strong>&gt;840-842<\/strong><\/td>\n<td><strong>D LB5 + IRM LB6 (OD6+)<\/strong><\/td>\n<\/tr>\n<tr>\n<td><strong>&gt;842-849<\/strong><\/td>\n<td><strong>DIRM LB5 (OD5+)<\/strong><\/td>\n<\/tr>\n<tr>\n<td>&gt;849-910<\/td>\n<td>DIRM LB4 (OD4+)<\/td>\n<\/tr>\n<tr>\n<td><strong>&gt;910-949<\/strong><\/td>\n<td><strong>DIRM LB5 (OD5+)<\/strong><\/td>\n<\/tr>\n<tr>\n<td><strong>950-1064<\/strong><\/td>\n<td><strong>D LB5 + IRM LB6 (OD6+)<\/strong><\/td>\n<\/tr>\n<tr>\n<td><strong>970-1050<\/strong><\/td>\n<td><strong>D LB5 + IR LB7Y + M LB7 (OD7+)<\/strong><\/td>\n<\/tr>\n<tr>\n<td><strong>&gt;1064-1066<\/strong><\/td>\n<td><strong>DIRM LB5 (OD5+)<\/strong><\/td>\n<\/tr>\n<tr>\n<td>&gt;1066-1077<\/td>\n<td>DIRM LB4 (OD4+)<\/td>\n<\/tr>\n<tr>\n<td>&gt;1077-1091<\/td>\n<td>DIRM LB3 (OD3+)<\/td>\n<\/tr>\n<tr>\n<td>&gt;1091-1110<\/td>\n<td>DIRM LB2 (OD2+)<\/td>\n<\/tr>\n<tr>\n<td>&gt;1110-1141<\/td>\n<td>DIRM LB1 (OD1+)<\/td>\n<\/tr>\n<tr>\n<td>&gt;5165-11500<\/td>\n<td>DI LB4 + R LB3Y (OD4+)<\/td>\n<\/tr>\n<tr>\n<td><\/td>\n<td>PFCE<\/td>\n<\/tr>\n<\/tbody>\n<\/table>\n","protected":false},"excerpt":{"rendered":"<p><strong>Les lunettes de protection laser ONTOR sont des lunettes de protection laser<\/strong> l\u00e9g\u00e8res et polyvalentes, compos\u00e9es d&#8217;une monture en plastique, id\u00e9ales comme sur-lunettes pour les porteurs de lunettes. La monture offre un champ de vision tr\u00e8s large et une large couverture lat\u00e9rale, avec un excellent confort de port gr\u00e2ce aux branches flexibles, r\u00e9glables en longueur et en inclinaison, et au <strong>rembourrage<\/strong> sp\u00e9cial en <strong>caoutchouc souple<\/strong> au niveau du front.<\/p>\n<p>Le <strong>filtre de protection laser 0276<\/strong> est particuli\u00e8rement adapt\u00e9 \u00e0 la protection laser avec <strong>excimer (193 nm), UV (248 nm), Nd:YAG 4x (266 nm), Nd:YAG 3x (355 nm), Ti:saphir (800 nm), diode (808 nm), diode (940 nm), disque (1030 nm), Nd:YAG (1064 nm), fibre (976 &#8211; 1080 nm)<\/strong> et <strong>CO2 (10600 nm)<\/strong>. En outre, le filtre de protection laser couvre \u00e9galement d&#8217;autres gammes de longueurs d&#8217;onde. Le filtre de protection laser est fabriqu\u00e9 dans un plastique vert sp\u00e9cial et convainc par une transmission de la lumi\u00e8re du jour de plus de 46 % et une faible \u00e9paisseur. Le filtre de protection laser est <strong>certifi\u00e9 CE<\/strong> conform\u00e9ment \u00e0 la <strong>norme DIN EN 207<\/strong>.<\/p>\n<p><strong>Lunettes de protection laser classe 4<\/strong><\/p>\n<p><a href=\"https:\/\/gardalaser.it\/wp-content\/uploads\/2024\/03\/DB-000-K0276-ONTO-DE-EN.pdf\"><strong>Fiche technique PDF<\/strong><\/a><\/p>\n<p>&nbsp;<\/p>\n","protected":false},"featured_media":4993,"template":"","meta":{"_acf_changed":false},"product_brand":[],"product_cat":[241],"product_tag":[],"class_list":{"0":"post-4990","1":"product","2":"type-product","3":"status-publish","4":"has-post-thumbnail","6":"tassonomia-dentisterie","7":"tassonomia-enea-fr","8":"tassonomia-enea-duo-fr","9":"tassonomia-esthetique","10":"tassonomia-gynecologie","11":"tassonomia-hygiene-dentaire","12":"tassonomia-l-e-o-plus-fr","13":"tassonomia-oto-rhino-laryngologie","14":"tassonomia-physiotherapie","15":"tassonomia-podologie","16":"tassonomia-veterinaire","17":"tassonomia-zaira-fr","18":"product_cat-lunettes-de-protection","20":"first","21":"instock","22":"taxable","23":"shipping-taxable","24":"purchasable","25":"product-type-simple"},"acf":[],"_links":{"self":[{"href":"https:\/\/gardalaser.it\/fr\/wp-json\/wp\/v2\/product\/4990","targetHints":{"allow":["GET"]}}],"collection":[{"href":"https:\/\/gardalaser.it\/fr\/wp-json\/wp\/v2\/product"}],"about":[{"href":"https:\/\/gardalaser.it\/fr\/wp-json\/wp\/v2\/types\/product"}],"wp:featuredmedia":[{"embeddable":true,"href":"https:\/\/gardalaser.it\/fr\/wp-json\/wp\/v2\/media\/4993"}],"wp:attachment":[{"href":"https:\/\/gardalaser.it\/fr\/wp-json\/wp\/v2\/media?parent=4990"}],"wp:term":[{"taxonomy":"product_brand","embeddable":true,"href":"https:\/\/gardalaser.it\/fr\/wp-json\/wp\/v2\/product_brand?post=4990"},{"taxonomy":"product_cat","embeddable":true,"href":"https:\/\/gardalaser.it\/fr\/wp-json\/wp\/v2\/product_cat?post=4990"},{"taxonomy":"product_tag","embeddable":true,"href":"https:\/\/gardalaser.it\/fr\/wp-json\/wp\/v2\/product_tag?post=4990"}],"curies":[{"name":"wp","href":"https:\/\/api.w.org\/{rel}","templated":true}]}}