{"id":4985,"date":"2022-04-04T13:53:20","date_gmt":"2022-04-04T11:53:20","guid":{"rendered":"https:\/\/gardalaser.it\/prodotto\/occhiali-per-laser-810nm-codice-lg5006\/"},"modified":"2024-09-23T09:32:50","modified_gmt":"2024-09-23T07:32:50","slug":"lunettes-de-protection-laser-810nm","status":"publish","type":"product","link":"https:\/\/gardalaser.it\/fr\/produit\/lunettes-de-protection-laser-810nm\/","title":{"rendered":"Lunettes de protection laser 810nm"},"content":{"rendered":"<p><strong>Description du produit :<\/strong><\/p>\n<ul>\n<li>Application : Diode (808 nm)<\/li>\n<li>VLT (transmission de la lumi\u00e8re visible) : 67%.<\/li>\n<li>Couleur du filtre : rose<\/li>\n<li>Mat\u00e9riau du filtre : polym\u00e8re<\/li>\n<li>Epaisseur du filtre : 2,0 mm<\/li>\n<li>Couleur de la monture : noir\/blanc<\/li>\n<\/ul>\n<p><strong>Monture pour les lunettes ONTOR :<\/strong><\/p>\n<ul>\n<li>lunettes de sport<\/li>\n<li>champ de vision tr\u00e8s large<\/li>\n<li>r\u00e9glage individuel de la longueur et de l&#8217;angle des branches<\/li>\n<li>confort parfait gr\u00e2ce \u00e0 la pi\u00e8ce frontale en mousse<\/li>\n<\/ul>\n<p>&nbsp;<\/p>\n<table>\n<tbody>\n<tr>\n<td><strong>Longueurs d&#8217;onde<\/strong><\/td>\n<td><strong>Niveaux de protection<\/strong><\/td>\n<\/tr>\n<tr>\n<td>180-315<\/td>\n<td>D LB8 + IR LB4 (OD8+)<\/td>\n<\/tr>\n<tr>\n<td>750-755<\/td>\n<td>DIR LB1 (OD1+)<\/td>\n<\/tr>\n<tr>\n<td>756-768<\/td>\n<td>DIR LB2 (OD2+)<\/td>\n<\/tr>\n<tr>\n<td>769-780<\/td>\n<td>DIR LB3 (OD3+)<\/td>\n<\/tr>\n<tr>\n<td>781-800&lt;<\/td>\n<td>DIR LB4 (OD4+)<\/td>\n<\/tr>\n<tr>\n<td><strong>800-820<\/strong><\/td>\n<td><strong>DIR LB5 (OD5+)<\/strong><\/td>\n<\/tr>\n<tr>\n<td>&gt;820-833<\/td>\n<td>DIR LB4 (OD4+)<\/td>\n<\/tr>\n<tr>\n<td>834-843<\/td>\n<td>DIR LB3 (OD3+)<\/td>\n<\/tr>\n<tr>\n<td>844-850<\/td>\n<td>DIR LB2 (OD2+)<\/td>\n<\/tr>\n<tr>\n<td><\/td>\n<td>PF SCE<\/td>\n<\/tr>\n<\/tbody>\n<\/table>\n","protected":false},"excerpt":{"rendered":"<p>ONTOR est une <strong>lunette laser l\u00e9g\u00e8re <\/strong>fabriqu\u00e9e \u00e0 partir de polym\u00e8res sp\u00e9ciaux, la solution parfaite pour une utilisation par-dessus des lunettes de vue. Cette monture offre un large champ de vision et une protection contre les impacts lat\u00e9raux. Les branches peuvent \u00eatre ajust\u00e9es individuellement et une mousse faciale souple et bien \u00e9tanche am\u00e9liore le confort.<\/p>\n<p>Le <strong>filtre de s\u00e9curit\u00e9 laser 0247 <\/strong>est particuli\u00e8rement adapt\u00e9 au laser <strong>\u00e0 diode (808 nm) dans le secteur de la sant\u00e9, <\/strong>mais couvre \u00e9galement d&#8217;autres longueurs d&#8217;onde. Le filtre de s\u00e9curit\u00e9 laser est fabriqu\u00e9 en polycarbonate rose et offre une transmission visuelle de la lumi\u00e8re (VLT) de plus de 60 pour cent et une \u00e9paisseur de filtre r\u00e9duite. Le filtre de s\u00e9curit\u00e9 laser est <strong>certifi\u00e9 CE conform\u00e9ment<\/strong>aux exigences de la <strong>norme EN 207.<\/strong><\/p>\n<p><a href=\"https:\/\/gardalaser.it\/wp-content\/uploads\/2024\/03\/DB-000-K0247-ONTO-DE-EN.pdf\"><strong>Voir le PDF<\/strong><\/a><\/p>\n","protected":false},"featured_media":4988,"template":"","meta":{"_acf_changed":false},"product_brand":[],"product_cat":[241],"product_tag":[],"class_list":{"0":"post-4985","1":"product","2":"type-product","3":"status-publish","4":"has-post-thumbnail","6":"tassonomia-dentisterie","7":"tassonomia-enea-fr","8":"tassonomia-enea-duo-fr","9":"tassonomia-enea-trio-fr","10":"tassonomia-gynecologie","11":"tassonomia-hygiene-dentaire","12":"tassonomia-l-e-o-plus-fr","13":"tassonomia-oto-rhino-laryngologie","14":"tassonomia-physiotherapie","15":"tassonomia-podologie","16":"tassonomia-veterinaire","17":"product_cat-lunettes-de-protection","19":"first","20":"instock","21":"taxable","22":"shipping-taxable","23":"purchasable","24":"product-type-simple"},"acf":[],"_links":{"self":[{"href":"https:\/\/gardalaser.it\/fr\/wp-json\/wp\/v2\/product\/4985","targetHints":{"allow":["GET"]}}],"collection":[{"href":"https:\/\/gardalaser.it\/fr\/wp-json\/wp\/v2\/product"}],"about":[{"href":"https:\/\/gardalaser.it\/fr\/wp-json\/wp\/v2\/types\/product"}],"wp:featuredmedia":[{"embeddable":true,"href":"https:\/\/gardalaser.it\/fr\/wp-json\/wp\/v2\/media\/4988"}],"wp:attachment":[{"href":"https:\/\/gardalaser.it\/fr\/wp-json\/wp\/v2\/media?parent=4985"}],"wp:term":[{"taxonomy":"product_brand","embeddable":true,"href":"https:\/\/gardalaser.it\/fr\/wp-json\/wp\/v2\/product_brand?post=4985"},{"taxonomy":"product_cat","embeddable":true,"href":"https:\/\/gardalaser.it\/fr\/wp-json\/wp\/v2\/product_cat?post=4985"},{"taxonomy":"product_tag","embeddable":true,"href":"https:\/\/gardalaser.it\/fr\/wp-json\/wp\/v2\/product_tag?post=4985"}],"curies":[{"name":"wp","href":"https:\/\/api.w.org\/{rel}","templated":true}]}}