{"id":4979,"date":"2022-05-04T10:45:20","date_gmt":"2022-05-04T08:45:20","guid":{"rendered":"https:\/\/gardalaser.it\/prodotto\/occhiali-per-laser-450nm\/"},"modified":"2024-09-23T09:28:06","modified_gmt":"2024-09-23T07:28:06","slug":"lunettes-pour-lasers-450nm","status":"publish","type":"product","link":"https:\/\/gardalaser.it\/fr\/produit\/lunettes-pour-lasers-450nm\/","title":{"rendered":"Lunettes pour lasers 450nm"},"content":{"rendered":"<p><strong>Informations sur le produit<\/strong><\/p>\n<ul>\n<li>Application : Excimer (193 nm), UV (248 nm), Nd:YAG 3x (355 nm), Nd:YAG 4x (266 nm), Diode (450 nm), Laser \u00e0 lumi\u00e8re bleue (450 &#8211; 480 nm)<\/li>\n<li>VLT (transmission de la lumi\u00e8re visible) : 76%.<\/li>\n<li>Couleur du filtre : jaune<\/li>\n<li>Mat\u00e9riau du filtre : polym\u00e8re<\/li>\n<li>\u00c9paisseur du filtre : 2,0 mm<\/li>\n<li>Couleur de la monture : noir\/blanc<\/li>\n<\/ul>\n<p><strong>Monture pour les lunettes ONTOR :<\/strong><\/p>\n<ul>\n<li>lunettes de sport<\/li>\n<li>champ de vision tr\u00e8s large<\/li>\n<li>r\u00e9glage individuel de la longueur et de l&#8217;angle des branches<\/li>\n<li>confort parfait gr\u00e2ce \u00e0 la mousse faciale caoutchout\u00e9e<\/li>\n<\/ul>\n<p>&nbsp;<\/p>\n<table>\n<tbody>\n<tr>\n<td><strong>Longueurs d&#8217;onde<\/strong><\/td>\n<td><strong>Niveaux de protection<\/strong><\/td>\n<\/tr>\n<tr>\n<td>180-315<\/td>\n<td>D LB10 + IR LB5 + M LB6Y (OD10+)<\/td>\n<\/tr>\n<tr>\n<td><strong>&gt;315-465<\/strong><\/td>\n<td><strong>D LB6 + I LB7 + R LB8 + M LB7Y (OD8+)<\/strong><\/td>\n<\/tr>\n<tr>\n<td><strong>&gt;465-470<\/strong><\/td>\n<td><strong>D LB6 + IR LB7 + M LB7Y (OD7+)<\/strong><\/td>\n<\/tr>\n<tr>\n<td><strong>&gt;470-475<\/strong><\/td>\n<td><strong>DIRM LB5 (OD5+)<\/strong><\/td>\n<\/tr>\n<tr>\n<td>&gt;475-480<\/td>\n<td>DIRM LB4 (OD4+)<\/td>\n<\/tr>\n<tr>\n<td>&gt;480-485<\/td>\n<td>DIRM LB3 (OD3+)<\/td>\n<\/tr>\n<tr>\n<td>&gt;485-490<\/td>\n<td>DIRM LB2 (OD2+)<\/td>\n<\/tr>\n<tr>\n<td>&gt;490-498<\/td>\n<td>DIRM LB1 (OD1+)<\/td>\n<\/tr>\n<tr>\n<td><\/td>\n<td>PFCE<\/td>\n<\/tr>\n<\/tbody>\n<\/table>\n","protected":false},"excerpt":{"rendered":"<p>ONTOR est une <strong>lunette de s\u00e9curit\u00e9 laser l\u00e9g\u00e8re <\/strong>, fabriqu\u00e9e \u00e0 partir de polym\u00e8res sp\u00e9ciaux, qui constitue la solution parfaite pour \u00eatre port\u00e9e par-dessus des lunettes de vue. Cette monture offre un large champ de vision et une protection contre les impacts lat\u00e9raux. Les branches peuvent \u00eatre ajust\u00e9es individuellement et une mousse faciale souple et bien \u00e9tanche am\u00e9liore le confort.<\/p>\n<p>Le <strong>filtre<\/strong> <strong>de s\u00e9curit\u00e9 laser 0368 <\/strong>convient principalement aux puissants <strong>lasers<\/strong> <strong>\u00e0 excim\u00e8re, UV, Nd:YAG harmoniques (4x, 3x)<\/strong>et <strong>diodes, mais le filtre couvre \u00e9galement d&#8217;autres longueurs d&#8217;onde laser.<\/strong> Le filtre de s\u00e9curit\u00e9 laser est fabriqu\u00e9 dans un plastique jaune sp\u00e9cial et offre une transmission visuelle de la lumi\u00e8re (VLT) de 76% et une \u00e9paisseur de filtre r\u00e9duite. Le filtre de s\u00e9curit\u00e9 laser est <strong>certifi\u00e9 CE<\/strong> conform\u00e9ment aux exigences de la <strong>norme EN 207<\/strong>.<\/p>\n<p><a href=\"https:\/\/gardalaser.it\/wp-content\/uploads\/2024\/03\/000-k0368-onto-54-laser-safety-eyewear-ontor-filter-0368-frame-color-black-white-suitable-also-for-spectacles-wearer-.pdf\"><strong>Voir le PDF<\/strong><\/a><\/p>\n<p>&nbsp;<\/p>\n","protected":false},"featured_media":4983,"template":"","meta":{"_acf_changed":false},"product_brand":[],"product_cat":[241],"product_tag":[],"class_list":{"0":"post-4979","1":"product","2":"type-product","3":"status-publish","4":"has-post-thumbnail","6":"tassonomia-dentisterie","7":"tassonomia-enea-duo-fr","8":"tassonomia-enea-trio-fr","9":"tassonomia-ermes-fr","10":"tassonomia-gynecologie","11":"tassonomia-hygiene-dentaire","12":"tassonomia-oto-rhino-laryngologie","13":"tassonomia-physiotherapie","14":"tassonomia-podologie","15":"tassonomia-veterinaire","16":"product_cat-lunettes-de-protection","18":"first","19":"instock","20":"taxable","21":"shipping-taxable","22":"purchasable","23":"product-type-simple"},"acf":[],"_links":{"self":[{"href":"https:\/\/gardalaser.it\/fr\/wp-json\/wp\/v2\/product\/4979","targetHints":{"allow":["GET"]}}],"collection":[{"href":"https:\/\/gardalaser.it\/fr\/wp-json\/wp\/v2\/product"}],"about":[{"href":"https:\/\/gardalaser.it\/fr\/wp-json\/wp\/v2\/types\/product"}],"wp:featuredmedia":[{"embeddable":true,"href":"https:\/\/gardalaser.it\/fr\/wp-json\/wp\/v2\/media\/4983"}],"wp:attachment":[{"href":"https:\/\/gardalaser.it\/fr\/wp-json\/wp\/v2\/media?parent=4979"}],"wp:term":[{"taxonomy":"product_brand","embeddable":true,"href":"https:\/\/gardalaser.it\/fr\/wp-json\/wp\/v2\/product_brand?post=4979"},{"taxonomy":"product_cat","embeddable":true,"href":"https:\/\/gardalaser.it\/fr\/wp-json\/wp\/v2\/product_cat?post=4979"},{"taxonomy":"product_tag","embeddable":true,"href":"https:\/\/gardalaser.it\/fr\/wp-json\/wp\/v2\/product_tag?post=4979"}],"curies":[{"name":"wp","href":"https:\/\/api.w.org\/{rel}","templated":true}]}}