{"id":4969,"date":"2022-04-21T17:05:58","date_gmt":"2022-04-21T15:05:58","guid":{"rendered":"https:\/\/gardalaser.it\/prodotto\/caricabatterie-pedale-wireless\/"},"modified":"2024-09-23T09:21:14","modified_gmt":"2024-09-23T07:21:14","slug":"chargeur-de-pedales-sans-fil","status":"publish","type":"product","link":"https:\/\/gardalaser.it\/fr\/produit\/chargeur-de-pedales-sans-fil\/","title":{"rendered":"Chargeur de p\u00e9dales sans fil"},"content":{"rendered":"<ul>\n<li>5W (5V 1 A)<\/li>\n<\/ul>\n","protected":false},"excerpt":{"rendered":"<p>Alimentation m\u00e9dicale certifi\u00e9e utilis\u00e9e pour charger la batterie interne de la p\u00e9dale<\/p>\n","protected":false},"featured_media":4970,"template":"","meta":{"_acf_changed":false},"product_brand":[],"product_cat":[240],"product_tag":[],"class_list":{"0":"post-4969","1":"product","2":"type-product","3":"status-publish","4":"has-post-thumbnail","6":"tassonomia-l-e-o-plus-fr","7":"product_cat-divers","9":"first","10":"instock","11":"taxable","12":"shipping-taxable","13":"purchasable","14":"product-type-simple"},"acf":[],"_links":{"self":[{"href":"https:\/\/gardalaser.it\/fr\/wp-json\/wp\/v2\/product\/4969","targetHints":{"allow":["GET"]}}],"collection":[{"href":"https:\/\/gardalaser.it\/fr\/wp-json\/wp\/v2\/product"}],"about":[{"href":"https:\/\/gardalaser.it\/fr\/wp-json\/wp\/v2\/types\/product"}],"wp:featuredmedia":[{"embeddable":true,"href":"https:\/\/gardalaser.it\/fr\/wp-json\/wp\/v2\/media\/4970"}],"wp:attachment":[{"href":"https:\/\/gardalaser.it\/fr\/wp-json\/wp\/v2\/media?parent=4969"}],"wp:term":[{"taxonomy":"product_brand","embeddable":true,"href":"https:\/\/gardalaser.it\/fr\/wp-json\/wp\/v2\/product_brand?post=4969"},{"taxonomy":"product_cat","embeddable":true,"href":"https:\/\/gardalaser.it\/fr\/wp-json\/wp\/v2\/product_cat?post=4969"},{"taxonomy":"product_tag","embeddable":true,"href":"https:\/\/gardalaser.it\/fr\/wp-json\/wp\/v2\/product_tag?post=4969"}],"curies":[{"name":"wp","href":"https:\/\/api.w.org\/{rel}","templated":true}]}}