{"id":4964,"date":"2022-04-21T17:03:18","date_gmt":"2022-04-21T15:03:18","guid":{"rendered":"https:\/\/gardalaser.it\/prodotto\/caricabatterie-dispositivo\/"},"modified":"2024-09-23T09:18:23","modified_gmt":"2024-09-23T07:18:23","slug":"chargeur-de-lappareil","status":"publish","type":"product","link":"https:\/\/gardalaser.it\/fr\/produit\/chargeur-de-lappareil\/","title":{"rendered":"Chargeur de l&#8217;appareil"},"content":{"rendered":"<ul>\n<li>60W (15V 4 A)<\/li>\n<li>90W (15V 6 A)<\/li>\n<\/ul>\n","protected":false},"excerpt":{"rendered":"<p>Alimentation \u00e9lectrique m\u00e9dicale certifi\u00e9e utilis\u00e9e pour charger la batterie interne de l&#8217;appareil laser<\/p>\n","protected":false},"featured_media":4965,"template":"","meta":{"_acf_changed":false},"product_brand":[],"product_cat":[240],"product_tag":[],"class_list":{"0":"post-4964","1":"product","2":"type-product","3":"status-publish","4":"has-post-thumbnail","6":"tassonomia-enea-fr","7":"tassonomia-enea-duo-fr","8":"tassonomia-ermes-fr","9":"tassonomia-l-e-o-plus-fr","10":"tassonomia-zaira-fr","11":"product_cat-divers","13":"first","14":"instock","15":"taxable","16":"shipping-taxable","17":"purchasable","18":"product-type-variable"},"acf":[],"_links":{"self":[{"href":"https:\/\/gardalaser.it\/fr\/wp-json\/wp\/v2\/product\/4964","targetHints":{"allow":["GET"]}}],"collection":[{"href":"https:\/\/gardalaser.it\/fr\/wp-json\/wp\/v2\/product"}],"about":[{"href":"https:\/\/gardalaser.it\/fr\/wp-json\/wp\/v2\/types\/product"}],"wp:featuredmedia":[{"embeddable":true,"href":"https:\/\/gardalaser.it\/fr\/wp-json\/wp\/v2\/media\/4965"}],"wp:attachment":[{"href":"https:\/\/gardalaser.it\/fr\/wp-json\/wp\/v2\/media?parent=4964"}],"wp:term":[{"taxonomy":"product_brand","embeddable":true,"href":"https:\/\/gardalaser.it\/fr\/wp-json\/wp\/v2\/product_brand?post=4964"},{"taxonomy":"product_cat","embeddable":true,"href":"https:\/\/gardalaser.it\/fr\/wp-json\/wp\/v2\/product_cat?post=4964"},{"taxonomy":"product_tag","embeddable":true,"href":"https:\/\/gardalaser.it\/fr\/wp-json\/wp\/v2\/product_tag?post=4964"}],"curies":[{"name":"wp","href":"https:\/\/api.w.org\/{rel}","templated":true}]}}