{"id":7808,"date":"2026-03-12T16:16:31","date_gmt":"2026-03-12T15:16:31","guid":{"rendered":"https:\/\/gardalaser.it\/prodotto\/casco-di-sicurezza-laser-per-laser-portatili-e-per-tutti-i-lavori-di-saldatura\/"},"modified":"2026-03-12T16:52:12","modified_gmt":"2026-03-12T15:52:12","slug":"casco-de-seguridad-laser-para-laseres-portatiles-y-todos-los-trabajos-de-soldadura","status":"publish","type":"product","link":"https:\/\/gardalaser.it\/es\/producto\/casco-de-seguridad-laser-para-laseres-portatiles-y-todos-los-trabajos-de-soldadura\/","title":{"rendered":"Casco de seguridad l\u00e1ser para l\u00e1seres port\u00e1tiles"},"content":{"rendered":"","protected":false},"excerpt":{"rendered":"<p>Casco de seguridad l\u00e1ser para l\u00e1seres port\u00e1tiles y para todos los trabajos de soldadura.<\/p>\n<p>Para l\u00e1seres port\u00e1tiles y todos los trabajos de soldadura con protecci\u00f3n l\u00e1ser permanente y filtro de oscurecimiento autom\u00e1tico (ADF) conmutable.<br \/>\nAdecuado tambi\u00e9n para trabajos mec\u00e1nicos y con amoladoras angulares.<\/p>\n<p>PDF &gt; <a href=\"https:\/\/gardalaser.it\/wp-content\/uploads\/2026\/03\/EU-Declaration-of-conformity-LSSH-MAXIMUS.pdf\" target=\"_blank\" rel=\"noopener\"><strong>Declaraci\u00f3n UE de<\/strong> <strong>conformidad<\/strong><\/a><br \/>\nPDF &gt; <a href=\"https:\/\/gardalaser.it\/wp-content\/uploads\/2026\/03\/Datenblatt-Helm-Maximus-400-HELM-LASER-WELD.pdf\" target=\"_blank\" rel=\"noopener\"><strong>Ficha t\u00e9cnica<\/strong><\/a><\/p>\n<p><strong>Certificado seg\u00fan <\/strong><br \/>\nEN 207 (950 &#8211; 1100 nm D LB7*)<br \/>\nISO 16321 (16321 PF W4\/6-8\/9-13 V1 E 9)<\/p>\n<p><strong>Resistencia a impactos de alta velocidad <\/strong><br \/>\nNivel de impacto E<\/p>\n<p><strong>Color<\/strong><br \/>\nNegro\/Antracita<\/p>\n<p><strong>ADF<\/strong><br \/>\nRango de ajuste 4\/6-8 (9-13)<br \/>\nTiempo de conmutaci\u00f3n 150 \u00b5s<br \/>\nLarga vida \u00fatil<br \/>\nRegulaci\u00f3n de luminosidad ajustable y autom\u00e1tica<\/p>\n<p><strong>Campo de visi\u00f3n<\/strong><br \/>\nAmplio campo de visi\u00f3n 96&#215;68,5 mm<\/p>\n<p><strong>Caracter\u00edsticas adicionales:<\/strong><br \/>\nCobertura de un \u00e1rea m\u00e1s amplia. Garantiza la protecci\u00f3n de los ojos y del rostro.<br \/>\nMejor disipaci\u00f3n del calor gracias a la amplia superficie.<br \/>\nCalota de aluminio resistente a altas temperaturas (hasta 600 \u00b0C, muy superior a la de los cascos de soldadura est\u00e1ndar).<br \/>\nSoporte para la cabeza flexible y ajustable.<\/p>\n","protected":false},"featured_media":7773,"template":"","meta":{"_acf_changed":false},"product_brand":[],"product_cat":[316],"product_tag":[],"class_list":{"0":"post-7808","1":"product","2":"type-product","3":"status-publish","4":"has-post-thumbnail","6":"product_cat-industria-manufacturera-e-investigacion-y-desarrollo","8":"first","9":"instock","10":"taxable","11":"shipping-taxable","12":"purchasable","13":"product-type-simple"},"acf":[],"_links":{"self":[{"href":"https:\/\/gardalaser.it\/es\/wp-json\/wp\/v2\/product\/7808","targetHints":{"allow":["GET"]}}],"collection":[{"href":"https:\/\/gardalaser.it\/es\/wp-json\/wp\/v2\/product"}],"about":[{"href":"https:\/\/gardalaser.it\/es\/wp-json\/wp\/v2\/types\/product"}],"wp:featuredmedia":[{"embeddable":true,"href":"https:\/\/gardalaser.it\/es\/wp-json\/wp\/v2\/media\/7773"}],"wp:attachment":[{"href":"https:\/\/gardalaser.it\/es\/wp-json\/wp\/v2\/media?parent=7808"}],"wp:term":[{"taxonomy":"product_brand","embeddable":true,"href":"https:\/\/gardalaser.it\/es\/wp-json\/wp\/v2\/product_brand?post=7808"},{"taxonomy":"product_cat","embeddable":true,"href":"https:\/\/gardalaser.it\/es\/wp-json\/wp\/v2\/product_cat?post=7808"},{"taxonomy":"product_tag","embeddable":true,"href":"https:\/\/gardalaser.it\/es\/wp-json\/wp\/v2\/product_tag?post=7808"}],"curies":[{"name":"wp","href":"https:\/\/api.w.org\/{rel}","templated":true}]}}