{"id":7761,"date":"2026-03-12T15:31:26","date_gmt":"2026-03-12T14:31:26","guid":{"rendered":"https:\/\/gardalaser.it\/prodotto\/casco-di-sicurezza-per-saldatura-laser-e-lavori-meccaninci-con-protezione-antiabbagliamento-commutabile-adf\/"},"modified":"2026-03-12T15:58:12","modified_gmt":"2026-03-12T14:58:12","slug":"casco-de-seguridad-para-soldadura-laser-y-trabajos-mecanicos-con-proteccion-antideslumbrante-conmutable","status":"publish","type":"product","link":"https:\/\/gardalaser.it\/es\/producto\/casco-de-seguridad-para-soldadura-laser-y-trabajos-mecanicos-con-proteccion-antideslumbrante-conmutable\/","title":{"rendered":"Casco de soldadura l\u00e1ser"},"content":{"rendered":"","protected":false},"excerpt":{"rendered":"<p><strong>Casco de seguridad l\u00e1ser para l\u00e1seres port\u00e1tiles<\/strong> y para todos los trabajos de soldadura.<br \/>\nCon protecci\u00f3n l\u00e1ser permanente y protecci\u00f3n antideslumbramiento autom\u00e1tica conmutable (<strong>ADF<\/strong>) para trabajos de soldadura y mec\u00e1nicos con amoladoras angulares<\/p>\n<p>PDF &gt; <a href=\"https:\/\/gardalaser.it\/wp-content\/uploads\/2026\/03\/EG-Konformitatserklarung-MAXIMUS-TROOPER-2025.pdf\" target=\"_blank\" rel=\"noopener\"><strong>Declaraci\u00f3n de conformidad de la UE<\/strong><\/a><br \/>\nPDF &gt; <strong><a href=\"https:\/\/gardalaser.it\/wp-content\/uploads\/2026\/03\/Datenblatt-Helm-Trooper-400-HELM-MAX-TROOPER.pdf\" target=\"_blank\" rel=\"noopener\">Ficha informativa<\/a><br \/>\n<\/strong>PDF &gt; <strong><a href=\"https:\/\/gardalaser.it\/wp-content\/uploads\/2026\/03\/MAXIMUS-Trooper-Informationen_1.76b0f71e.webp\" target=\"_blank\" rel=\"noopener\">MAXIMUS Trooper <\/a><\/strong><\/p>\n<p><strong>Color: <\/strong>negro\/antracita<\/p>\n<p><strong>Certificado seg\u00fan ISO 16321 y EN 207<br \/>\n<\/strong>1000-1100D LB7 + IR LB8 PF CE (OD 8+)<br \/>\n16321 PF W2\/4-8\/8-12 V2 E 1-M<\/p>\n<p><strong>ADF<br \/>\n<\/strong>estado abierto y claro: VLT (A) 19 %<br \/>\nProtecci\u00f3n antideslumbramiento autom\u00e1tica: tonalidad 4-8\/8-12<br \/>\nTiempos de conmutaci\u00f3n ADF r\u00e1pidos de 40 \u00b5s<\/p>\n<p><strong>\u00c1rea visible<br \/>\n<\/strong>Campo de visi\u00f3n: 96 x 46,5 mm<br \/>\nAmplio campo de visi\u00f3n gracias a la corta distancia entre el ojo y el ADF.<\/p>\n<p><strong>Peso<br \/>\n<\/strong>624 g (casco m\u00e1s ligero)<\/p>\n<p><strong>Caracter\u00edsticas adicionales<br \/>\n<\/strong>Carcasa de aluminio resistente a altas temperaturas (hasta 600 \u00b0C)<br \/>\nSoporte para la cabeza flexible y ajustable<br \/>\nDise\u00f1o ergon\u00f3mico<\/p>\n<p>&nbsp;<\/p>\n","protected":false},"featured_media":7718,"template":"","meta":{"_acf_changed":false},"product_brand":[],"product_cat":[316],"product_tag":[],"class_list":{"0":"post-7761","1":"product","2":"type-product","3":"status-publish","4":"has-post-thumbnail","6":"product_cat-industria-manufacturera-e-investigacion-y-desarrollo","8":"first","9":"instock","10":"taxable","11":"shipping-taxable","12":"purchasable","13":"product-type-simple"},"acf":[],"_links":{"self":[{"href":"https:\/\/gardalaser.it\/es\/wp-json\/wp\/v2\/product\/7761","targetHints":{"allow":["GET"]}}],"collection":[{"href":"https:\/\/gardalaser.it\/es\/wp-json\/wp\/v2\/product"}],"about":[{"href":"https:\/\/gardalaser.it\/es\/wp-json\/wp\/v2\/types\/product"}],"wp:featuredmedia":[{"embeddable":true,"href":"https:\/\/gardalaser.it\/es\/wp-json\/wp\/v2\/media\/7718"}],"wp:attachment":[{"href":"https:\/\/gardalaser.it\/es\/wp-json\/wp\/v2\/media?parent=7761"}],"wp:term":[{"taxonomy":"product_brand","embeddable":true,"href":"https:\/\/gardalaser.it\/es\/wp-json\/wp\/v2\/product_brand?post=7761"},{"taxonomy":"product_cat","embeddable":true,"href":"https:\/\/gardalaser.it\/es\/wp-json\/wp\/v2\/product_cat?post=7761"},{"taxonomy":"product_tag","embeddable":true,"href":"https:\/\/gardalaser.it\/es\/wp-json\/wp\/v2\/product_tag?post=7761"}],"curies":[{"name":"wp","href":"https:\/\/api.w.org\/{rel}","templated":true}]}}