{"id":7685,"date":"2026-03-12T14:17:02","date_gmt":"2026-03-12T13:17:02","guid":{"rendered":"https:\/\/gardalaser.it\/prodotto\/occhiali-di-protezione-laser-193nm-248nm-266nm-355nm-532nm-755nm-940nm-980nm-1064nm-10600nm\/"},"modified":"2026-03-12T14:45:15","modified_gmt":"2026-03-12T13:45:15","slug":"gafas-de-seguridad-laser-193nm-248nm-266nm-355nm-532nm-755nm-940nm-980nm-1064nm-10600nm","status":"publish","type":"product","link":"https:\/\/gardalaser.it\/es\/producto\/gafas-de-seguridad-laser-193nm-248nm-266nm-355nm-532nm-755nm-940nm-980nm-1064nm-10600nm\/","title":{"rendered":"Gafas de seguridad l\u00e1ser 193nm \u2013 248nm \u2013 266nm \u2013 355nm \u2013 532nm \u2013 755nm \u2013 940nm \u2013 980nm \u2013 1064nm \u2013 10600nm"},"content":{"rendered":"<table>\n<tbody>\n<tr>\n<td><strong>Longitudes de onda<\/strong><\/td>\n<td><strong>Niveles de protecci\u00f3n<\/strong><\/td>\n<\/tr>\n<tr>\n<td>180-315<\/td>\n<td>D LB10 + IR LB5 + M LB6Y (OD10+)<\/td>\n<\/tr>\n<tr>\n<td>&gt;315-532<\/td>\n<td>D LB6 + IR LB8 + M LB9 (OD9+)<\/td>\n<\/tr>\n<tr>\n<td>533-538<\/td>\n<td>DIRM LB5 (OD5+)<\/td>\n<\/tr>\n<tr>\n<td>539-542<\/td>\n<td>DIRM LB4 (OD4+)<\/td>\n<\/tr>\n<tr>\n<td>543-545<\/td>\n<td>DIRM LB3 (OD3+)<\/td>\n<\/tr>\n<tr>\n<td>546-550<\/td>\n<td>DIRM LB2 (OD2+)<\/td>\n<\/tr>\n<tr>\n<td>551-558<\/td>\n<td>DIRM LB1 (OD1+)<\/td>\n<\/tr>\n<tr>\n<td>622-648<\/td>\n<td>DIRM LB1 (OD1+)<\/td>\n<\/tr>\n<tr>\n<td>649-660<\/td>\n<td>DIRM LB2 (OD2+)<\/td>\n<\/tr>\n<tr>\n<td>661-696<\/td>\n<td>DIRM LB3 (OD3+)<\/td>\n<\/tr>\n<tr>\n<td>697-711<\/td>\n<td>DIRM LB4 (OD4+)<\/td>\n<\/tr>\n<tr>\n<td>712-719<\/td>\n<td>DIRM LB5 (OD5+)<\/td>\n<\/tr>\n<tr>\n<td>720-722<\/td>\n<td>DIRM LB6 (OD6+)<\/td>\n<\/tr>\n<tr>\n<td>723-734<\/td>\n<td>D LB6 + IR LB7 + M LB7Y (OD7+)<\/td>\n<\/tr>\n<tr>\n<td>735-770<\/td>\n<td>D LB6 + IR LB8 + M LB7Y (OD8+)<\/td>\n<\/tr>\n<tr>\n<td>771-815<\/td>\n<td>DIRM LB6 (OD6+)<\/td>\n<\/tr>\n<tr>\n<td>816-825<\/td>\n<td>D LB6 + IRM LB7 (OD7+)<\/td>\n<\/tr>\n<tr>\n<td>826-839<\/td>\n<td>D LB6 + IRM LB8 (OD8+)<\/td>\n<\/tr>\n<tr>\n<td>840-1080<\/td>\n<td>D LB6 + IRM LB8 (OD8+)<\/td>\n<\/tr>\n<tr>\n<td>950-1065<\/td>\n<td>D LB6 + IRM LB9 (OD9+)<\/td>\n<\/tr>\n<tr>\n<td>1081-1087<\/td>\n<td>DIRM LB6 (OD6+)<\/td>\n<\/tr>\n<tr>\n<td>1088-1098<\/td>\n<td>DIRM LB5 (OD5+)<\/td>\n<\/tr>\n<tr>\n<td>1099-1109<\/td>\n<td>DIRM LB4 (OD4+)<\/td>\n<\/tr>\n<tr>\n<td>1110-1123<\/td>\n<td>DIRM LB3 (OD3+)<\/td>\n<\/tr>\n<tr>\n<td>1124-1141<\/td>\n<td>DIRM LB2 (OD2+)<\/td>\n<\/tr>\n<tr>\n<td>1142-1170<\/td>\n<td>DIRM LB1 (OD1+)<\/td>\n<\/tr>\n<tr>\n<td>4785-5040<\/td>\n<td>LB4+R LB3Y (OD4+)<\/td>\n<\/tr>\n<tr>\n<td>5041-5150<\/td>\n<td>DI LB3+R LB3Y (OD3+)<\/td>\n<\/tr>\n<tr>\n<td>5151-11500<\/td>\n<td>LB4+R LB3Y (OD4+)<\/td>\n<\/tr>\n<tr>\n<td><\/td>\n<td>PF CE<\/td>\n<\/tr>\n<\/tbody>\n<\/table>\n","protected":false},"excerpt":{"rendered":"<p>ONTOR es una <strong>gafa de seguridad l\u00e1ser ligera, fabricada con<\/strong> pol\u00edmeros especiales, perfecta para llevar sobre gafas graduadas. Esta montura ofrece un amplio campo de visi\u00f3n y protecci\u00f3n contra impactos laterales. Las sienes son ajustables individualmente y una espuma facial suave y sellada mejora la comodidad.<\/p>\n<p>&nbsp;<\/p>\n<p>El <strong>filtro de seguridad l\u00e1ser 0273 es adecuado para muchos l\u00e1seres en el rango de luz IR, como Alexandrit (755 nm), Diode (940-980 nm) y Nd:YAG (1064 nm). Pero el filtro tambi\u00e9n cubre muchas longitudes de onda l\u00e1ser en el sector UV, como Excimer (193 nm), UV (248 nm) y arm\u00f3nico Nd:YAG (266 nm + 355 nm + 532 nm). El filtro de seguridad l\u00e1ser est\u00e1 compuesto por pl\u00e1sticos marrones especiales y ofrece una transmisi\u00f3n de luz visible (VLT) del 15% y un grosor reducido del filtro. El filtro de seguridad l\u00e1ser est\u00e1 certificado CE conforme a los requisitos de la EN 207.<\/strong><\/p>\n<p>&nbsp;<\/p>\n<p>PDF &gt; <a href=\"https:\/\/gardalaser.it\/wp-content\/uploads\/2026\/03\/Datenblatt-000-K0273-ONTO-54-DE-EN-12.09.2024.pdf\" target=\"_blank\" rel=\"noopener\"><strong>Ficha T\u00e9cnica<\/strong><\/a><\/p>\n<p>PDF &gt; <a href=\"https:\/\/gardalaser.it\/wp-content\/uploads\/2026\/03\/EU-Declaration-of-conformity-Filter-0273.pdf\" target=\"_blank\" rel=\"noopener\"><strong>Declaraci\u00f3n de conformidad de la UE<\/strong><\/a><\/p>\n<p>&nbsp;<\/p>\n<p><strong>Informaci\u00f3n:<\/strong><\/p>\n<ul>\n<li>Aplicaci\u00f3n: Exc\u00edmeros (193 nm), UV (248 nm), Nd:YAG 4x (266 nm), Nd:YAG 3x (355 nm), Nd:YAG 2x (532 nm), Alejandrita (755 nm), Diodo (940 \u2013 980 nm), Nd:YAG (1064 nm), CO2 (10600 nm)<\/li>\n<li>VLT (transmisi\u00f3n de luz visible): 15%<\/li>\n<li>Color del filtro: marr\u00f3n<\/li>\n<li>Material del filtro: pol\u00edmero<\/li>\n<li>Espesor del filtro: 2,0 mm<\/li>\n<li>Color de la montura: negro\/blanco<\/li>\n<\/ul>\n<p>&nbsp;<\/p>\n<p><strong>Montura para gafas ONTOR:<\/strong><\/p>\n<ul>\n<li>gafas deportivas<\/li>\n<li>campo visual muy amplio<\/li>\n<li>ajuste individual de la longitud y del \u00e1ngulo de las patillas<\/li>\n<li>confort perfecto gracias a la espuma facial engomada<\/li>\n<\/ul>\n","protected":false},"featured_media":7661,"template":"","meta":{"_acf_changed":false},"product_brand":[],"product_cat":[281],"product_tag":[],"class_list":{"0":"post-7685","1":"product","2":"type-product","3":"status-publish","4":"has-post-thumbnail","6":"tassonomia-enea-es","7":"tassonomia-enea-duo-es","8":"tassonomia-enea-trio-es","9":"tassonomia-ermes-es","10":"tassonomia-fisioterapia","11":"tassonomia-ginecologia","12":"tassonomia-higiene-dental","13":"tassonomia-l-e-o-plus-es","14":"tassonomia-odontologia","15":"tassonomia-otorrinolaringologia","16":"tassonomia-podologia","17":"tassonomia-veterinario","18":"tassonomia-zaira-es","19":"product_cat-gafas-de-proteccion","21":"first","22":"instock","23":"taxable","24":"shipping-taxable","25":"purchasable","26":"product-type-simple"},"acf":[],"_links":{"self":[{"href":"https:\/\/gardalaser.it\/es\/wp-json\/wp\/v2\/product\/7685","targetHints":{"allow":["GET"]}}],"collection":[{"href":"https:\/\/gardalaser.it\/es\/wp-json\/wp\/v2\/product"}],"about":[{"href":"https:\/\/gardalaser.it\/es\/wp-json\/wp\/v2\/types\/product"}],"wp:featuredmedia":[{"embeddable":true,"href":"https:\/\/gardalaser.it\/es\/wp-json\/wp\/v2\/media\/7661"}],"wp:attachment":[{"href":"https:\/\/gardalaser.it\/es\/wp-json\/wp\/v2\/media?parent=7685"}],"wp:term":[{"taxonomy":"product_brand","embeddable":true,"href":"https:\/\/gardalaser.it\/es\/wp-json\/wp\/v2\/product_brand?post=7685"},{"taxonomy":"product_cat","embeddable":true,"href":"https:\/\/gardalaser.it\/es\/wp-json\/wp\/v2\/product_cat?post=7685"},{"taxonomy":"product_tag","embeddable":true,"href":"https:\/\/gardalaser.it\/es\/wp-json\/wp\/v2\/product_tag?post=7685"}],"curies":[{"name":"wp","href":"https:\/\/api.w.org\/{rel}","templated":true}]}}