{"id":7500,"date":"2026-03-10T16:37:17","date_gmt":"2026-03-10T15:37:17","guid":{"rendered":"https:\/\/gardalaser.it\/prodotto\/occhiali-di-protezione-laser-con-lente-dingrandimento-3x\/"},"modified":"2026-03-12T17:19:53","modified_gmt":"2026-03-12T16:19:53","slug":"gafas-de-seguridad-laser-con-lupa-3x","status":"publish","type":"product","link":"https:\/\/gardalaser.it\/es\/producto\/gafas-de-seguridad-laser-con-lupa-3x\/","title":{"rendered":"Gafas de seguridad l\u00e1ser con lupa 3x"},"content":{"rendered":"<p><strong>Lente informativa:<\/strong><\/p>\n<ul>\n<li>Aumento: 3,0 x<\/li>\n<li>Distancia de trabajo: seleccionable (especificar al hacer el pedido)<\/li>\n<li>Sistema de propinas<\/li>\n<\/ul>\n<p>&nbsp;<\/p>\n<p><strong>Marco informativo: ONTOR<\/strong><\/p>\n<ul>\n<li>Gafas deportivas<\/li>\n<li>Campo de visi\u00f3n muy amplio<\/li>\n<li>ajuste individual de la longitud y el \u00e1ngulo de las templas<\/li>\n<li>Confort perfecto gracias a la espuma facial gomosa<\/li>\n<\/ul>\n","protected":false},"excerpt":{"rendered":"<p><strong>Gracias a las gafas de seguridad con lupa ONTOR en el trabajo o a las gafas de protecci\u00f3n l\u00e1ser, los tratamientos l\u00e1ser pueden realizarse con la m\u00e1xima precisi\u00f3n.<\/strong><\/p>\n<p><strong>Lupa magn\u00e9tica. Nuestro magnificador magn\u00e9tico con cabeza elevada est\u00e1 disponible con un aumento de <\/strong>3x y permite una distancia de trabajo de 350 mm. Consiste en una lente de cristal multicapa de alta calidad con distancia interpupilar y \u00e1ngulo de declinaci\u00f3n totalmente ajustables. Gracias al probado sistema de clic magn\u00e9tico, la lupa con cabeza elevada puede usarse inmediatamente en nuestros modelos ONTOR.<\/p>\n<p><strong>Lupa de extensi\u00f3n ascendente StarVision<\/strong><br \/>\nLas \u00f3pticas de alta resoluci\u00f3n proporcionan una visi\u00f3n brillante y resplandeciente. La alta profundidad de campo y la imagen de bordes n\u00edtidos resultan convincentes. Para una iluminaci\u00f3n \u00f3ptima del campo de tratamiento, la lupa con cabeza elevada puede equiparse con una luz LED. Gracias al c\u00f3modo sistema de inclinaci\u00f3n, la lupa puede girarse hacia arriba, asegurando el contacto visual con el paciente y la flexibilidad para trabajar en la rutina diaria de pr\u00e1ctica. La desinfecci\u00f3n es posible con un desinfectante h\u00famedo y libre de alcohol para la superficie.<\/p>\n<p><strong>Para proceder con la compra y recibir el producto terminado:<\/strong><\/p>\n<ol>\n<li>P\u00f3ngase en contacto con nuestro Equipo T\u00e9cnico escribi\u00e9ndonos a la direcci\u00f3n de correo electr\u00f3nico <a href=\"mailto:info@gardalaser.it\">info@gardalaser.it<\/a> o ll\u00e1menos al n\u00famero (+39) 0457513554.<\/li>\n<li>Ind\u00edquenos los datos de su dispositivo l\u00e1ser (Longitud de onda en <em>nm<\/em>, Potencia, Grado de protecci\u00f3n, ficha t\u00e9cnica del equipo l\u00e1ser, modo de emisi\u00f3n continua o pulsada).<\/li>\n<li>Nuestros expertos evaluar\u00e1n su solicitud, confirmar\u00e1n la configuraci\u00f3n ideal y proceder\u00e1n al montaje de sus gafas ONTOR con lentes de aumento 3x.<\/li>\n<\/ol>\n","protected":false},"featured_media":7482,"template":"","meta":{"_acf_changed":false},"product_brand":[],"product_cat":[281],"product_tag":[],"class_list":{"0":"post-7500","1":"product","2":"type-product","3":"status-publish","4":"has-post-thumbnail","6":"tassonomia-enea-es","7":"tassonomia-enea-duo-es","8":"tassonomia-enea-trio-es","9":"tassonomia-ermes-es","10":"tassonomia-fisioterapia","11":"tassonomia-ginecologia","12":"tassonomia-l-e-o-plus-es","13":"tassonomia-odontologia","14":"tassonomia-otorrinolaringologia","15":"tassonomia-podologia","16":"tassonomia-veterinario","17":"tassonomia-zaira-es","18":"product_cat-gafas-de-proteccion","20":"first","21":"instock","22":"taxable","23":"shipping-taxable","24":"purchasable","25":"product-type-simple"},"acf":[],"_links":{"self":[{"href":"https:\/\/gardalaser.it\/es\/wp-json\/wp\/v2\/product\/7500","targetHints":{"allow":["GET"]}}],"collection":[{"href":"https:\/\/gardalaser.it\/es\/wp-json\/wp\/v2\/product"}],"about":[{"href":"https:\/\/gardalaser.it\/es\/wp-json\/wp\/v2\/types\/product"}],"wp:featuredmedia":[{"embeddable":true,"href":"https:\/\/gardalaser.it\/es\/wp-json\/wp\/v2\/media\/7482"}],"wp:attachment":[{"href":"https:\/\/gardalaser.it\/es\/wp-json\/wp\/v2\/media?parent=7500"}],"wp:term":[{"taxonomy":"product_brand","embeddable":true,"href":"https:\/\/gardalaser.it\/es\/wp-json\/wp\/v2\/product_brand?post=7500"},{"taxonomy":"product_cat","embeddable":true,"href":"https:\/\/gardalaser.it\/es\/wp-json\/wp\/v2\/product_cat?post=7500"},{"taxonomy":"product_tag","embeddable":true,"href":"https:\/\/gardalaser.it\/es\/wp-json\/wp\/v2\/product_tag?post=7500"}],"curies":[{"name":"wp","href":"https:\/\/api.w.org\/{rel}","templated":true}]}}