{"id":7452,"date":"2026-03-10T14:37:15","date_gmt":"2026-03-10T13:37:15","guid":{"rendered":"https:\/\/gardalaser.it\/prodotto\/occhiali-di-protezione-laser-976nm-1064nm-1080nm-1320nm-1470nm-1480nm-1540nm-1940nm-2780nm-2940nm-10600nm\/"},"modified":"2026-03-10T15:24:26","modified_gmt":"2026-03-10T14:24:26","slug":"gafas-de-seguridad-laser-976nm-1064nm-1080nm-1320nm-1470nm-1480nm-1540nm-1940nm-2780nm-2940nm-10600n","status":"publish","type":"product","link":"https:\/\/gardalaser.it\/es\/producto\/gafas-de-seguridad-laser-976nm-1064nm-1080nm-1320nm-1470nm-1480nm-1540nm-1940nm-2780nm-2940nm-10600n\/","title":{"rendered":"Gafas de seguridad l\u00e1ser 976nm \u2013 1064nm \u2013 1080nm \u2013 1320nm \u2013 1470nm \u2013 1480nm \u2013 1540nm \u2013 1940nm \u2013 2780nm \u2013 2940nm \u2013 10600nm"},"content":{"rendered":"<table>\n<tbody>\n<tr>\n<td><strong>\u00a0<\/strong><strong>Longitudes de onda<\/strong><\/td>\n<td><strong>Niveles de protecci\u00f3n<\/strong><\/td>\n<\/tr>\n<tr>\n<td>752-821<\/td>\n<td>DIRM LB1 (OD1+)<\/td>\n<\/tr>\n<tr>\n<td>&gt;821-877<\/td>\n<td>DIRM LB2 (OD2+)<\/td>\n<\/tr>\n<tr>\n<td>&gt;877-925<\/td>\n<td>DIRM LB3 (OD3+)<\/td>\n<\/tr>\n<tr>\n<td>&gt;925-955<\/td>\n<td>DIRM LB4 (OD4+)<\/td>\n<\/tr>\n<tr>\n<td>&gt;955-1046<\/td>\n<td>DIRM LB5 (OD5+)<\/td>\n<\/tr>\n<tr>\n<td>&gt;1046-1079<\/td>\n<td>DIRM LB6 (OD6+)<\/td>\n<\/tr>\n<tr>\n<td>&gt;1079-1400<\/td>\n<td>D LB6 + IR LB7 + M LB6Y (OD7+)<\/td>\n<\/tr>\n<tr>\n<td>&gt;1400-2384<\/td>\n<td>DI LB4 + R LB3Y + M LB4Y (OD4+)<\/td>\n<\/tr>\n<tr>\n<td>&gt;2384-2661<\/td>\n<td>DIM LB3 + R LB3Y (OD3+)<\/td>\n<\/tr>\n<tr>\n<td>&gt;2661-3861<\/td>\n<td>DIRM LB2 (OD2+)<\/td>\n<\/tr>\n<tr>\n<td>&gt;3861-9000<\/td>\n<td>LB3 + RM LB3Y (OD3+)<\/td>\n<\/tr>\n<tr>\n<td>&gt;9000-11000<\/td>\n<td>DI LB4 + R LB3Y + M LB4Y (OD5+)<\/td>\n<\/tr>\n<tr>\n<td><\/td>\n<td>PF CE<\/td>\n<\/tr>\n<\/tbody>\n<\/table>\n","protected":false},"excerpt":{"rendered":"<p>Las gafas de seguridad l\u00e1ser <strong>STARLIGHT X2 <\/strong>son ligeras y elegantes, con un armaz\u00f3n hecho de un pol\u00edmero especial. El armaz\u00f3n ultraligero ofrece un ajuste excelente gracias a las sienes ajustables individualmente, un borde de goma en la parte superior de la frente y una protecci\u00f3n lateral adicional gracias al dise\u00f1o envolvente.<\/p>\n<p>El filtro de seguridad l\u00e1ser 0269 es adecuado para una amplia gama de l\u00e1seres como Nd:YAG (1064nm), fibra (976 &#8211; 1080nm), telecomunicaciones (1320nm), Tm: Diodo (1470nm), Thulium (1480+1940nm), Er: Vidrio (1540nm), Er: YAG (2780 &#8211; 2940nm) y CO2 (10600nm). El filtro de seguridad l\u00e1ser consiste en un vidrio mineral gris claro y tiene una transmisi\u00f3n diurna de aproximadamente el 76% a bajo espesor. El filtro de seguridad l\u00e1ser est\u00e1 certificado CE seg\u00fan las disposiciones de la DIN EN 207.<\/p>\n<p>&nbsp;<\/p>\n<p>PDF &gt;<strong>\u00a0<a href=\"https:\/\/gardalaser.it\/wp-content\/uploads\/2026\/03\/Scheda-tecnica-LG5006EV-EN.pdf\" target=\"_blank\" rel=\"noopener\">Ficha t\u00e9cnica<\/a><\/strong><\/p>\n<p>PDF &gt; <a href=\"https:\/\/gardalaser.it\/wp-content\/uploads\/2026\/03\/LG5006EV-EU-Declaration-of-conformity-Filter-0269.pdf\" target=\"_blank\" rel=\"noopener\"><strong>Declaraci\u00f3n de conformidad de la UE<\/strong><\/a><\/p>\n<p>&nbsp;<\/p>\n<p><strong>Caracter\u00edsticas:<\/strong><\/p>\n<ul>\n<li>Aplicaci\u00f3n: Nd:YAG (1064 nm), Fibra (976 \u2013 1080 nm), Telecom (1320 nm), Tm:Diodo (1470 nm), Tulio (1480 + 1940 nm), Er:vidrio (1540 nm), Er:YAG (2780 \u2013 2940 nm), CO2 (10600 nm)<\/li>\n<li>VLT (transmisi\u00f3n de luz visible): 76%<\/li>\n<li>Color del filtro: gris claro<\/li>\n<li>Material del filtro: vidrio mineral<\/li>\n<li>Espesor del filtro: 3,0 mm<\/li>\n<li>Color de la montura: negro<\/li>\n<\/ul>\n<p>&nbsp;<\/p>\n<p><strong>Montura para gafas STARLIGHT X2:<\/strong><\/p>\n<ul>\n<li>puntas de las patillas ajustables<\/li>\n<li>almohadillas nasales suaves y borde de goma adicional en la zona de la frente<\/li>\n<li>lente gran angular<\/li>\n<li>niveles de protecci\u00f3n m\u00e1s elevados mediante modificaci\u00f3n<\/li>\n<\/ul>\n","protected":false},"featured_media":7440,"template":"","meta":{"_acf_changed":false},"product_brand":[],"product_cat":[281],"product_tag":[],"class_list":{"0":"post-7452","1":"product","2":"type-product","3":"status-publish","4":"has-post-thumbnail","6":"tassonomia-enea-es","7":"tassonomia-enea-duo-es","8":"tassonomia-enea-trio-es","9":"tassonomia-ermes-es","10":"tassonomia-fisioterapia","11":"tassonomia-ginecologia","12":"tassonomia-higiene-dental","13":"tassonomia-l-e-o-plus-es","14":"tassonomia-odontologia","15":"tassonomia-otorrinolaringologia","16":"tassonomia-podologia","17":"tassonomia-veterinario","18":"tassonomia-zaira-es","19":"product_cat-gafas-de-proteccion","21":"first","22":"instock","23":"taxable","24":"shipping-taxable","25":"purchasable","26":"product-type-simple"},"acf":[],"_links":{"self":[{"href":"https:\/\/gardalaser.it\/es\/wp-json\/wp\/v2\/product\/7452","targetHints":{"allow":["GET"]}}],"collection":[{"href":"https:\/\/gardalaser.it\/es\/wp-json\/wp\/v2\/product"}],"about":[{"href":"https:\/\/gardalaser.it\/es\/wp-json\/wp\/v2\/types\/product"}],"wp:featuredmedia":[{"embeddable":true,"href":"https:\/\/gardalaser.it\/es\/wp-json\/wp\/v2\/media\/7440"}],"wp:attachment":[{"href":"https:\/\/gardalaser.it\/es\/wp-json\/wp\/v2\/media?parent=7452"}],"wp:term":[{"taxonomy":"product_brand","embeddable":true,"href":"https:\/\/gardalaser.it\/es\/wp-json\/wp\/v2\/product_brand?post=7452"},{"taxonomy":"product_cat","embeddable":true,"href":"https:\/\/gardalaser.it\/es\/wp-json\/wp\/v2\/product_cat?post=7452"},{"taxonomy":"product_tag","embeddable":true,"href":"https:\/\/gardalaser.it\/es\/wp-json\/wp\/v2\/product_tag?post=7452"}],"curies":[{"name":"wp","href":"https:\/\/api.w.org\/{rel}","templated":true}]}}