{"id":7425,"date":"2026-03-10T09:55:11","date_gmt":"2026-03-10T08:55:11","guid":{"rendered":"https:\/\/gardalaser.it\/prodotto\/finestra-di-protezione-laser-940nm-976nm-980nm-1030nm-1064nm-1080nm\/"},"modified":"2026-03-10T10:59:27","modified_gmt":"2026-03-10T09:59:27","slug":"ventana-de-proteccion-laser-940nm-976nm-980nm-1030nm-1064nm-1080nm","status":"publish","type":"product","link":"https:\/\/gardalaser.it\/es\/producto\/ventana-de-proteccion-laser-940nm-976nm-980nm-1030nm-1064nm-1080nm\/","title":{"rendered":"Ventana de protecci\u00f3n l\u00e1ser 940nm &#8211; 976nm &#8211; 980nm &#8211; 1030nm &#8211; 1064nm &#8211; 1080nm"},"content":{"rendered":"<table>\n<tbody>\n<tr>\n<td>\n<table>\n<tbody>\n<tr>\n<td><strong>Longitudes de onda<\/strong><\/td>\n<td><strong>Niveles de protecci\u00f3n<\/strong><\/td>\n<\/tr>\n<tr>\n<td>180-315<\/td>\n<td>D AB8 + IR AB3 (OD10+)<\/td>\n<\/tr>\n<tr>\n<td>&gt;315-370<\/td>\n<td>DIR AB5 (OD10+)<\/td>\n<\/tr>\n<tr>\n<td>&gt;370-380<\/td>\n<td>DIR AB5 (OD7+)<\/td>\n<\/tr>\n<tr>\n<td>&gt;380-395<\/td>\n<td>DIR AB5 (OD6+)<\/td>\n<\/tr>\n<tr>\n<td>&gt;395-440<\/td>\n<td>DIR AB5 (OD5+)<\/td>\n<\/tr>\n<tr>\n<td>&gt;440-455<\/td>\n<td>DIR AB4 (OD4+)<\/td>\n<\/tr>\n<tr>\n<td>&gt;455-465<\/td>\n<td>DIR AB3 (OD3+)<\/td>\n<\/tr>\n<tr>\n<td>&gt;465-480<\/td>\n<td>DIR AB2 (OD2+)<\/td>\n<\/tr>\n<tr>\n<td>&gt;480-495<\/td>\n<td>DIR AB1 (OD1+)<\/td>\n<\/tr>\n<tr>\n<td>&gt;685-755<\/td>\n<td>D AB1 + IR AB1Y (OD1+)<\/td>\n<\/tr>\n<tr>\n<td>&gt;755-800<\/td>\n<td>D AB2 + IR AB2Y (OD2+)<\/td>\n<\/tr>\n<tr>\n<td>&gt;800-830<\/td>\n<td>D AB3 + IR AB3Y (OD3+)<\/td>\n<\/tr>\n<tr>\n<td>&gt;830-852<\/td>\n<td>D AB4 + IR AB4Y (OD4+)<\/td>\n<\/tr>\n<tr>\n<td>&gt;852-872<\/td>\n<td>D AB5 + IR AB5Y (OD5+)<\/td>\n<\/tr>\n<tr>\n<td>&gt;872-892<\/td>\n<td>D AB6 + IR AB6Y (OD6+)<\/td>\n<\/tr>\n<tr>\n<td>&gt;892-905<\/td>\n<td>D AB6 + I AB7Y + R AB6Y (OD7+)<\/td>\n<\/tr>\n<tr>\n<td>&gt;905-930<\/td>\n<td>D AB6 + I AB7Y + R AB6Y (OD8+)<\/td>\n<\/tr>\n<tr>\n<td>&gt;930-975<\/td>\n<td>D AB6 + I AB7Y + R AB6Y (OD9+)<\/td>\n<\/tr>\n<tr>\n<td>&gt;975-1100<\/td>\n<td>D AB6 + I AB7Y + R AB6Y (OD10+)<\/td>\n<\/tr>\n<tr>\n<td>&gt;1100-1120<\/td>\n<td>D AB6 + I AB7Y + R AB6Y (OD9+)<\/td>\n<\/tr>\n<tr>\n<td>&gt;1120-1140<\/td>\n<td>D AB6 + I AB7Y + R AB6Y (OD8+)<\/td>\n<\/tr>\n<tr>\n<td>&gt;1140-1155<\/td>\n<td>D AB6 + I AB7Y + R AB6Y (OD7+)<\/td>\n<\/tr>\n<tr>\n<td>&gt;1155-1185<\/td>\n<td>D AB6 + IR AB6Y (OD6+)<\/td>\n<\/tr>\n<tr>\n<td>&gt;1185-1215<\/td>\n<td>D AB5 + IR AB5Y (OD5+)<\/td>\n<\/tr>\n<tr>\n<td>&gt;1215-1400<\/td>\n<td>D AB4 + IR AB4Y (OD4+)<\/td>\n<\/tr>\n<tr>\n<td>&gt;1400-1735<\/td>\n<td>D AB2 (OD3+)<\/td>\n<\/tr>\n<tr>\n<td>&gt;2930-2990<\/td>\n<td>D AB2 (OD3+)<\/td>\n<\/tr>\n<tr>\n<td>&gt;2990-3000<\/td>\n<td>D AB2 (OD2+)<\/td>\n<\/tr>\n<tr>\n<td>&gt;9000-11000<\/td>\n<td>D AB2 (OD2+)<\/td>\n<\/tr>\n<tr>\n<td><\/td>\n<td>PF CE<\/td>\n<\/tr>\n<\/tbody>\n<\/table>\n<\/td>\n<\/tr>\n<\/tbody>\n<\/table>\n<p>&nbsp;<\/p>\n","protected":false},"excerpt":{"rendered":"<p>Las ventanas de protecci\u00f3n l\u00e1ser permiten a tus empleados observar de forma segura los procesos en un sistema l\u00e1ser. Tanto si quieres integrar ventanas de protecci\u00f3n l\u00e1ser en cajas de m\u00e1quinas como en paredes m\u00f3viles, te ofrecemos la protecci\u00f3n adecuada y probada para tu sistema l\u00e1ser, tu equipo l\u00e1ser y tu aplicaci\u00f3n l\u00e1ser. Dependiendo del nivel de protecci\u00f3n deseado o del tama\u00f1o de la ventana, puedes elegir entre ventanas de cristal o de pl\u00e1stico. Adem\u00e1s de una variedad de tama\u00f1os est\u00e1ndar, tambi\u00e9n es posible realizar cortes personalizados gracias a nuestra producci\u00f3n interna.<\/p>\n<p>El filtro de protecci\u00f3n l\u00e1ser 0202 es especialmente adecuado como protecci\u00f3n l\u00e1ser para l\u00e1seres de diodo (900 &#8211; 1400 nm), Yb:YAG\/disco (1030 nm), fibra (976 &#8211; 1080 nm) y Nd:YAG (1064 nm). Sin embargo, otros l\u00e1seres tambi\u00e9n est\u00e1n cubiertos por el filtro. El filtro de seguridad l\u00e1ser est\u00e1 hecho de un pl\u00e1stico verde especial y tiene una transmisi\u00f3n diurna de aproximadamente un 35% con un grosor reducido. El filtro de seguridad l\u00e1ser est\u00e1 cualificado seg\u00fan las normas EN 12254.<\/p>\n<p>&nbsp;<\/p>\n<p>PDF &gt;<a href=\"https:\/\/gardalaser.it\/wp-content\/uploads\/2026\/03\/100-k0202-4-100x200-laser-protection-window-filter-0202-dimensions-100-x-200-mm-thickness-4.0-mm.pdf\" target=\"_blank\" rel=\"noopener\"><strong> Ficha T\u00e9cnica<\/strong><\/a><\/p>\n<p>PDF &gt;<a href=\"https:\/\/gardalaser.it\/wp-content\/uploads\/2026\/03\/EG-Konformitatserklarung-Filter-0202-4-DE-EN-2025.pdf\" target=\"_blank\" rel=\"noopener\"><strong> Declaraci\u00f3n de conformidad de la UE<\/strong><\/a><\/p>\n<p>&nbsp;<\/p>\n<p><strong>Informaci\u00f3n del producto<\/strong><\/p>\n<ul>\n<li>Aplicaci\u00f3n: Diodo (940 \u2013 980 nm), Yb:YAG\/Disco (1030 nm), Nd:YAG (1064 nm), Fibra (976 \u2013 1080 nm)<\/li>\n<li>VLT (Transmisi\u00f3n de luz visible): 35%<\/li>\n<li>Color del filtro: Verde<\/li>\n<li>Material del filtro: Pl\u00e1stico especial<\/li>\n<li>Grosor del filtro: 4,0 mm o 6,0 mm<\/li>\n<li>Dimensiones m\u00e1ximas: 1000 x 1800 mm<\/li>\n<\/ul>\n","protected":false},"featured_media":7395,"template":"","meta":{"_acf_changed":false},"product_brand":[],"product_cat":[316],"product_tag":[],"class_list":{"0":"post-7425","1":"product","2":"type-product","3":"status-publish","4":"has-post-thumbnail","6":"product_cat-industria-manufacturera-e-investigacion-y-desarrollo","8":"first","9":"instock","10":"taxable","11":"shipping-taxable","12":"purchasable","13":"product-type-variable"},"acf":[],"_links":{"self":[{"href":"https:\/\/gardalaser.it\/es\/wp-json\/wp\/v2\/product\/7425","targetHints":{"allow":["GET"]}}],"collection":[{"href":"https:\/\/gardalaser.it\/es\/wp-json\/wp\/v2\/product"}],"about":[{"href":"https:\/\/gardalaser.it\/es\/wp-json\/wp\/v2\/types\/product"}],"wp:featuredmedia":[{"embeddable":true,"href":"https:\/\/gardalaser.it\/es\/wp-json\/wp\/v2\/media\/7395"}],"wp:attachment":[{"href":"https:\/\/gardalaser.it\/es\/wp-json\/wp\/v2\/media?parent=7425"}],"wp:term":[{"taxonomy":"product_brand","embeddable":true,"href":"https:\/\/gardalaser.it\/es\/wp-json\/wp\/v2\/product_brand?post=7425"},{"taxonomy":"product_cat","embeddable":true,"href":"https:\/\/gardalaser.it\/es\/wp-json\/wp\/v2\/product_cat?post=7425"},{"taxonomy":"product_tag","embeddable":true,"href":"https:\/\/gardalaser.it\/es\/wp-json\/wp\/v2\/product_tag?post=7425"}],"curies":[{"name":"wp","href":"https:\/\/api.w.org\/{rel}","templated":true}]}}