{"id":7380,"date":"2026-03-10T08:44:58","date_gmt":"2026-03-10T07:44:58","guid":{"rendered":"https:\/\/gardalaser.it\/prodotto\/occhiali-di-protezione-laser-900-nm-1400-nm\/"},"modified":"2026-03-10T10:01:39","modified_gmt":"2026-03-10T09:01:39","slug":"gafas-de-proteccion-laser-de-900-nm-a-1400-nm","status":"publish","type":"product","link":"https:\/\/gardalaser.it\/es\/producto\/gafas-de-proteccion-laser-de-900-nm-a-1400-nm\/","title":{"rendered":"Gafas de seguridad l\u00e1ser 900 nm \u2013 1400 nm"},"content":{"rendered":"<table>\n<tbody>\n<tr>\n<td><strong>Longitudes de onda<\/strong><\/td>\n<td><strong>Niveles de protecci\u00f3n<\/strong><\/td>\n<\/tr>\n<tr>\n<td>315-450<\/td>\n<td>D LB5 + IR LB6 (OD6+)<\/td>\n<\/tr>\n<tr>\n<td>&gt;450-465<\/td>\n<td>DIR LB5 (OD5+)<\/td>\n<\/tr>\n<tr>\n<td>&gt;465-475<\/td>\n<td>DIR LB4 (OD4+)<\/td>\n<\/tr>\n<tr>\n<td>&gt;475-480<\/td>\n<td>DIR LB3 (OD3+)<\/td>\n<\/tr>\n<tr>\n<td>&gt;480-490<\/td>\n<td>DIR LB2 (OD2+)<\/td>\n<\/tr>\n<tr>\n<td>&gt;490-500<\/td>\n<td>DIR LB1 (OD1+)<\/td>\n<\/tr>\n<tr>\n<td>620-720<\/td>\n<td>DIR LB1 (OD1+)<\/td>\n<\/tr>\n<tr>\n<td>&gt;720-760<\/td>\n<td>DIR LB2 (OD2+)<\/td>\n<\/tr>\n<tr>\n<td>&gt;760-795<\/td>\n<td>DIR LB3 (OD3+)<\/td>\n<\/tr>\n<tr>\n<td>&gt;795-820<\/td>\n<td>DIR LB4 (OD4+)<\/td>\n<\/tr>\n<tr>\n<td>&gt;820-840<\/td>\n<td>DIR LB5 (OD5+)<\/td>\n<\/tr>\n<tr>\n<td>&gt;840-860<\/td>\n<td>DIR LB6 (OD6+)<\/td>\n<\/tr>\n<tr>\n<td>&gt;860-900<\/td>\n<td>D LB6 + IR LB7 (OD7+)<\/td>\n<\/tr>\n<tr>\n<td>&gt;900-1100<\/td>\n<td>D LB6 + IR LB8 (OD8+)<\/td>\n<\/tr>\n<tr>\n<td>&gt;1100-1125<\/td>\n<td>D LB6 + IR LB7 (OD7+)<\/td>\n<\/tr>\n<tr>\n<td>&gt;1125-1165<\/td>\n<td>DIR LB6 (OD6+)<\/td>\n<\/tr>\n<tr>\n<td>&gt;1165-1400<\/td>\n<td>DIR LB5 (OD5+)<\/td>\n<\/tr>\n<tr>\n<td>&gt;1400-1800<\/td>\n<td>DI LB3 + M LB1 (OD3+)<\/td>\n<\/tr>\n<tr>\n<td>2250-2450<\/td>\n<td>DI LB3 + M LB1 (OD3+)<\/td>\n<\/tr>\n<tr>\n<td>2750-3000<\/td>\n<td>DI LB3 + M LB1 (OD3+)<\/td>\n<\/tr>\n<tr>\n<td><\/td>\n<td>PF CE<\/td>\n<\/tr>\n<\/tbody>\n<\/table>\n<p>&nbsp;<\/p>\n","protected":false},"excerpt":{"rendered":"<p>COVERLIGHT es una gafa moderna <strong>de seguridad l\u00e1ser con un armaz\u00f3n hecho de aleaci\u00f3n de aluminio ligera<\/strong> con recubrimiento. Gracias a la montura suave y flexible, hecha de una goma especial, estas gafas est\u00e1n completamente selladas y ofrecen la m\u00e1xima protecci\u00f3n. La montura de goma es f\u00e1cil de limpiar y puede reemplazarse si es necesario, asegurando una ventilaci\u00f3n \u00f3ptima que evita que las gafas se empa\u00f1en. Las gafas de seguridad l\u00e1ser pueden llevarse sobre las gafas graduadas y la diadema el\u00e1stica ajustable proporciona un confort \u00f3ptimo incluso durante largos periodos de trabajo.<\/p>\n<p>El <strong>filtro de seguridad l\u00e1ser 0206<\/strong> es especialmente adecuado para <strong>l\u00e1seres de diodo (940 nm), l\u00e1seres de disco (1030 nm),<\/strong> <strong>Nd:YAG (1064 nm), l\u00e1seres de fibra (976 &#8211; 1080 nm)<\/strong> y <strong>l\u00e1seres de telecomunicaciones (1320 nm), <\/strong>\u00a0pero tambi\u00e9n cubre otras longitudes de onda l\u00e1ser. El filtro de seguridad l\u00e1ser est\u00e1 hecho de pl\u00e1stico especial verde y ofrece una transmisi\u00f3n de luz visible (VLT) de aproximadamente el 20%. El filtro de seguridad l\u00e1ser est\u00e1 <strong>certificado CE<\/strong> seg\u00fan los requisitos de <strong>la EN 207 y<\/strong> est\u00e1 disponible en diferentes monturas.<\/p>\n<p>&nbsp;<\/p>\n<p>PDF &gt;<strong> <a href=\"https:\/\/gardalaser.it\/wp-content\/uploads\/2026\/03\/Datenblatt-000-K0206-COVE-01-DE-EN-10.09.2024.pdf\" target=\"_blank\" rel=\"noopener\">Ficha T\u00e9cnica<\/a><\/strong><\/p>\n<p>PDF &gt;<strong> <a href=\"https:\/\/gardalaser.it\/wp-content\/uploads\/2026\/03\/EU-Declaration-of-conformity-Filter-0206.pdf\" target=\"_blank\" rel=\"noopener\">Declaraci\u00f3n de conformidad de la UE<\/a><\/strong><\/p>\n<p>&nbsp;<\/p>\n<p><strong>Informaci\u00f3n del producto<\/strong><\/p>\n<ul>\n<li>Aplicaci\u00f3n: Diodo-Nd:YAG (900 \u2013 1400 nm)<\/li>\n<li>VLT (transmisi\u00f3n de luz visible): 20%<\/li>\n<li>Color del filtro: verde<\/li>\n<li>Material del filtro: pol\u00edmero<\/li>\n<li>Espesor del filtro: 3,5 mm<\/li>\n<li>Color del marco: negro<\/li>\n<\/ul>\n<p>&nbsp;<\/p>\n<p><strong>Marco de gafas COVERLIGHT:<\/strong><\/p>\n<ul>\n<li>Dise\u00f1o moderno<\/li>\n<li>Marco ligero de aleaci\u00f3n de aluminio (revestido)<\/li>\n<li>Sellado completo gracias a rodamientos de goma (reemplazable)<\/li>\n<li>Una ventilaci\u00f3n \u00f3ptima evita que las gafas se empa\u00f1en<\/li>\n<li>Banda el\u00e1stica ajustable (reemplazable)<\/li>\n<li>Se puede usar en lugar de gafas graduadas<\/li>\n<\/ul>\n","protected":false},"featured_media":7356,"template":"","meta":{"_acf_changed":false},"product_brand":[],"product_cat":[316],"product_tag":[],"class_list":{"0":"post-7380","1":"product","2":"type-product","3":"status-publish","4":"has-post-thumbnail","6":"product_cat-industria-manufacturera-e-investigacion-y-desarrollo","8":"first","9":"instock","10":"taxable","11":"shipping-taxable","12":"purchasable","13":"product-type-simple"},"acf":[],"_links":{"self":[{"href":"https:\/\/gardalaser.it\/es\/wp-json\/wp\/v2\/product\/7380","targetHints":{"allow":["GET"]}}],"collection":[{"href":"https:\/\/gardalaser.it\/es\/wp-json\/wp\/v2\/product"}],"about":[{"href":"https:\/\/gardalaser.it\/es\/wp-json\/wp\/v2\/types\/product"}],"wp:featuredmedia":[{"embeddable":true,"href":"https:\/\/gardalaser.it\/es\/wp-json\/wp\/v2\/media\/7356"}],"wp:attachment":[{"href":"https:\/\/gardalaser.it\/es\/wp-json\/wp\/v2\/media?parent=7380"}],"wp:term":[{"taxonomy":"product_brand","embeddable":true,"href":"https:\/\/gardalaser.it\/es\/wp-json\/wp\/v2\/product_brand?post=7380"},{"taxonomy":"product_cat","embeddable":true,"href":"https:\/\/gardalaser.it\/es\/wp-json\/wp\/v2\/product_cat?post=7380"},{"taxonomy":"product_tag","embeddable":true,"href":"https:\/\/gardalaser.it\/es\/wp-json\/wp\/v2\/product_tag?post=7380"}],"curies":[{"name":"wp","href":"https:\/\/api.w.org\/{rel}","templated":true}]}}