{"id":6586,"date":"2025-03-27T15:15:56","date_gmt":"2025-03-27T14:15:56","guid":{"rendered":"https:\/\/gardalaser.it\/prodotto\/puntale-terapia-big-5-cm\/"},"modified":"2025-03-27T15:38:46","modified_gmt":"2025-03-27T14:38:46","slug":"ponta-de-terapia-grande-5-cm","status":"publish","type":"product","link":"https:\/\/gardalaser.it\/es\/producto\/ponta-de-terapia-grande-5-cm\/","title":{"rendered":"Ponta de terapia grande 5 cm"},"content":{"rendered":"<p>Ciclo de borracha autoclav\u00e1vel 121\u00b0 C durante 15 minutos<\/p>\n","protected":false},"excerpt":{"rendered":"<p>Ponta adequada para aplica\u00e7\u00f5es terap\u00eauticas em fisioterapia, medicina dent\u00e1ria, otorrinolaringologia, podologia, medicina veterin\u00e1ria.<\/p>\n<p>Terminal com espa\u00e7ador para a\u00e7\u00e3o laser concentrada em 5 cm2 que s\u00f3 pode ser utilizado com a pe\u00e7a de m\u00e3o de<a href=\"https:\/\/gardalaser.it\/es\/producto\/pieza-de-mano-de-terapia-multifuncional\/\" target=\"_blank\" rel=\"noopener\"> terapia multifun\u00e7\u00f5es BH9014<\/a>.<\/p>\n","protected":false},"featured_media":6569,"template":"","meta":{"_acf_changed":false},"product_brand":[],"product_cat":[284],"product_tag":[],"class_list":{"0":"post-6586","1":"product","2":"type-product","3":"status-publish","4":"has-post-thumbnail","6":"tassonomia-enea-es","7":"tassonomia-enea-duo-es","8":"tassonomia-enea-trio-es","9":"tassonomia-ermes-es","10":"tassonomia-fisioterapia","11":"tassonomia-higiene-dental","12":"tassonomia-odontologia","13":"tassonomia-otorrinolaringologia","14":"tassonomia-podologia","15":"tassonomia-zaira-es","16":"product_cat-piezas-de-mano-terapeuticas","18":"first","19":"instock","20":"taxable","21":"shipping-taxable","22":"purchasable","23":"product-type-simple"},"acf":[],"_links":{"self":[{"href":"https:\/\/gardalaser.it\/es\/wp-json\/wp\/v2\/product\/6586","targetHints":{"allow":["GET"]}}],"collection":[{"href":"https:\/\/gardalaser.it\/es\/wp-json\/wp\/v2\/product"}],"about":[{"href":"https:\/\/gardalaser.it\/es\/wp-json\/wp\/v2\/types\/product"}],"wp:featuredmedia":[{"embeddable":true,"href":"https:\/\/gardalaser.it\/es\/wp-json\/wp\/v2\/media\/6569"}],"wp:attachment":[{"href":"https:\/\/gardalaser.it\/es\/wp-json\/wp\/v2\/media?parent=6586"}],"wp:term":[{"taxonomy":"product_brand","embeddable":true,"href":"https:\/\/gardalaser.it\/es\/wp-json\/wp\/v2\/product_brand?post=6586"},{"taxonomy":"product_cat","embeddable":true,"href":"https:\/\/gardalaser.it\/es\/wp-json\/wp\/v2\/product_cat?post=6586"},{"taxonomy":"product_tag","embeddable":true,"href":"https:\/\/gardalaser.it\/es\/wp-json\/wp\/v2\/product_tag?post=6586"}],"curies":[{"name":"wp","href":"https:\/\/api.w.org\/{rel}","templated":true}]}}