{"id":6553,"date":"2025-03-17T11:15:01","date_gmt":"2025-03-17T10:15:01","guid":{"rendered":"https:\/\/gardalaser.it\/prodotto\/puntale-massaggiante-per-terapia-laser-5-cm\/"},"modified":"2025-03-17T17:11:46","modified_gmt":"2025-03-17T16:11:46","slug":"punta-de-masaje-grande-5-cm","status":"publish","type":"product","link":"https:\/\/gardalaser.it\/es\/producto\/punta-de-masaje-grande-5-cm\/","title":{"rendered":"Punta de masaje grande 5 cm"},"content":{"rendered":"<p>Goma autoclavable ciclo 121\u00b0 C durante 15 minutos<\/p>\n","protected":false},"excerpt":{"rendered":"<p>Punta l\u00e1ser de masaje adecuada para aplicaciones terap\u00e9uticas en fisioterapia, odontolog\u00eda, otorrinolaringolog\u00eda, podolog\u00eda y veterinaria.<\/p>\n<p><strong>Punta de masaje con lente de zafiro<\/strong> para una acci\u00f3n l\u00e1ser difusa sobre 5 cm2 que s\u00f3lo puede utilizarse con la <a href=\"https:\/\/gardalaser.it\/es\/producto\/pieza-de-mano-de-terapia-multifuncional\/\" target=\"_blank\" rel=\"noopener\">pieza de mano terap\u00e9utica multifunci\u00f3n BH9014<\/a>.<\/p>\n","protected":false},"featured_media":6535,"template":"","meta":{"_acf_changed":false},"product_brand":[],"product_cat":[284],"product_tag":[],"class_list":{"0":"post-6553","1":"product","2":"type-product","3":"status-publish","4":"has-post-thumbnail","6":"tassonomia-enea-es","7":"tassonomia-enea-duo-es","8":"tassonomia-enea-trio-es","9":"tassonomia-ermes-es","10":"tassonomia-fisioterapia","11":"tassonomia-higiene-dental","12":"tassonomia-odontologia","13":"tassonomia-otorrinolaringologia","14":"tassonomia-podologia","15":"tassonomia-veterinario","16":"tassonomia-zaira-es","17":"product_cat-piezas-de-mano-terapeuticas","19":"first","20":"instock","21":"taxable","22":"shipping-taxable","23":"purchasable","24":"product-type-simple"},"acf":[],"_links":{"self":[{"href":"https:\/\/gardalaser.it\/es\/wp-json\/wp\/v2\/product\/6553","targetHints":{"allow":["GET"]}}],"collection":[{"href":"https:\/\/gardalaser.it\/es\/wp-json\/wp\/v2\/product"}],"about":[{"href":"https:\/\/gardalaser.it\/es\/wp-json\/wp\/v2\/types\/product"}],"wp:featuredmedia":[{"embeddable":true,"href":"https:\/\/gardalaser.it\/es\/wp-json\/wp\/v2\/media\/6535"}],"wp:attachment":[{"href":"https:\/\/gardalaser.it\/es\/wp-json\/wp\/v2\/media?parent=6553"}],"wp:term":[{"taxonomy":"product_brand","embeddable":true,"href":"https:\/\/gardalaser.it\/es\/wp-json\/wp\/v2\/product_brand?post=6553"},{"taxonomy":"product_cat","embeddable":true,"href":"https:\/\/gardalaser.it\/es\/wp-json\/wp\/v2\/product_cat?post=6553"},{"taxonomy":"product_tag","embeddable":true,"href":"https:\/\/gardalaser.it\/es\/wp-json\/wp\/v2\/product_tag?post=6553"}],"curies":[{"name":"wp","href":"https:\/\/api.w.org\/{rel}","templated":true}]}}