{"id":6462,"date":"2025-03-07T09:53:20","date_gmt":"2025-03-07T08:53:20","guid":{"rendered":"https:\/\/gardalaser.it\/prodotto\/occhiali-di-protezione-laser-hoogles-veterinari-per-grandi-dimensioni-180-11000nm\/"},"modified":"2025-03-07T11:38:55","modified_gmt":"2025-03-07T10:38:55","slug":"gafas-de-proteccion-laser-veterinarias-hoogles-para-tallas-grandes-180-11000nm","status":"publish","type":"product","link":"https:\/\/gardalaser.it\/es\/producto\/gafas-de-proteccion-laser-veterinarias-hoogles-para-tallas-grandes-180-11000nm\/","title":{"rendered":"Gafas de protecci\u00f3n l\u00e1ser veterinarias Hoogles para tallas grandes, 180-11000nm"},"content":{"rendered":"<p><strong>Descripci\u00f3n<\/strong><\/p>\n<p>&#8211; Mate<\/p>\n<p>&#8211; Color: blanco\/negro<\/p>\n<p>&#8211; Cierre: velcro<\/p>\n<p>&nbsp;<\/p>\n<table>\n<tbody>\n<tr>\n<td>Longitudes de onda (nm)<\/td>\n<td>Niveles de protecci\u00f3n<\/td>\n<\/tr>\n<tr>\n<td>180 &#8211; 315<\/td>\n<td>(OD8+)<\/td>\n<\/tr>\n<tr>\n<td>&gt; 315 &#8211; 1050<\/td>\n<td>(OD8+)<\/td>\n<\/tr>\n<tr>\n<td>&gt; 1050 &#8211; 1400<\/td>\n<td>(OD4+)<\/td>\n<\/tr>\n<tr>\n<td>&gt; 1400 &#8211; 11000<\/td>\n<td>(OD3+)<\/td>\n<\/tr>\n<\/tbody>\n<\/table>\n","protected":false},"excerpt":{"rendered":"<p>Protege al caballo durante los <strong>tratamientos con l\u00e1ser<\/strong>, apto para todas las aplicaciones l\u00e1ser entre 180 nm y 11000 nm.<\/p>\n<p>Las m\u00e1scaras para caballos est\u00e1n <strong>disponibles en diferentes tama\u00f1os para ponis, caballos peque\u00f1os y animales de sangre caliente y sangre fr\u00eda<\/strong>, y tambi\u00e9n pueden utilizarse para otros animales grandes, por ejemplo, vacas. El material de protecci\u00f3n l\u00e1ser integrado cubre longitudes de onda de 180 nm a 11000 nm. La m\u00e1scara de protecci\u00f3n l\u00e1ser se aplica al animal como una m\u00e1scara antimoscas normal. Los cierres de velcro y la abertura para la cabeza garantizan un ajuste perfecto. El acolchado del interior de la m\u00e1scara protectora aumenta la comodidad y evita las rozaduras durante el tratamiento veterinario.<\/p>\n<p><a href=\"https:\/\/gardalaser.it\/wp-content\/uploads\/2025\/03\/Scheda-Tecnica-ENG-PDF.pdf\" target=\"_blank\" rel=\"noopener\">ver PDF<\/a><\/p>\n","protected":false},"featured_media":6435,"template":"","meta":{"_acf_changed":false},"product_brand":[],"product_cat":[288],"product_tag":[],"class_list":{"0":"post-6462","1":"product","2":"type-product","3":"status-publish","4":"has-post-thumbnail","6":"tassonomia-enea-es","7":"tassonomia-enea-duo-es","8":"tassonomia-enea-trio-es","9":"tassonomia-ermes-es","10":"tassonomia-veterinario","11":"tassonomia-zaira-es","12":"product_cat-home-care-vet-es","14":"first","15":"instock","16":"taxable","17":"shipping-taxable","18":"purchasable","19":"product-type-variable"},"acf":[],"_links":{"self":[{"href":"https:\/\/gardalaser.it\/es\/wp-json\/wp\/v2\/product\/6462","targetHints":{"allow":["GET"]}}],"collection":[{"href":"https:\/\/gardalaser.it\/es\/wp-json\/wp\/v2\/product"}],"about":[{"href":"https:\/\/gardalaser.it\/es\/wp-json\/wp\/v2\/types\/product"}],"wp:featuredmedia":[{"embeddable":true,"href":"https:\/\/gardalaser.it\/es\/wp-json\/wp\/v2\/media\/6435"}],"wp:attachment":[{"href":"https:\/\/gardalaser.it\/es\/wp-json\/wp\/v2\/media?parent=6462"}],"wp:term":[{"taxonomy":"product_brand","embeddable":true,"href":"https:\/\/gardalaser.it\/es\/wp-json\/wp\/v2\/product_brand?post=6462"},{"taxonomy":"product_cat","embeddable":true,"href":"https:\/\/gardalaser.it\/es\/wp-json\/wp\/v2\/product_cat?post=6462"},{"taxonomy":"product_tag","embeddable":true,"href":"https:\/\/gardalaser.it\/es\/wp-json\/wp\/v2\/product_tag?post=6462"}],"curies":[{"name":"wp","href":"https:\/\/api.w.org\/{rel}","templated":true}]}}