{"id":5842,"date":"2024-09-17T09:43:17","date_gmt":"2024-09-17T07:43:17","guid":{"rendered":"https:\/\/gardalaser.it\/prodotto\/occhiali-di-protezione-per-laser-810nm-940nm-980nm-1064nm\/"},"modified":"2024-09-26T14:07:08","modified_gmt":"2024-09-26T12:07:08","slug":"gafas-de-proteccion-laser-810nm-940nm-980nm-1064nm","status":"publish","type":"product","link":"https:\/\/gardalaser.it\/es\/producto\/gafas-de-proteccion-laser-810nm-940nm-980nm-1064nm\/","title":{"rendered":"Gafas de protecci\u00f3n l\u00e1ser 810nm &#8211; 940nm &#8211; 980nm &#8211; 1064nm"},"content":{"rendered":"<table>\n<tbody>\n<tr>\n<td><strong>Longitudes de onda<\/strong><\/td>\n<td><strong>Niveles de protecci\u00f3n<\/strong><\/td>\n<\/tr>\n<tr>\n<td><strong>180-315<\/strong><\/td>\n<td><strong>D LB10 + IR LB5 + M LB6Y (OD10+)<\/strong><\/td>\n<\/tr>\n<tr>\n<td><strong>&gt;315-380<\/strong><\/td>\n<td><strong>D LB6 + I LB7 + RM LB8 (OD8+)<\/strong><\/td>\n<\/tr>\n<tr>\n<td><strong>&gt;380-420<\/strong><\/td>\n<td><strong>D LB5 + IRM LB6 (OD6+)<\/strong><\/td>\n<\/tr>\n<tr>\n<td>421-438<\/td>\n<td>DIRM LB4 (OD4+)<\/td>\n<\/tr>\n<tr>\n<td>439-451<\/td>\n<td>DIRM LB2 (OD2+)<\/td>\n<\/tr>\n<tr>\n<td>452-461<\/td>\n<td>DIRM LB1 (OD1+)<\/td>\n<\/tr>\n<tr>\n<td>695-740<\/td>\n<td>DIRM LB1 (OD1+)<\/td>\n<\/tr>\n<tr>\n<td>741-804<\/td>\n<td>DIRM LB2 (OD2+)<\/td>\n<\/tr>\n<tr>\n<td>805-840<\/td>\n<td>DIRM LB4 (OD4+)<\/td>\n<\/tr>\n<tr>\n<td><strong>&gt;840-890<\/strong><\/td>\n<td><strong>DIRM LB5 (OD5+)<\/strong><\/td>\n<\/tr>\n<tr>\n<td><strong>&gt;890-940<\/strong><\/td>\n<td><strong>DIRM LB6 (OD6+)<\/strong><\/td>\n<\/tr>\n<tr>\n<td><strong>&gt;940-1070<\/strong><\/td>\n<td><strong>D LB6 + I LB7 + RM LB8 (OD8+)<\/strong><\/td>\n<\/tr>\n<tr>\n<td><strong>970-1065<\/strong><\/td>\n<td><strong>D LB6 + I LB7 + R LB8 + M LB9 (OD9+)<\/strong><\/td>\n<\/tr>\n<tr>\n<td><strong>1071-1080<\/strong><\/td>\n<td><strong>DIRM LB6 (OD6+)<\/strong><\/td>\n<\/tr>\n<tr>\n<td>1081-1100<\/td>\n<td>DIRM LB4 (OD4+)<\/td>\n<\/tr>\n<tr>\n<td>1101-1132<\/td>\n<td>DIRM LB2 (OD2+)<\/td>\n<\/tr>\n<tr>\n<td>&gt;1132-1160<\/td>\n<td>DIRM LB1 (OD1+)<\/td>\n<\/tr>\n<tr>\n<td>5170-11500<\/td>\n<td>DI LB4 + R LB3Y (OD4+)<\/td>\n<\/tr>\n<tr>\n<td><\/td>\n<td>PF CE<\/td>\n<\/tr>\n<\/tbody>\n<\/table>\n","protected":false},"excerpt":{"rendered":"<p>ONTOR es una <strong>gafa de seguridad l\u00e1ser<\/strong> ligera fabricada con pol\u00edmeros especiales, una soluci\u00f3n perfecta para llevar sobre gafas graduadas. Esta montura ofrece un amplio campo de visi\u00f3n y protecci\u00f3n contra impactos laterales. Las patillas pueden ajustarse individualmente y una suave espuma facial <strong>herm\u00e9ticamente<\/strong> sellada mejora la comodidad de uso.<\/p>\n<p>El <strong>filtro de seguridad l\u00e1ser 0282<\/strong> est\u00e1 especialmente indicado para <strong>l\u00e1ser excimer (193 nm), UV (248 nm), Nd:YAG 4x (266 nm), Nd:YAG 3x (355 nm), diodo (808 nm), diodo (940 nm), disco (1030 nm), Nd:YAG (1064 nm), fibra (976 &#8211; 1080 nm)<\/strong> y CO2 <strong>(10600 nm), <\/strong>pero tambi\u00e9n cubre otras longitudes de onda. El filtro de seguridad l\u00e1ser est\u00e1 fabricado con un pl\u00e1stico verde especial y ofrece una transmisi\u00f3n de la luz visual (VLT) superior al 63% y un menor grosor del filtro. El filtro de seguridad l\u00e1ser <strong>cuenta con la certificaci\u00f3n CE<\/strong> conforme a los requisitos de <strong>la norma EN 20<\/strong><\/p>\n<p><a href=\"https:\/\/gardalaser.it\/wp-content\/uploads\/2024\/09\/LG5006I-Soluzione-B.pdf\"><strong>FICHA T\u00c9CNICA<\/strong><\/a><\/p>\n<p><strong>Informaci\u00f3n<\/strong><\/p>\n<ul>\n<li>Aplicaci\u00f3n: Excimer (193 nm), UV (248 nm), Nd:YAG 4x (266 nm), Nd:YAG 3x (355 nm), Diodo-Nd:YAG (800-1064 nm), Faser (976 &#8211; 1080 nm), CO2 (10600 nm)<\/li>\n<li>VLT (transmisi\u00f3n de luz visible): 63<\/li>\n<li>Color del filtro: verde<\/li>\n<li>Material del filtro: pol\u00edmero<\/li>\n<li>Grosor del filtro: 2,0 m<\/li>\n<li>Color de la montura: blanco\/negro<\/li>\n<\/ul>\n<p><strong>Montura para gafas ONTOR<\/strong><\/p>\n<ul>\n<li>gafas deportivas<\/li>\n<li>campo de visi\u00f3n muy amplio<\/li>\n<li>ajuste individual de la longitud y el \u00e1ngulo del ast<\/li>\n<li>comodidad perfecta gracias a la espuma facial engomada<\/li>\n<\/ul>\n","protected":false},"featured_media":5843,"template":"","meta":{"_acf_changed":false},"product_brand":[],"product_cat":[281],"product_tag":[],"class_list":{"0":"post-5842","1":"product","2":"type-product","3":"status-publish","4":"has-post-thumbnail","6":"tassonomia-enea-es","7":"tassonomia-enea-duo-es","8":"tassonomia-enea-trio-es","9":"tassonomia-ermes-es","10":"tassonomia-fisioterapia","11":"tassonomia-ginecologia","12":"tassonomia-higiene-dental","13":"tassonomia-l-e-o-plus-es","14":"tassonomia-odontologia","15":"tassonomia-otorrinolaringologia","16":"tassonomia-podologia","17":"tassonomia-veterinario","18":"tassonomia-zaira-es","19":"product_cat-gafas-de-proteccion","21":"first","22":"instock","23":"taxable","24":"shipping-taxable","25":"purchasable","26":"product-type-simple"},"acf":[],"_links":{"self":[{"href":"https:\/\/gardalaser.it\/es\/wp-json\/wp\/v2\/product\/5842","targetHints":{"allow":["GET"]}}],"collection":[{"href":"https:\/\/gardalaser.it\/es\/wp-json\/wp\/v2\/product"}],"about":[{"href":"https:\/\/gardalaser.it\/es\/wp-json\/wp\/v2\/types\/product"}],"wp:featuredmedia":[{"embeddable":true,"href":"https:\/\/gardalaser.it\/es\/wp-json\/wp\/v2\/media\/5843"}],"wp:attachment":[{"href":"https:\/\/gardalaser.it\/es\/wp-json\/wp\/v2\/media?parent=5842"}],"wp:term":[{"taxonomy":"product_brand","embeddable":true,"href":"https:\/\/gardalaser.it\/es\/wp-json\/wp\/v2\/product_brand?post=5842"},{"taxonomy":"product_cat","embeddable":true,"href":"https:\/\/gardalaser.it\/es\/wp-json\/wp\/v2\/product_cat?post=5842"},{"taxonomy":"product_tag","embeddable":true,"href":"https:\/\/gardalaser.it\/es\/wp-json\/wp\/v2\/product_tag?post=5842"}],"curies":[{"name":"wp","href":"https:\/\/api.w.org\/{rel}","templated":true}]}}