{"id":5821,"date":"2024-09-16T10:49:05","date_gmt":"2024-09-16T08:49:05","guid":{"rendered":"https:\/\/gardalaser.it\/prodotto\/protezioni-oculari-monouso-ipl\/"},"modified":"2024-09-26T13:57:09","modified_gmt":"2024-09-26T11:57:09","slug":"proteccion-ocular-desechable-ipl","status":"publish","type":"product","link":"https:\/\/gardalaser.it\/es\/producto\/proteccion-ocular-desechable-ipl\/","title":{"rendered":"Protecci\u00f3n ocular desechable IPL"},"content":{"rendered":"<ul>\n<li>50 pares por paquete<\/li>\n<li>Color: gris<\/li>\n<li>Norma aplicada y armonizada: ISO 12609-1:2013<\/li>\n<\/ul>\n","protected":false},"excerpt":{"rendered":"<p><strong>Protecci\u00f3n del paciente durante los tratamientos IPL.<\/strong><br \/>\nNuestras almohadillas de protecci\u00f3n <strong>ocular hipoalerg\u00e9nicas<\/strong> y <strong>sin l\u00e1tex<\/strong> ofrecen al paciente una protecci\u00f3n ocular herm\u00e9tica a la luz durante el tratamiento. La forma plana simplifica el manejo en las zonas tratadas de la cara. Las cejas y las sienes del paciente permanecen libremente accesibles para el tratamiento. La zona de contacto ligeramente adhesiva permite colocarla y retirarla sin dolor. Adem\u00e1s, la solapa simplifica la retirada tras el tratamiento. Las almohadillas de protecci\u00f3n ocular desechables est\u00e1n certificadas seg\u00fan las normas europeas.<\/p>\n<p><a href=\"https:\/\/gardalaser.it\/wp-content\/uploads\/2024\/09\/600-iplp-50-g-ipl-disposable-eyeshields.pdf\"><strong>Ficha t\u00e9cnica<\/strong><\/a><\/p>\n","protected":false},"featured_media":5822,"template":"","meta":{"_acf_changed":false},"product_brand":[],"product_cat":[296],"product_tag":[],"class_list":{"0":"post-5821","1":"product","2":"type-product","3":"status-publish","4":"has-post-thumbnail","6":"tassonomia-enea-es","7":"tassonomia-enea-duo-es","8":"tassonomia-enea-trio-es","9":"tassonomia-ermes-es","10":"tassonomia-estetica","11":"tassonomia-higiene-dental","12":"tassonomia-l-e-o-plus-es","13":"tassonomia-odontologia","14":"tassonomia-otorrinolaringologia","15":"tassonomia-zaira-es","16":"product_cat-proteccion-ocular","18":"first","19":"instock","20":"taxable","21":"shipping-taxable","22":"purchasable","23":"product-type-simple"},"acf":[],"_links":{"self":[{"href":"https:\/\/gardalaser.it\/es\/wp-json\/wp\/v2\/product\/5821","targetHints":{"allow":["GET"]}}],"collection":[{"href":"https:\/\/gardalaser.it\/es\/wp-json\/wp\/v2\/product"}],"about":[{"href":"https:\/\/gardalaser.it\/es\/wp-json\/wp\/v2\/types\/product"}],"wp:featuredmedia":[{"embeddable":true,"href":"https:\/\/gardalaser.it\/es\/wp-json\/wp\/v2\/media\/5822"}],"wp:attachment":[{"href":"https:\/\/gardalaser.it\/es\/wp-json\/wp\/v2\/media?parent=5821"}],"wp:term":[{"taxonomy":"product_brand","embeddable":true,"href":"https:\/\/gardalaser.it\/es\/wp-json\/wp\/v2\/product_brand?post=5821"},{"taxonomy":"product_cat","embeddable":true,"href":"https:\/\/gardalaser.it\/es\/wp-json\/wp\/v2\/product_cat?post=5821"},{"taxonomy":"product_tag","embeddable":true,"href":"https:\/\/gardalaser.it\/es\/wp-json\/wp\/v2\/product_tag?post=5821"}],"curies":[{"name":"wp","href":"https:\/\/api.w.org\/{rel}","templated":true}]}}