{"id":5816,"date":"2024-09-16T10:06:55","date_gmt":"2024-09-16T08:06:55","guid":{"rendered":"https:\/\/gardalaser.it\/prodotto\/protezioni-oculari-monouso-laser-e-led\/"},"modified":"2024-09-26T13:54:27","modified_gmt":"2024-09-26T11:54:27","slug":"proteccion-ocular-desechable-para-laser-y-led","status":"publish","type":"product","link":"https:\/\/gardalaser.it\/es\/producto\/proteccion-ocular-desechable-para-laser-y-led\/","title":{"rendered":"Protecci\u00f3n ocular desechable para l\u00e1ser y LED"},"content":{"rendered":"<ul>\n<li>25 pares por paquete<\/li>\n<li>color blanco<\/li>\n<li>tambi\u00e9n aptas para IPL<\/li>\n<li>Normas aplicadas y armonizadas: EN 207:2017<\/li>\n<\/ul>\n","protected":false},"excerpt":{"rendered":"<p><strong>Protecci\u00f3n del paciente durante los tratamientos con l\u00e1ser y LED.<\/strong><br \/>\nNuestras almohadillas de protecci\u00f3n ocular hipoalerg\u00e9nicas y sin l\u00e1tex ofrecen al paciente una protecci\u00f3n ocular herm\u00e9tica a la luz durante el tratamiento. La forma plana simplifica la manipulaci\u00f3n en las zonas faciales tratadas. Las cejas y las sienes del paciente permanecen libremente accesibles para el tratamiento. La zona de contacto ligeramente adhesiva permite una colocaci\u00f3n y retirada indolora. Adem\u00e1s, la solapa simplifica la retirada tras el tratamiento. Las almohadillas de protecci\u00f3n ocular desechables est\u00e1n certificadas seg\u00fan las normas europeas.<\/p>\n<p><a href=\"https:\/\/gardalaser.it\/wp-content\/uploads\/2024\/09\/600-lasp-25-n-tk-laser-led-disposable-eyeshields.pdf\"><strong>Ficha t\u00e9cnica<\/strong><\/a><\/p>\n<p>&nbsp;<\/p>\n","protected":false},"featured_media":5817,"template":"","meta":{"_acf_changed":false},"product_brand":[],"product_cat":[296],"product_tag":[],"class_list":{"0":"post-5816","1":"product","2":"type-product","3":"status-publish","4":"has-post-thumbnail","6":"tassonomia-enea-es","7":"tassonomia-enea-duo-es","8":"tassonomia-enea-trio-es","9":"tassonomia-ermes-es","10":"tassonomia-estetica","11":"tassonomia-fisioterapia","12":"tassonomia-higiene-dental","13":"tassonomia-l-e-o-plus-es","14":"tassonomia-otorrinolaringologia","15":"tassonomia-podologia","16":"tassonomia-zaira-es","17":"product_cat-proteccion-ocular","19":"first","20":"instock","21":"taxable","22":"shipping-taxable","23":"purchasable","24":"product-type-simple"},"acf":[],"_links":{"self":[{"href":"https:\/\/gardalaser.it\/es\/wp-json\/wp\/v2\/product\/5816","targetHints":{"allow":["GET"]}}],"collection":[{"href":"https:\/\/gardalaser.it\/es\/wp-json\/wp\/v2\/product"}],"about":[{"href":"https:\/\/gardalaser.it\/es\/wp-json\/wp\/v2\/types\/product"}],"wp:featuredmedia":[{"embeddable":true,"href":"https:\/\/gardalaser.it\/es\/wp-json\/wp\/v2\/media\/5817"}],"wp:attachment":[{"href":"https:\/\/gardalaser.it\/es\/wp-json\/wp\/v2\/media?parent=5816"}],"wp:term":[{"taxonomy":"product_brand","embeddable":true,"href":"https:\/\/gardalaser.it\/es\/wp-json\/wp\/v2\/product_brand?post=5816"},{"taxonomy":"product_cat","embeddable":true,"href":"https:\/\/gardalaser.it\/es\/wp-json\/wp\/v2\/product_cat?post=5816"},{"taxonomy":"product_tag","embeddable":true,"href":"https:\/\/gardalaser.it\/es\/wp-json\/wp\/v2\/product_tag?post=5816"}],"curies":[{"name":"wp","href":"https:\/\/api.w.org\/{rel}","templated":true}]}}