{"id":5809,"date":"2024-03-11T11:26:53","date_gmt":"2024-03-11T10:26:53","guid":{"rendered":"https:\/\/gardalaser.it\/prodotto\/occhiali-di-protezione-per-laser-635nm\/"},"modified":"2024-09-26T15:06:22","modified_gmt":"2024-09-26T13:06:22","slug":"gafas-de-proteccion-para-laseres-de-635-nm","status":"publish","type":"product","link":"https:\/\/gardalaser.it\/es\/producto\/gafas-de-proteccion-para-laseres-de-635-nm\/","title":{"rendered":"Gafas de protecci\u00f3n para l\u00e1seres de 635 nm"},"content":{"rendered":"<p><strong>Informaci\u00f3n sobre el producto<\/strong><\/p>\n<ul>\n<li>Aplicaci\u00f3n: Diodo (630 &#8211; 660 nm), He:Ne (633 nm)<\/li>\n<li>VLT (transmisi\u00f3n de luz visible): 40%.<\/li>\n<li>Color del filtro: azul<\/li>\n<li>Material del filtro: pl\u00e1stico especial<\/li>\n<li>Grosor del filtro: 2,0 mm<\/li>\n<li>Color de la montura: blanco\/negro<\/li>\n<\/ul>\n<p><strong>Montura para gafas ONTOR:<\/strong><\/p>\n<ul>\n<li>Sobregafas deportivas como modelo monofocal<\/li>\n<li>Campo de visi\u00f3n muy amplio<\/li>\n<li>Ajuste perfecto gracias a los soportes flexibles y ajustables en longitud<\/li>\n<li>Agradable comodidad gracias al revestimiento de goma en la zona de la frente<\/li>\n<\/ul>\n<p>&nbsp;<\/p>\n<table>\n<tbody>\n<tr>\n<td><strong>Longitudes de onda <\/strong><strong style=\"font-family: inherit; font-size: inherit;\">(nm)<\/strong><\/td>\n<td><strong>Niveles de protecci\u00f3n<\/strong><\/td>\n<\/tr>\n<tr>\n<td>585-605<\/td>\n<td>DIR LB1 (OD1+)<\/td>\n<\/tr>\n<tr>\n<td>&gt;605-616<\/td>\n<td>DIR LB2 (OD2+)<\/td>\n<\/tr>\n<tr>\n<td>&gt;616-621<\/td>\n<td>DIR LB3 (OD3+)<\/td>\n<\/tr>\n<tr>\n<td>&gt;621-624<\/td>\n<td>DIR LB4 (OD4+)<\/td>\n<\/tr>\n<tr>\n<td><strong>&gt;624-666<\/strong><\/td>\n<td><strong>D LB4 + IR LB5 (OD5+)<\/strong><\/td>\n<\/tr>\n<tr>\n<td>&gt;666-680<\/td>\n<td>DIR LB4 (OD4+)<\/td>\n<\/tr>\n<tr>\n<td><strong>&gt;680-720<\/strong><\/td>\n<td><strong>D LB4 + IR LB5 (OD5+)<\/strong><\/td>\n<\/tr>\n<tr>\n<td><\/td>\n<td>PFCE<\/td>\n<\/tr>\n<\/tbody>\n<\/table>\n","protected":false},"excerpt":{"rendered":"<p><strong>Las gafas de protecci\u00f3n l\u00e1ser ONTOR son unas gafas de protecci\u00f3n l\u00e1ser<\/strong> ligeras y vers\u00e1tiles que constan de una montura de pl\u00e1stico, ideal como sobregafas para usuarios de gafas. La montura ofrece un campo de visi\u00f3n muy amplio y una amplia cobertura lateral, con una excelente comodidad de uso gracias a las patillas flexibles, ajustables en longitud e inclinaci\u00f3n y al <strong>acolchado<\/strong> especial <strong>de goma blanda<\/strong> en la zona de la frente.<\/p>\n<p>El <strong>filtro de protecci\u00f3n l\u00e1ser 0340<\/strong> es adecuado para los siguientes l\u00e1seres: <strong>l\u00e1ser He:Ne (633 nm)<\/strong> y <strong>l\u00e1ser de diodo (650 nm)<\/strong>. El filtro de protecci\u00f3n l\u00e1ser est\u00e1 fabricado con un pl\u00e1stico azul especial y convence por una transmisi\u00f3n de la luz diurna de aprox. el 40 % y un grosor reducido. El filtro de protecci\u00f3n l\u00e1ser <strong>cuenta con la certificaci\u00f3n CE<\/strong> seg\u00fan <strong>EN 207.<\/strong><\/p>\n<p><a href=\"https:\/\/gardalaser.it\/wp-content\/uploads\/2024\/03\/DB-000-K0340-ONTO-DE-EN.pdf\"><strong>Hoja de datos en PDF<\/strong><\/a><\/p>\n<p>&nbsp;<\/p>\n","protected":false},"featured_media":5810,"template":"","meta":{"_acf_changed":false},"product_brand":[],"product_cat":[281],"product_tag":[],"class_list":{"0":"post-5809","1":"product","2":"type-product","3":"status-publish","4":"has-post-thumbnail","6":"tassonomia-enea-duo-es","7":"tassonomia-enea-trio-es","8":"tassonomia-ermes-es","9":"tassonomia-fisioterapia","10":"tassonomia-ginecologia","11":"tassonomia-odontologia","12":"tassonomia-otorrinolaringologia","13":"tassonomia-podologia","14":"tassonomia-veterinario","15":"product_cat-gafas-de-proteccion","17":"first","18":"instock","19":"taxable","20":"shipping-taxable","21":"purchasable","22":"product-type-simple"},"acf":[],"_links":{"self":[{"href":"https:\/\/gardalaser.it\/es\/wp-json\/wp\/v2\/product\/5809","targetHints":{"allow":["GET"]}}],"collection":[{"href":"https:\/\/gardalaser.it\/es\/wp-json\/wp\/v2\/product"}],"about":[{"href":"https:\/\/gardalaser.it\/es\/wp-json\/wp\/v2\/types\/product"}],"wp:featuredmedia":[{"embeddable":true,"href":"https:\/\/gardalaser.it\/es\/wp-json\/wp\/v2\/media\/5810"}],"wp:attachment":[{"href":"https:\/\/gardalaser.it\/es\/wp-json\/wp\/v2\/media?parent=5809"}],"wp:term":[{"taxonomy":"product_brand","embeddable":true,"href":"https:\/\/gardalaser.it\/es\/wp-json\/wp\/v2\/product_brand?post=5809"},{"taxonomy":"product_cat","embeddable":true,"href":"https:\/\/gardalaser.it\/es\/wp-json\/wp\/v2\/product_cat?post=5809"},{"taxonomy":"product_tag","embeddable":true,"href":"https:\/\/gardalaser.it\/es\/wp-json\/wp\/v2\/product_tag?post=5809"}],"curies":[{"name":"wp","href":"https:\/\/api.w.org\/{rel}","templated":true}]}}