{"id":5805,"date":"2024-03-11T10:34:53","date_gmt":"2024-03-11T09:34:53","guid":{"rendered":"https:\/\/gardalaser.it\/prodotto\/occhiali-di-protezione-per-laser-2940nm\/"},"modified":"2024-09-26T15:05:49","modified_gmt":"2024-09-26T13:05:49","slug":"gafas-de-proteccion-laser-2940nm","status":"publish","type":"product","link":"https:\/\/gardalaser.it\/es\/producto\/gafas-de-proteccion-laser-2940nm\/","title":{"rendered":"Gafas de protecci\u00f3n l\u00e1ser 2940nm"},"content":{"rendered":"<p><strong>Informaci\u00f3n sobre el producto<\/strong><\/p>\n<ul>\n<li>Aplicaci\u00f3n: Er:YAG (2780 &#8211; 2940 nm), CO2 (10600 nm)<\/li>\n<li>VLT (transmisi\u00f3n de luz visible): 93%.<\/li>\n<li>Color del filtro: transparente<\/li>\n<li>Material del filtro: pl\u00e1stico especial<\/li>\n<li>Grosor del filtro: 2,0 mm<\/li>\n<li>Color de la montura: blanco\/negro<\/li>\n<\/ul>\n<p><strong>Montura para gafas ONTOR:<\/strong><\/p>\n<ul>\n<li>Sobregafas deportivas como modelo monofocal<\/li>\n<li>Campo de visi\u00f3n muy amplio<\/li>\n<li>Ajuste perfecto gracias a los soportes flexibles y ajustables en longitud<\/li>\n<li>Agradable comodidad gracias al revestimiento de goma en la zona de la frente<\/li>\n<\/ul>\n<p>&nbsp;<\/p>\n<table>\n<tbody>\n<tr>\n<td><strong>Longitudes de onda <\/strong><strong style=\"font-family: inherit; font-size: inherit;\">(nm)<\/strong><\/td>\n<td><strong>Niveles de protecci\u00f3n<\/strong><\/td>\n<\/tr>\n<tr>\n<td><strong>2750-3000<\/strong><\/td>\n<td><strong>DI LB3 + R LB3Y (OD3+)<\/strong><\/td>\n<\/tr>\n<tr>\n<td><strong>5588-11500<\/strong><\/td>\n<td><strong>DI LB3 + R LB3Y (OD3+)<\/strong><\/td>\n<\/tr>\n<tr>\n<td><\/td>\n<td>PFCE<\/td>\n<\/tr>\n<\/tbody>\n<\/table>\n","protected":false},"excerpt":{"rendered":"<p><strong>Las gafas de protecci\u00f3n l\u00e1ser ONTOR son unas gafas de protecci\u00f3n l\u00e1ser<\/strong> ligeras y vers\u00e1tiles que constan de una montura de pl\u00e1stico, ideal como sobregafas para usuarios de gafas. La montura ofrece un campo de visi\u00f3n muy amplio y una amplia cobertura lateral, con una excelente comodidad de uso gracias a las patillas flexibles, ajustables en longitud e inclinaci\u00f3n y al <strong>acolchado<\/strong> especial <strong>de goma blanda<\/strong> en la zona de la frente.<\/p>\n<p>El <strong>filtro de protecci\u00f3n l\u00e1ser 0280<\/strong> es especialmente adecuado como protecci\u00f3n l\u00e1ser para l\u00e1seres <strong>Er:YAG (2940 nm)<\/strong> y <strong>CO2 (10600 nm)<\/strong>. El filtro de protecci\u00f3n l\u00e1ser est\u00e1 fabricado con un pl\u00e1stico especial incoloro y convence por una transmisi\u00f3n de la luz diurna superior al 92% y un grosor reducido. El filtro de protecci\u00f3n l\u00e1ser <strong>cuenta con la certificaci\u00f3n CE<\/strong> seg\u00fan <strong>DIN EN 207<\/strong>.<\/p>\n<p><a href=\"https:\/\/gardalaser.it\/wp-content\/uploads\/2024\/03\/DB-000-K0280-ONTO-DE-EN.pdf\"><strong>Hoja de datos en PDF<\/strong><\/a><\/p>\n","protected":false},"featured_media":5806,"template":"","meta":{"_acf_changed":false},"product_brand":[],"product_cat":[281],"product_tag":[],"class_list":{"0":"post-5805","1":"product","2":"type-product","3":"status-publish","4":"has-post-thumbnail","6":"tassonomia-enea-es","7":"tassonomia-enea-duo-es","8":"tassonomia-enea-trio-es","9":"tassonomia-ermes-es","10":"tassonomia-estetica","11":"tassonomia-higiene-dental","12":"tassonomia-l-e-o-plus-es","13":"tassonomia-odontologia","14":"tassonomia-zaira-es","15":"product_cat-gafas-de-proteccion","17":"first","18":"instock","19":"taxable","20":"shipping-taxable","21":"purchasable","22":"product-type-simple"},"acf":[],"_links":{"self":[{"href":"https:\/\/gardalaser.it\/es\/wp-json\/wp\/v2\/product\/5805","targetHints":{"allow":["GET"]}}],"collection":[{"href":"https:\/\/gardalaser.it\/es\/wp-json\/wp\/v2\/product"}],"about":[{"href":"https:\/\/gardalaser.it\/es\/wp-json\/wp\/v2\/types\/product"}],"wp:featuredmedia":[{"embeddable":true,"href":"https:\/\/gardalaser.it\/es\/wp-json\/wp\/v2\/media\/5806"}],"wp:attachment":[{"href":"https:\/\/gardalaser.it\/es\/wp-json\/wp\/v2\/media?parent=5805"}],"wp:term":[{"taxonomy":"product_brand","embeddable":true,"href":"https:\/\/gardalaser.it\/es\/wp-json\/wp\/v2\/product_brand?post=5805"},{"taxonomy":"product_cat","embeddable":true,"href":"https:\/\/gardalaser.it\/es\/wp-json\/wp\/v2\/product_cat?post=5805"},{"taxonomy":"product_tag","embeddable":true,"href":"https:\/\/gardalaser.it\/es\/wp-json\/wp\/v2\/product_tag?post=5805"}],"curies":[{"name":"wp","href":"https:\/\/api.w.org\/{rel}","templated":true}]}}