{"id":5800,"date":"2024-02-27T11:13:37","date_gmt":"2024-02-27T10:13:37","guid":{"rendered":"https:\/\/gardalaser.it\/prodotto\/puntale-per-unghie-laser-medicale\/"},"modified":"2024-09-26T15:05:14","modified_gmt":"2024-09-26T13:05:14","slug":"laser-medico-punta-de-una","status":"publish","type":"product","link":"https:\/\/gardalaser.it\/es\/producto\/laser-medico-punta-de-una\/","title":{"rendered":"Punta de la u\u00f1a"},"content":{"rendered":"<p><strong>Descripci\u00f3n:<\/strong><\/p>\n<ul>\n<li>Goma autoclavable ciclo 121\u00b0 C durante 15 minutos<\/li>\n<\/ul>\n","protected":false},"excerpt":{"rendered":"<p>Punta adecuada para aplicaciones terap\u00e9uticas sin contacto para \u00e1reas peque\u00f1as y grandes. Reduce la divergencia del rayo l\u00e1ser, evitando la dispersi\u00f3n de energ\u00eda.<\/p>\n","protected":false},"featured_media":5802,"template":"","meta":{"_acf_changed":false},"product_brand":[],"product_cat":[284],"product_tag":[],"class_list":{"0":"post-5800","1":"product","2":"type-product","3":"status-publish","4":"has-post-thumbnail","6":"tassonomia-enea-es","7":"tassonomia-enea-duo-es","8":"tassonomia-enea-trio-es","9":"tassonomia-ermes-es","10":"tassonomia-fisioterapia","11":"tassonomia-podologia","12":"tassonomia-zaira-es","13":"product_cat-piezas-de-mano-terapeuticas","15":"first","16":"instock","17":"taxable","18":"shipping-taxable","19":"purchasable","20":"product-type-simple"},"acf":[],"_links":{"self":[{"href":"https:\/\/gardalaser.it\/es\/wp-json\/wp\/v2\/product\/5800","targetHints":{"allow":["GET"]}}],"collection":[{"href":"https:\/\/gardalaser.it\/es\/wp-json\/wp\/v2\/product"}],"about":[{"href":"https:\/\/gardalaser.it\/es\/wp-json\/wp\/v2\/types\/product"}],"wp:featuredmedia":[{"embeddable":true,"href":"https:\/\/gardalaser.it\/es\/wp-json\/wp\/v2\/media\/5802"}],"wp:attachment":[{"href":"https:\/\/gardalaser.it\/es\/wp-json\/wp\/v2\/media?parent=5800"}],"wp:term":[{"taxonomy":"product_brand","embeddable":true,"href":"https:\/\/gardalaser.it\/es\/wp-json\/wp\/v2\/product_brand?post=5800"},{"taxonomy":"product_cat","embeddable":true,"href":"https:\/\/gardalaser.it\/es\/wp-json\/wp\/v2\/product_cat?post=5800"},{"taxonomy":"product_tag","embeddable":true,"href":"https:\/\/gardalaser.it\/es\/wp-json\/wp\/v2\/product_tag?post=5800"}],"curies":[{"name":"wp","href":"https:\/\/api.w.org\/{rel}","templated":true}]}}