{"id":5790,"date":"2024-02-27T10:18:16","date_gmt":"2024-02-27T09:18:16","guid":{"rendered":"https:\/\/gardalaser.it\/prodotto\/fibra-side-firing-per-laser-medicale\/"},"modified":"2024-09-26T12:32:49","modified_gmt":"2024-09-26T10:32:49","slug":"fibra-side-firing-para-laser-medico","status":"publish","type":"product","link":"https:\/\/gardalaser.it\/es\/producto\/fibra-side-firing-para-laser-medico\/","title":{"rendered":"Fibra side firing"},"content":{"rendered":"<p><strong>Descripci\u00f3n:<\/strong><\/p>\n<ul>\n<li>Punta de fibra: 8 grados oblicua<\/li>\n<li>Aplicaci\u00f3n de l\u00e1ser infrarrojo (IR) y visible<\/li>\n<li>Di\u00e1metro de la fibra: 600um<\/li>\n<li>Esterilizaci\u00f3n ETO, embalaje doble<\/li>\n<li>Longitud est\u00e1ndar 3 m<\/li>\n<li>Conector est\u00e1ndar SMA905<\/li>\n<li>Ciclo de goma autoclavable 121\u00b0 C durante 15 minutos<\/li>\n<\/ul>\n","protected":false},"excerpt":{"rendered":"<p>La fibra, con su punta mecanizada, permite una irradiaci\u00f3n lateral que maximiza la transmisi\u00f3n del l\u00e1ser para obtener unos resultados de tratamiento \u00f3ptimos.<\/p>\n","protected":false},"featured_media":5791,"template":"","meta":{"_acf_changed":false},"product_brand":[],"product_cat":[286],"product_tag":[],"class_list":{"0":"post-5790","1":"product","2":"type-product","3":"status-publish","4":"has-post-thumbnail","6":"tassonomia-enea-es","7":"tassonomia-enea-duo-es","8":"tassonomia-enea-trio-es","9":"tassonomia-ermes-es","10":"tassonomia-flebologia","11":"tassonomia-ginecologia","12":"tassonomia-urologia","13":"tassonomia-zaira-es","14":"product_cat-fibras-e-tip","16":"first","17":"instock","18":"taxable","19":"shipping-taxable","20":"purchasable","21":"product-type-simple"},"acf":[],"_links":{"self":[{"href":"https:\/\/gardalaser.it\/es\/wp-json\/wp\/v2\/product\/5790","targetHints":{"allow":["GET"]}}],"collection":[{"href":"https:\/\/gardalaser.it\/es\/wp-json\/wp\/v2\/product"}],"about":[{"href":"https:\/\/gardalaser.it\/es\/wp-json\/wp\/v2\/types\/product"}],"wp:featuredmedia":[{"embeddable":true,"href":"https:\/\/gardalaser.it\/es\/wp-json\/wp\/v2\/media\/5791"}],"wp:attachment":[{"href":"https:\/\/gardalaser.it\/es\/wp-json\/wp\/v2\/media?parent=5790"}],"wp:term":[{"taxonomy":"product_brand","embeddable":true,"href":"https:\/\/gardalaser.it\/es\/wp-json\/wp\/v2\/product_brand?post=5790"},{"taxonomy":"product_cat","embeddable":true,"href":"https:\/\/gardalaser.it\/es\/wp-json\/wp\/v2\/product_cat?post=5790"},{"taxonomy":"product_tag","embeddable":true,"href":"https:\/\/gardalaser.it\/es\/wp-json\/wp\/v2\/product_tag?post=5790"}],"curies":[{"name":"wp","href":"https:\/\/api.w.org\/{rel}","templated":true}]}}