{"id":5786,"date":"2024-02-27T09:25:30","date_gmt":"2024-02-27T08:25:30","guid":{"rendered":"https:\/\/gardalaser.it\/prodotto\/fibra-diffuser\/"},"modified":"2024-09-26T12:29:24","modified_gmt":"2024-09-26T10:29:24","slug":"fibra-diffuser","status":"publish","type":"product","link":"https:\/\/gardalaser.it\/es\/producto\/fibra-diffuser\/","title":{"rendered":"Difusor de fibra"},"content":{"rendered":"<ul>\n<li>Longitud de la punta difusora: 10 mm<\/li>\n<li>Di\u00e1metro de la punta del difusor: 1,9-2,0 mm<\/li>\n<li>Di\u00e1metro de la fibra: 400um<\/li>\n<li>Esterilizaci\u00f3n ETO, embalaje doble<\/li>\n<li>Longitud est\u00e1ndar 3 m<\/li>\n<li>Conector est\u00e1ndar SMA905<\/li>\n<li>Ciclo de goma autoclavable 121\u00b0 C durante 15 minutos<\/li>\n<\/ul>\n","protected":false},"excerpt":{"rendered":"<p>Fibra \u00f3ptica con punta de dispersi\u00f3n de luz uniforme, alta eficacia de transmisi\u00f3n, adecuada para terapia fotodin\u00e1mica.<\/p>\n","protected":false},"featured_media":5787,"template":"","meta":{"_acf_changed":false},"product_brand":[],"product_cat":[286],"product_tag":[],"class_list":{"0":"post-5786","1":"product","2":"type-product","3":"status-publish","4":"has-post-thumbnail","6":"tassonomia-enea-es","7":"tassonomia-enea-duo-es","8":"tassonomia-enea-trio-es","9":"tassonomia-ermes-es","10":"tassonomia-estetica","11":"tassonomia-flebologia","12":"tassonomia-zaira-es","13":"product_cat-fibras-e-tip","15":"first","16":"instock","17":"taxable","18":"shipping-taxable","19":"purchasable","20":"product-type-simple"},"acf":[],"_links":{"self":[{"href":"https:\/\/gardalaser.it\/es\/wp-json\/wp\/v2\/product\/5786","targetHints":{"allow":["GET"]}}],"collection":[{"href":"https:\/\/gardalaser.it\/es\/wp-json\/wp\/v2\/product"}],"about":[{"href":"https:\/\/gardalaser.it\/es\/wp-json\/wp\/v2\/types\/product"}],"wp:featuredmedia":[{"embeddable":true,"href":"https:\/\/gardalaser.it\/es\/wp-json\/wp\/v2\/media\/5787"}],"wp:attachment":[{"href":"https:\/\/gardalaser.it\/es\/wp-json\/wp\/v2\/media?parent=5786"}],"wp:term":[{"taxonomy":"product_brand","embeddable":true,"href":"https:\/\/gardalaser.it\/es\/wp-json\/wp\/v2\/product_brand?post=5786"},{"taxonomy":"product_cat","embeddable":true,"href":"https:\/\/gardalaser.it\/es\/wp-json\/wp\/v2\/product_cat?post=5786"},{"taxonomy":"product_tag","embeddable":true,"href":"https:\/\/gardalaser.it\/es\/wp-json\/wp\/v2\/product_tag?post=5786"}],"curies":[{"name":"wp","href":"https:\/\/api.w.org\/{rel}","templated":true}]}}