{"id":5774,"date":"2023-11-02T11:48:06","date_gmt":"2023-11-02T10:48:06","guid":{"rendered":"https:\/\/gardalaser.it\/prodotto\/crema-viso-notte-nutriente-antiage-50ml\/"},"modified":"2024-09-26T12:17:48","modified_gmt":"2024-09-26T10:17:48","slug":"crema-facial-nutritiva-de-noche-antiedad-50ml","status":"publish","type":"product","link":"https:\/\/gardalaser.it\/es\/producto\/crema-facial-nutritiva-de-noche-antiedad-50ml\/","title":{"rendered":"Crema facial nutritiva de noche antiedad 50ml"},"content":{"rendered":"<p><strong>MODO DE EMPLEO<\/strong><br \/>\nAplicar cada noche como crema facial y una vez a la semana aplicar una fina capa como mascarilla facial durante 10 minutos para una acci\u00f3n antiedad a\u00fan m\u00e1s intensa.<\/p>\n<p><strong>PRINCIPIOS FUNCIONALES<\/strong><\/p>\n<ul>\n<li>\u00c1cido Hialur\u00f3nico de alto peso molecular: act\u00faa en la superficie garantizando una hidrataci\u00f3n eficaz y tiene una acci\u00f3n film\u00f3gena, uni\u00e9ndose al estrato c\u00f3rneo con un efecto tensor y protector<\/li>\n<li>\u00c1cido Hialur\u00f3nico de peso molecular medio: supera la barrera cut\u00e1nea y aporta a la piel toda el agua que necesita para preservar su capital de belleza y turgencia.<\/li>\n<li>\u00c1cido Hialur\u00f3nico de bajo peso molecular: act\u00faa en profundidad, alcanzando las capas m\u00e1s profundas, estimulando la producci\u00f3n fisiol\u00f3gica de las prote\u00ednas responsables de la firmeza y elasticidad de la piel (Col\u00e1geno) y provocando una reducci\u00f3n de la profundidad de las arrugas<\/li>\n<li>Vitamina E: antioxidante<\/li>\n<li>Aloe Vera Ecol\u00f3gico: extraordinaria capacidad para penetrar e hidratar la piel en profundidad<\/li>\n<li>Aceite de Jojoba Ecol\u00f3gico y Aceite de Almendras Ecol\u00f3gico: nutritivos y elastizantes<\/li>\n<li>Extracto de aciano ecol\u00f3gico: descongestionante, calmante, hidratante<\/li>\n<li>Alanto\u00edna y factores hidratantes: hidratante, humectante<\/li>\n<li>Vitamina A: retrasa el envejecimiento celular, \u00fatil para la piel seca<\/li>\n<\/ul>\n","protected":false},"excerpt":{"rendered":"<p>Formulada para pieles con signos visibles de envejecimiento como firmeza y arrugas marcadas. La acci\u00f3n antiedad de la crema viene dada por la presencia de \u00e1cidos hialur\u00f3nicos de diferentes pesos moleculares y extractos como el Aloe, el Aceite de Jojoba, el Aceite de Coco y la Vitamina A. Su textura rica y nutritiva y su delicada fragancia la convierten en un producto excelente para aplicar en el rostro, cuello y escote, espec\u00edficamente para el descanso nocturno. Noche tras noche, la piel y las arrugas finas se alisan.<\/p>\n","protected":false},"featured_media":5775,"template":"","meta":{"_acf_changed":false},"product_brand":[],"product_cat":[294],"product_tag":[],"class_list":{"0":"post-5774","1":"product","2":"type-product","3":"status-publish","4":"has-post-thumbnail","6":"tassonomia-enea-es","7":"tassonomia-enea-duo-es","8":"tassonomia-ermes-es","9":"tassonomia-l-e-o-plus-es","10":"tassonomia-zaira-es","11":"product_cat-cosmeticos","13":"first","14":"instock","15":"taxable","16":"shipping-taxable","17":"purchasable","18":"product-type-simple"},"acf":[],"_links":{"self":[{"href":"https:\/\/gardalaser.it\/es\/wp-json\/wp\/v2\/product\/5774","targetHints":{"allow":["GET"]}}],"collection":[{"href":"https:\/\/gardalaser.it\/es\/wp-json\/wp\/v2\/product"}],"about":[{"href":"https:\/\/gardalaser.it\/es\/wp-json\/wp\/v2\/types\/product"}],"wp:featuredmedia":[{"embeddable":true,"href":"https:\/\/gardalaser.it\/es\/wp-json\/wp\/v2\/media\/5775"}],"wp:attachment":[{"href":"https:\/\/gardalaser.it\/es\/wp-json\/wp\/v2\/media?parent=5774"}],"wp:term":[{"taxonomy":"product_brand","embeddable":true,"href":"https:\/\/gardalaser.it\/es\/wp-json\/wp\/v2\/product_brand?post=5774"},{"taxonomy":"product_cat","embeddable":true,"href":"https:\/\/gardalaser.it\/es\/wp-json\/wp\/v2\/product_cat?post=5774"},{"taxonomy":"product_tag","embeddable":true,"href":"https:\/\/gardalaser.it\/es\/wp-json\/wp\/v2\/product_tag?post=5774"}],"curies":[{"name":"wp","href":"https:\/\/api.w.org\/{rel}","templated":true}]}}