{"id":5771,"date":"2023-11-02T11:37:26","date_gmt":"2023-11-02T10:37:26","guid":{"rendered":"https:\/\/gardalaser.it\/prodotto\/siero-viso-acido-jaluronico-puro-a-tre-pesi-molecolari-30ml\/"},"modified":"2024-09-26T12:15:27","modified_gmt":"2024-09-26T10:15:27","slug":"suero-facial-de-acido-hialuronico-puro-de-triple-peso-molecular-30ml","status":"publish","type":"product","link":"https:\/\/gardalaser.it\/es\/producto\/suero-facial-de-acido-hialuronico-puro-de-triple-peso-molecular-30ml\/","title":{"rendered":"Suero facial de \u00e1cido hialur\u00f3nico puro de triple peso molecular 30ml"},"content":{"rendered":"<p><strong>MODO DE EMPLEO<\/strong><br \/>\nAplicar sobre la piel del rostro y masajear suavemente hasta su completa absorci\u00f3n.<\/p>\n<p><strong>PRINCIPIOS FUNCIONALES<\/strong><\/p>\n<ul>\n<li>Agua de Lim\u00f3n Ecol\u00f3gico: hidratante, astringente<\/li>\n<li>\u00c1cido Hialur\u00f3nico de alto peso molecular: act\u00faa en la superficie garantizando una hidrataci\u00f3n eficaz y tiene una acci\u00f3n film\u00f3gena, uni\u00e9ndose al estrato c\u00f3rneo con un efecto tensor y protector<\/li>\n<li>\u00c1cido Hialur\u00f3nico de peso molecular medio: supera la barrera cut\u00e1nea y aporta a la piel toda el agua que necesita para preservar su capital de belleza y turgencia.<\/li>\n<li>\u00c1cido Hialur\u00f3nico de bajo peso molecular: act\u00faa en profundidad, alcanzando las capas m\u00e1s profundas, estimulando la producci\u00f3n fisiol\u00f3gica de las prote\u00ednas responsables de la firmeza y elasticidad de la piel (Col\u00e1geno) y provocando una reducci\u00f3n de la profundidad de las arrugas<\/li>\n<\/ul>\n","protected":false},"excerpt":{"rendered":"<p>\u00c1cido hialur\u00f3nico puro de alto rendimiento gracias a la composici\u00f3n de diferentes pesos moleculares mezclados entre s\u00ed. El bajo peso molecular le permite penetrar m\u00e1s profundamente, asegurando un efecto rellenador y antiarrugas, mientras que los pesos moleculares medio y alto aseguran un intenso poder hidratante con efecto reafirmante. Para utilizar puro o a\u00f1adido a la crema habitual.<\/p>\n","protected":false},"featured_media":5772,"template":"","meta":{"_acf_changed":false},"product_brand":[],"product_cat":[294],"product_tag":[],"class_list":{"0":"post-5771","1":"product","2":"type-product","3":"status-publish","4":"has-post-thumbnail","6":"tassonomia-enea-es","7":"tassonomia-enea-duo-es","8":"tassonomia-ermes-es","9":"tassonomia-l-e-o-plus-es","10":"tassonomia-zaira-es","11":"product_cat-cosmeticos","13":"first","14":"instock","15":"taxable","16":"shipping-taxable","17":"purchasable","18":"product-type-simple"},"acf":[],"_links":{"self":[{"href":"https:\/\/gardalaser.it\/es\/wp-json\/wp\/v2\/product\/5771","targetHints":{"allow":["GET"]}}],"collection":[{"href":"https:\/\/gardalaser.it\/es\/wp-json\/wp\/v2\/product"}],"about":[{"href":"https:\/\/gardalaser.it\/es\/wp-json\/wp\/v2\/types\/product"}],"wp:featuredmedia":[{"embeddable":true,"href":"https:\/\/gardalaser.it\/es\/wp-json\/wp\/v2\/media\/5772"}],"wp:attachment":[{"href":"https:\/\/gardalaser.it\/es\/wp-json\/wp\/v2\/media?parent=5771"}],"wp:term":[{"taxonomy":"product_brand","embeddable":true,"href":"https:\/\/gardalaser.it\/es\/wp-json\/wp\/v2\/product_brand?post=5771"},{"taxonomy":"product_cat","embeddable":true,"href":"https:\/\/gardalaser.it\/es\/wp-json\/wp\/v2\/product_cat?post=5771"},{"taxonomy":"product_tag","embeddable":true,"href":"https:\/\/gardalaser.it\/es\/wp-json\/wp\/v2\/product_tag?post=5771"}],"curies":[{"name":"wp","href":"https:\/\/api.w.org\/{rel}","templated":true}]}}