{"id":5753,"date":"2024-03-11T14:43:57","date_gmt":"2024-03-11T13:43:57","guid":{"rendered":"https:\/\/gardalaser.it\/prodotto\/occhiali-per-laser-450-532-1064nm\/"},"modified":"2024-09-26T15:01:54","modified_gmt":"2024-09-26T13:01:54","slug":"gafas-para-laser-450-532-1064nm","status":"publish","type":"product","link":"https:\/\/gardalaser.it\/es\/producto\/gafas-para-laser-450-532-1064nm\/","title":{"rendered":"Gafas para l\u00e1ser 450-532-1064nm"},"content":{"rendered":"<p><strong>Informaci\u00f3n sobre el producto<\/strong><\/p>\n<ul>\n<li>Aplicaciones: Excimer (193 nm), UV (248 nm), Nd:YAG 4x (266 nm), Nd:YAG 3x (355 nm), L\u00e1ser de luz azul (450 &#8211; 480 nm), Arg\u00f3n (515 nm), Nd: YAG 2x (532 nm), Ti:Zafiro (800 nm), Diodo (808 nm), Diodo (940 nm), Disco (1030 nm), Nd:YAG (1064 nm), Faser (976 &#8211; 1080 nm), CO2 (10600 nm)<\/li>\n<li>VLT (transmisi\u00f3n de luz visible): 30%.<\/li>\n<li>Color del filtro: naranja<\/li>\n<li>Material del filtro: pol\u00edmero<\/li>\n<li>Grosor del filtro: 2,0 mm<\/li>\n<li>Color de la montura: blanco\/negro<\/li>\n<\/ul>\n<p><strong>Montura para gafas ONTOR:<\/strong><\/p>\n<ul>\n<li>gafas deportivas<\/li>\n<li>campo de visi\u00f3n muy amplio<\/li>\n<li>ajuste individual de la longitud y el \u00e1ngulo de las patillas<\/li>\n<li>comodidad perfecta gracias a la espuma facial de caucho<\/li>\n<\/ul>\n<p>&nbsp;<\/p>\n<table>\n<tbody>\n<tr>\n<td><strong>Longitudes de onda<\/strong><\/td>\n<td><strong>Niveles de protecci\u00f3n<\/strong><\/td>\n<\/tr>\n<tr>\n<td>180-315<\/td>\n<td>D LB10 + IR LB5 + M LB6Y (OD10+)<\/td>\n<\/tr>\n<tr>\n<td><strong>&gt;315-532<\/strong><\/td>\n<td><strong>D LB6 + IR LB8 + M LB10 (OD10+)<\/strong><\/td>\n<\/tr>\n<tr>\n<td><strong>&gt;532-534<\/strong><\/td>\n<td><strong>D LB6 + IR LB7 (OD7+)<\/strong><\/td>\n<\/tr>\n<tr>\n<td><strong>&gt;534-536<\/strong><\/td>\n<td><strong>DIR LB6 (OD6+)<\/strong><\/td>\n<\/tr>\n<tr>\n<td><strong>&gt;536-538<\/strong><\/td>\n<td><strong>DIR LB5 (OD5+)<\/strong><\/td>\n<\/tr>\n<tr>\n<td>&gt;538-541<\/td>\n<td>DIR LB4 (OD4+)<\/td>\n<\/tr>\n<tr>\n<td>&gt;541-544<\/td>\n<td>DIR LB3 (OD3+)<\/td>\n<\/tr>\n<tr>\n<td>&gt;544-548<\/td>\n<td>DIR LB2 (OD2+)<\/td>\n<\/tr>\n<tr>\n<td>&gt;548-554<\/td>\n<td>DIR LB1 (OD1+)<\/td>\n<\/tr>\n<tr>\n<td>682-727<\/td>\n<td>DIR LB1 (OD1+)<\/td>\n<\/tr>\n<tr>\n<td>&gt;727-759<\/td>\n<td>DIR LB2 (OD2+)<\/td>\n<\/tr>\n<tr>\n<td>&gt;759-785<\/td>\n<td>DIR LB3 (OD3+)<\/td>\n<\/tr>\n<tr>\n<td>&gt;785-819<\/td>\n<td>DIR LB4 (OD4+)<\/td>\n<\/tr>\n<tr>\n<td><strong>&gt;819-851<\/strong><\/td>\n<td><strong>DIR LB5 (OD5+)<\/strong><\/td>\n<\/tr>\n<tr>\n<td><strong>&gt;851-882<\/strong><\/td>\n<td><strong>D LB6 + IRM LB7 (OD7+)<\/strong><\/td>\n<\/tr>\n<tr>\n<td><strong>&gt;882-924<\/strong><\/td>\n<td><strong>D LB6 + IRM LB8 (OD8+)<\/strong><\/td>\n<\/tr>\n<tr>\n<td><strong>&gt;924-1071<\/strong><\/td>\n<td><strong>D LB6 + IRM LB9 (OD9+)<\/strong><\/td>\n<\/tr>\n<tr>\n<td><strong>950-1065<\/strong><\/td>\n<td><strong>D LB6 + IR LB9 + M LB10 (OD10+)<\/strong><\/td>\n<\/tr>\n<tr>\n<td><strong>&gt;1071-1078<\/strong><\/td>\n<td><strong>D LB6 + IRM LB8 (OD8+)<\/strong><\/td>\n<\/tr>\n<tr>\n<td><strong>&gt;1078-1080<\/strong><\/td>\n<td><strong>D LB6 + IRM LB7 (OD7+)<\/strong><\/td>\n<\/tr>\n<tr>\n<td><strong>&gt;1080-1082<\/strong><\/td>\n<td><strong>DIR LB6 (OD6+)<\/strong><\/td>\n<\/tr>\n<tr>\n<td><strong>&gt;1082-1085<\/strong><\/td>\n<td><strong>DIR LB5 (OD5+)<\/strong><\/td>\n<\/tr>\n<tr>\n<td>&gt;1085-1101<\/td>\n<td>DIR LB4 (OD4+)<\/td>\n<\/tr>\n<tr>\n<td>&gt;1101-1117<\/td>\n<td>DIR LB3 (OD3+)<\/td>\n<\/tr>\n<tr>\n<td>&gt;1117-1133<\/td>\n<td>DIR LB2 (OD2+)<\/td>\n<\/tr>\n<tr>\n<td>&gt;1133-1164<\/td>\n<td>DIR LB1 (OD1+)<\/td>\n<\/tr>\n<tr>\n<td>&gt;5140-11500<\/td>\n<td>DI LB4 + R LB3Y (OD4+)<\/td>\n<\/tr>\n<tr>\n<td><\/td>\n<td>PFCE<\/td>\n<\/tr>\n<\/tbody>\n<\/table>\n","protected":false},"excerpt":{"rendered":"<p>ONTOR es una <strong>gafa de seguridad l\u00e1ser ligera<\/strong> fabricada con pol\u00edmeros especiales, que constituye la soluci\u00f3n perfecta para llevar sobre gafas graduadas. Esta montura ofrece un amplio campo de visi\u00f3n y protecci\u00f3n contra impactos laterales. Las patillas pueden ajustarse individualmente y una espuma facial suave y bien sellada aumenta la comodidad.<\/p>\n<p>El <strong>filtro de seguridad l\u00e1ser 0278<\/strong> es adecuado para muchos l\u00e1seres, como <strong> el excimer (193 nm)<\/strong>,<strong>UV (248<\/strong> <strong>nm<\/strong> <strong>)<\/strong>, <strong>Nd:YAG 4x (266 nm)<\/strong>, <strong>Nd:YAG 3x (355 nm)<\/strong>, <strong>Blaulicht-Laser (450 &#8211; 480 nm)<\/strong>,<strong>Arg\u00f3n (515 nm)<\/strong>, <strong>Nd:<\/strong> <strong>YAG 2x (532<\/strong> <strong>nm<\/strong> <strong>)<\/strong>, <strong>Ti:Saphir (800<\/strong> <strong>nm<\/strong> <strong>)<\/strong>, <strong>Diodo<\/strong> <strong>(<\/strong> <strong>808 nm)<\/strong>, <strong>Diodo (940 nm)<\/strong>, <strong>Disco (1030 nm)<\/strong>, <strong>Nd:YAG (1064 nm)<\/strong>, <strong>Fibra (976 &#8211; 1080 nm)<\/strong> y <strong>CO2 (10600 nm)<\/strong>. El filtro de seguridad l\u00e1ser est\u00e1 fabricado en pl\u00e1stico especial de color naranja oscuro y ofrece una transmisi\u00f3n visual de la luz (VLT) del 30% y un grosor de filtro reducido. El filtro de seguridad l\u00e1ser <strong>cuenta con la certificaci\u00f3n CE<\/strong> conforme a los requisitos de la <strong>norma EN 207.<\/strong><\/p>\n<p><a href=\"https:\/\/gardalaser.it\/wp-content\/uploads\/2024\/03\/DB-000-K0278-ONTO-DE-EN.pdf\"><strong>Hoja de datos en PDF<\/strong><\/a><\/p>\n","protected":false},"featured_media":5754,"template":"","meta":{"_acf_changed":false},"product_brand":[],"product_cat":[281],"product_tag":[],"class_list":{"0":"post-5753","1":"product","2":"type-product","3":"status-publish","4":"has-post-thumbnail","6":"tassonomia-enea-duo-es","7":"tassonomia-enea-trio-es","8":"tassonomia-ermes-es","9":"tassonomia-fisioterapia","10":"tassonomia-ginecologia","11":"tassonomia-odontologia","12":"tassonomia-otorrinolaringologia","13":"tassonomia-podologia","14":"tassonomia-veterinario","15":"tassonomia-zaira-es","16":"product_cat-gafas-de-proteccion","18":"first","19":"instock","20":"taxable","21":"shipping-taxable","22":"purchasable","23":"product-type-simple"},"acf":[],"_links":{"self":[{"href":"https:\/\/gardalaser.it\/es\/wp-json\/wp\/v2\/product\/5753","targetHints":{"allow":["GET"]}}],"collection":[{"href":"https:\/\/gardalaser.it\/es\/wp-json\/wp\/v2\/product"}],"about":[{"href":"https:\/\/gardalaser.it\/es\/wp-json\/wp\/v2\/types\/product"}],"wp:featuredmedia":[{"embeddable":true,"href":"https:\/\/gardalaser.it\/es\/wp-json\/wp\/v2\/media\/5754"}],"wp:attachment":[{"href":"https:\/\/gardalaser.it\/es\/wp-json\/wp\/v2\/media?parent=5753"}],"wp:term":[{"taxonomy":"product_brand","embeddable":true,"href":"https:\/\/gardalaser.it\/es\/wp-json\/wp\/v2\/product_brand?post=5753"},{"taxonomy":"product_cat","embeddable":true,"href":"https:\/\/gardalaser.it\/es\/wp-json\/wp\/v2\/product_cat?post=5753"},{"taxonomy":"product_tag","embeddable":true,"href":"https:\/\/gardalaser.it\/es\/wp-json\/wp\/v2\/product_tag?post=5753"}],"curies":[{"name":"wp","href":"https:\/\/api.w.org\/{rel}","templated":true}]}}