{"id":5751,"date":"2022-04-21T16:15:48","date_gmt":"2022-04-21T14:15:48","guid":{"rendered":"https:\/\/gardalaser.it\/prodotto\/manipolo-fotobiomodulazione\/"},"modified":"2024-09-26T15:01:27","modified_gmt":"2024-09-26T13:01:27","slug":"pieza-de-mano-de-fotobiomodulacion","status":"publish","type":"product","link":"https:\/\/gardalaser.it\/es\/producto\/pieza-de-mano-de-fotobiomodulacion\/","title":{"rendered":"Pieza de mano de fotobiomodulaci\u00f3n"},"content":{"rendered":"<ul>\n<li>conector est\u00e1ndar SMA 905<\/li>\n<li>apertura nominal 0,22<\/li>\n<li>longitudes de onda de 400nm a 1500nm<\/li>\n<li>longitud 3m<\/li>\n<li>goma autoclavable ciclo 121\u00b0 C durante 15 minutos<\/li>\n<\/ul>\n","protected":false},"excerpt":{"rendered":"<p>Accesorio de fotobiomodulaci\u00f3n ideal para una acci\u00f3n l\u00e1ser equidistribuida sobre 1 cm2<\/p>\n","protected":false},"featured_media":2107,"template":"","meta":{"_acf_changed":false},"product_brand":[],"product_cat":[284],"product_tag":[],"class_list":{"0":"post-5751","1":"product","2":"type-product","3":"status-publish","4":"has-post-thumbnail","6":"tassonomia-enea-es","7":"tassonomia-enea-duo-es","8":"tassonomia-enea-trio-es","9":"tassonomia-ermes-es","10":"tassonomia-estetica","11":"tassonomia-fisioterapia","12":"tassonomia-higiene-dental","13":"tassonomia-odontologia","14":"tassonomia-otorrinolaringologia","15":"tassonomia-podologia","16":"tassonomia-veterinario","17":"tassonomia-zaira-es","18":"product_cat-piezas-de-mano-terapeuticas","19":"product_shipping_class-spedizione-assicurata-es","21":"first","22":"instock","23":"taxable","24":"shipping-taxable","25":"purchasable","26":"product-type-simple"},"acf":[],"_links":{"self":[{"href":"https:\/\/gardalaser.it\/es\/wp-json\/wp\/v2\/product\/5751","targetHints":{"allow":["GET"]}}],"collection":[{"href":"https:\/\/gardalaser.it\/es\/wp-json\/wp\/v2\/product"}],"about":[{"href":"https:\/\/gardalaser.it\/es\/wp-json\/wp\/v2\/types\/product"}],"wp:featuredmedia":[{"embeddable":true,"href":"https:\/\/gardalaser.it\/es\/wp-json\/wp\/v2\/media\/2107"}],"wp:attachment":[{"href":"https:\/\/gardalaser.it\/es\/wp-json\/wp\/v2\/media?parent=5751"}],"wp:term":[{"taxonomy":"product_brand","embeddable":true,"href":"https:\/\/gardalaser.it\/es\/wp-json\/wp\/v2\/product_brand?post=5751"},{"taxonomy":"product_cat","embeddable":true,"href":"https:\/\/gardalaser.it\/es\/wp-json\/wp\/v2\/product_cat?post=5751"},{"taxonomy":"product_tag","embeddable":true,"href":"https:\/\/gardalaser.it\/es\/wp-json\/wp\/v2\/product_tag?post=5751"}],"curies":[{"name":"wp","href":"https:\/\/api.w.org\/{rel}","templated":true}]}}