{"id":5747,"date":"2024-03-11T11:00:22","date_gmt":"2024-03-11T10:00:22","guid":{"rendered":"https:\/\/gardalaser.it\/prodotto\/occhiali-protettivi-per-laser-450-532nm\/"},"modified":"2024-09-26T15:01:11","modified_gmt":"2024-09-26T13:01:11","slug":"gafas-de-proteccion-para-laseres-de-450-532-nm","status":"publish","type":"product","link":"https:\/\/gardalaser.it\/es\/producto\/gafas-de-proteccion-para-laseres-de-450-532-nm\/","title":{"rendered":"Gafas de protecci\u00f3n para l\u00e1seres de 450-532 nm"},"content":{"rendered":"<p><strong>Informaci\u00f3n sobre el producto:<\/strong><\/p>\n<ul>\n<li>Aplicaci\u00f3n: Excimer (193 nm), UV (248 nm), Nd:YAG 4x (266 nm), Nd:YAG 3x (355 nm), L\u00e1ser de luz azul (450 &#8211; 480 nm), Arg\u00f3n (515 nm), Nd:YAG 2x (532 nm), KTP (532 nm).<\/li>\n<li>VLT (transmisi\u00f3n de luz visible): 42%.<\/li>\n<li>Color del filtro: naranja<\/li>\n<li>Material del filtro: pol\u00edmero<\/li>\n<li>Grosor del filtro: 2,0 mm<\/li>\n<li>Color de la montura: blanco\/negro<\/li>\n<\/ul>\n<p><strong>Montura para gafas ONTOR:<\/strong><\/p>\n<ul>\n<li>gafas deportivas<\/li>\n<li>campo de visi\u00f3n muy amplio<\/li>\n<li>ajuste individual de la longitud y el \u00e1ngulo de las patillas<\/li>\n<li>comodidad perfecta gracias a la espuma facial de goma<\/li>\n<\/ul>\n<p>&nbsp;<\/p>\n<table>\n<tbody>\n<tr>\n<td><strong>Longitudes de onda<\/strong><\/td>\n<td><strong>Niveles de protecci\u00f3n<\/strong><\/td>\n<\/tr>\n<tr>\n<td>180-315<\/td>\n<td>D LB10 + IR LB5 + M LB6Y (OD10+)<\/td>\n<\/tr>\n<tr>\n<td><strong>&gt;315-532<\/strong><\/td>\n<td><strong>D LB6 + IRM LB8 (OD8+)<\/strong><\/td>\n<\/tr>\n<tr>\n<td><strong>&gt;532-534<\/strong><\/td>\n<td><strong>D LB6 + IRM LB7 (OD7+)<\/strong><\/td>\n<\/tr>\n<tr>\n<td><strong>&gt;534-536<\/strong><\/td>\n<td><strong>DIRM LB6 (OD6+)<\/strong><\/td>\n<\/tr>\n<tr>\n<td><strong>&gt;536-538<\/strong><\/td>\n<td><strong>DIRM LB5 (OD5+)<\/strong><\/td>\n<\/tr>\n<tr>\n<td>&gt;538-540<\/td>\n<td>DIRM LB4 (OD4+)<\/td>\n<\/tr>\n<tr>\n<td>&gt;540-542<\/td>\n<td>DIRM LB3 (OD3+)<\/td>\n<\/tr>\n<tr>\n<td>&gt;542-544<\/td>\n<td>DIRM LB2 (OD2+)<\/td>\n<\/tr>\n<tr>\n<td>&gt;544-548<\/td>\n<td>DIRM LB1 (OD1+)<\/td>\n<\/tr>\n<tr>\n<td>&gt;4004-4625<\/td>\n<td>DIR LB2 (OD2+)<\/td>\n<\/tr>\n<tr>\n<td>&gt;4625-4770<\/td>\n<td>DIR LB1 (OD3+)<\/td>\n<\/tr>\n<tr>\n<td>&gt;4770-5170<\/td>\n<td>DI LB3 + R LB3Y (OD3+)<\/td>\n<\/tr>\n<tr>\n<td>&gt;5170-11500<\/td>\n<td>DI LB4 + R LB3Y (OD4+)<\/td>\n<\/tr>\n<tr>\n<td><\/td>\n<td>PFCE<\/td>\n<\/tr>\n<\/tbody>\n<\/table>\n","protected":false},"excerpt":{"rendered":"<p>ONTOR es una <strong>gafa de seguridad l\u00e1ser ligera<\/strong> fabricada con pol\u00edmeros especiales, como soluci\u00f3n perfecta para llevar sobre gafas graduadas. Esta montura ofrece un amplio campo de visi\u00f3n y protecci\u00f3n contra impactos laterales. Las patillas pueden ajustarse individualmente y una espuma facial suave y bien sellada mejora la comodidad.<\/p>\n<p>El <strong>filtro de seguridad l\u00e1ser 0277<\/strong> es adecuado para potentes <strong>l\u00e1seres<\/strong> <strong>Nd:YAG 4x (266<\/strong> <strong>nm<\/strong> <strong>)<\/strong>, <strong>Nd:YAG 3x (355 nm)<\/strong>, <strong>Blaulicht-Laser (450 &#8211; 480 nm)<\/strong>, <strong>Arg\u00f3n (515 nm)<\/strong>, <strong>Nd:YAG 2x (532 nm) )<\/strong> y <strong>KTP (532 nm)<\/strong>. El filtro de seguridad l\u00e1ser consiste en un policarbonato naranja y ofrece una alta transmisi\u00f3n de luz visual (VLT) del 42% debido a su bajo grosor de filtro. El filtro de seguridad l\u00e1ser <strong>cuenta con la certificaci\u00f3n CE<\/strong> conforme a los requisitos de la <strong>norma EN 207.<\/strong><\/p>\n<p><a href=\"https:\/\/gardalaser.it\/wp-content\/uploads\/2024\/03\/DB-000-K0277-ONTO-DE-EN.pdf\"><strong>Hoja de datos en PDF<\/strong><\/a><\/p>\n","protected":false},"featured_media":5748,"template":"","meta":{"_acf_changed":false},"product_brand":[],"product_cat":[281],"product_tag":[],"class_list":{"0":"post-5747","1":"product","2":"type-product","3":"status-publish","4":"has-post-thumbnail","6":"tassonomia-enea-duo-es","7":"tassonomia-enea-trio-es","8":"tassonomia-ermes-es","9":"tassonomia-fisioterapia","10":"tassonomia-ginecologia","11":"tassonomia-higiene-dental","12":"tassonomia-odontologia","13":"tassonomia-otorrinolaringologia","14":"tassonomia-podologia","15":"tassonomia-veterinario","16":"product_cat-gafas-de-proteccion","18":"first","19":"onbackorder","20":"taxable","21":"shipping-taxable","22":"purchasable","23":"product-type-simple"},"acf":[],"_links":{"self":[{"href":"https:\/\/gardalaser.it\/es\/wp-json\/wp\/v2\/product\/5747","targetHints":{"allow":["GET"]}}],"collection":[{"href":"https:\/\/gardalaser.it\/es\/wp-json\/wp\/v2\/product"}],"about":[{"href":"https:\/\/gardalaser.it\/es\/wp-json\/wp\/v2\/types\/product"}],"wp:featuredmedia":[{"embeddable":true,"href":"https:\/\/gardalaser.it\/es\/wp-json\/wp\/v2\/media\/5748"}],"wp:attachment":[{"href":"https:\/\/gardalaser.it\/es\/wp-json\/wp\/v2\/media?parent=5747"}],"wp:term":[{"taxonomy":"product_brand","embeddable":true,"href":"https:\/\/gardalaser.it\/es\/wp-json\/wp\/v2\/product_brand?post=5747"},{"taxonomy":"product_cat","embeddable":true,"href":"https:\/\/gardalaser.it\/es\/wp-json\/wp\/v2\/product_cat?post=5747"},{"taxonomy":"product_tag","embeddable":true,"href":"https:\/\/gardalaser.it\/es\/wp-json\/wp\/v2\/product_tag?post=5747"}],"curies":[{"name":"wp","href":"https:\/\/api.w.org\/{rel}","templated":true}]}}