{"id":5728,"date":"2024-03-11T10:13:12","date_gmt":"2024-03-11T09:13:12","guid":{"rendered":"https:\/\/gardalaser.it\/prodotto\/occhiali-per-laser-1470-1520-1940nm\/"},"modified":"2024-09-26T14:59:06","modified_gmt":"2024-09-26T12:59:06","slug":"gafas-laser-1470-1520-1940nm","status":"publish","type":"product","link":"https:\/\/gardalaser.it\/es\/producto\/gafas-laser-1470-1520-1940nm\/","title":{"rendered":"Gafas l\u00e1ser 1470-1520-1940nm"},"content":{"rendered":"<p><strong>Informaci\u00f3n sobre el producto<\/strong><\/p>\n<ul>\n<li>Aplicaci\u00f3n: Ho:YAG (2100 nm), Thulium (1480 + 1940 nm), Er:glass (1540 nm), Telecom (1320 nm)<\/li>\n<li>VLT (transmisi\u00f3n de luz visible): 25%.<\/li>\n<li>Color del filtro: gris<\/li>\n<li>Material del filtro: pol\u00edmero<\/li>\n<li>Grosor del filtro: 2,0 mm<\/li>\n<li>Color de la montura: blanco\/negro<\/li>\n<\/ul>\n<p><strong>Montura para gafas ONTOR:<\/strong><\/p>\n<ul>\n<li>gafas deportivas<\/li>\n<li>campo de visi\u00f3n muy amplio<\/li>\n<li>ajuste individual de la longitud y el \u00e1ngulo de las patillas<\/li>\n<li>comodidad perfecta gracias a la espuma facial de goma<\/li>\n<\/ul>\n<p>&nbsp;<\/p>\n<table>\n<tbody>\n<tr>\n<td><strong>Longitudes de onda<\/strong><\/td>\n<td><strong>Niveles de protecci\u00f3n<\/strong><\/td>\n<\/tr>\n<tr>\n<td>180-315<\/td>\n<td>D LB10 + IR LB5 + M LB6Y (OD10+)<\/td>\n<\/tr>\n<tr>\n<td>800-1000<\/td>\n<td>DIR LB1 (OD1+)<\/td>\n<\/tr>\n<tr>\n<td>&gt;1000-1300<\/td>\n<td>DIR LB2 (OD2+)<\/td>\n<\/tr>\n<tr>\n<td>&gt;1300-1400<\/td>\n<td>DIR LB3 (OD3+)<\/td>\n<\/tr>\n<tr>\n<td>&gt;1400-1430<\/td>\n<td>DIR LB3 + M LB3Y (OD3+)<\/td>\n<\/tr>\n<tr>\n<td><strong>&gt;1430-11.500<\/strong><\/td>\n<td><strong>DI LB4 + R LB3Y + M LB4Y (OD4+)<\/strong><\/td>\n<\/tr>\n<tr>\n<td><\/td>\n<td>PF SCE<\/td>\n<\/tr>\n<\/tbody>\n<\/table>\n","protected":false},"excerpt":{"rendered":"<p>ONTOR es una <strong>gafa de seguridad l\u00e1ser ligera<\/strong> fabricada con pol\u00edmeros especiales, como soluci\u00f3n perfecta para llevar sobre gafas graduadas. Esta montura ofrece un amplio campo de visi\u00f3n y protecci\u00f3n contra impactos laterales. Las patillas pueden ajustarse individualmente y una espuma facial suave y bien sellada mejora la comodidad.<\/p>\n<p>El <strong>filtro de seguridad l\u00e1ser 0342<\/strong> est\u00e1 especialmente indicado para <strong>l\u00e1ser excimer, UV, Tm:diodo, Er:cristal, telecomunicaci\u00f3n, tulio, Ho:YAG, Er:YAG<\/strong> y <strong>CO2,<\/strong> pero tambi\u00e9n cubre otras longitudes de onda. El filtro de seguridad l\u00e1ser est\u00e1 fabricado en policarbonato gris y ofrece una transmisi\u00f3n de luz visual (VLT) del 25% y un menor grosor de filtro. El filtro de seguridad l\u00e1ser <strong>cuenta con la certificaci\u00f3n CE<\/strong> conforme a los requisitos de la <strong>norma EN 207.<\/strong><\/p>\n<p><a href=\"https:\/\/gardalaser.it\/wp-content\/uploads\/2024\/03\/DB-000-K0342-ONTO-DE-EN.pdf\"><strong>Hoja de datos en PDF<\/strong><\/a><\/p>\n","protected":false},"featured_media":5729,"template":"","meta":{"_acf_changed":false},"product_brand":[],"product_cat":[281],"product_tag":[],"class_list":{"0":"post-5728","1":"product","2":"type-product","3":"status-publish","4":"has-post-thumbnail","6":"tassonomia-enea-duo-es","7":"tassonomia-enea-trio-es","8":"tassonomia-fisioterapia","9":"tassonomia-ginecologia","10":"tassonomia-odontologia","11":"tassonomia-otorrinolaringologia","12":"tassonomia-podologia","13":"tassonomia-veterinario","14":"tassonomia-zaira-es","15":"product_cat-gafas-de-proteccion","17":"first","18":"instock","19":"taxable","20":"shipping-taxable","21":"purchasable","22":"product-type-simple"},"acf":[],"_links":{"self":[{"href":"https:\/\/gardalaser.it\/es\/wp-json\/wp\/v2\/product\/5728","targetHints":{"allow":["GET"]}}],"collection":[{"href":"https:\/\/gardalaser.it\/es\/wp-json\/wp\/v2\/product"}],"about":[{"href":"https:\/\/gardalaser.it\/es\/wp-json\/wp\/v2\/types\/product"}],"wp:featuredmedia":[{"embeddable":true,"href":"https:\/\/gardalaser.it\/es\/wp-json\/wp\/v2\/media\/5729"}],"wp:attachment":[{"href":"https:\/\/gardalaser.it\/es\/wp-json\/wp\/v2\/media?parent=5728"}],"wp:term":[{"taxonomy":"product_brand","embeddable":true,"href":"https:\/\/gardalaser.it\/es\/wp-json\/wp\/v2\/product_brand?post=5728"},{"taxonomy":"product_cat","embeddable":true,"href":"https:\/\/gardalaser.it\/es\/wp-json\/wp\/v2\/product_cat?post=5728"},{"taxonomy":"product_tag","embeddable":true,"href":"https:\/\/gardalaser.it\/es\/wp-json\/wp\/v2\/product_tag?post=5728"}],"curies":[{"name":"wp","href":"https:\/\/api.w.org\/{rel}","templated":true}]}}