{"id":5726,"date":"2022-05-05T09:59:54","date_gmt":"2022-05-05T07:59:54","guid":{"rendered":"https:\/\/gardalaser.it\/prodotto\/manipolo-ginecologico\/"},"modified":"2024-09-26T14:58:28","modified_gmt":"2024-09-26T12:58:28","slug":"pieza-de-mano-ginecologica","status":"publish","type":"product","link":"https:\/\/gardalaser.it\/es\/producto\/pieza-de-mano-ginecologica\/","title":{"rendered":"Pieza de mano ginecol\u00f3gica"},"content":{"rendered":"<ul>\n<li>conector est\u00e1ndar SMA 905<\/li>\n<li>apertura nominal 0,22<\/li>\n<li>longitud de onda 808nm\/980nm\/1470nm<\/li>\n<li>longitud 2m<\/li>\n<li>potencia m\u00e1x. 30 W<\/li>\n<li>goma autoclavable ciclo 121\u00b0 C durante 15 minutos<\/li>\n<\/ul>\n","protected":false},"excerpt":{"rendered":"<p>Pieza de mano para tratamientos ginecol\u00f3gicos m\u00ednimamente invasivos asistidos por l\u00e1ser<\/p>\n","protected":false},"featured_media":2255,"template":"","meta":{"_acf_changed":false},"product_brand":[],"product_cat":[291],"product_tag":[],"class_list":{"0":"post-5726","1":"product","2":"type-product","3":"status-publish","4":"has-post-thumbnail","6":"tassonomia-enea-es","7":"tassonomia-enea-duo-es","8":"tassonomia-enea-trio-es","9":"tassonomia-ermes-es","10":"tassonomia-ginecologia","11":"tassonomia-veterinario","12":"tassonomia-zaira-es","13":"product_cat-piezas-de-mano-para-ginecologia","14":"product_shipping_class-spedizione-assicurata-fascia-alta-es","16":"first","17":"instock","18":"taxable","19":"shipping-taxable","20":"purchasable","21":"product-type-simple"},"acf":[],"_links":{"self":[{"href":"https:\/\/gardalaser.it\/es\/wp-json\/wp\/v2\/product\/5726","targetHints":{"allow":["GET"]}}],"collection":[{"href":"https:\/\/gardalaser.it\/es\/wp-json\/wp\/v2\/product"}],"about":[{"href":"https:\/\/gardalaser.it\/es\/wp-json\/wp\/v2\/types\/product"}],"wp:featuredmedia":[{"embeddable":true,"href":"https:\/\/gardalaser.it\/es\/wp-json\/wp\/v2\/media\/2255"}],"wp:attachment":[{"href":"https:\/\/gardalaser.it\/es\/wp-json\/wp\/v2\/media?parent=5726"}],"wp:term":[{"taxonomy":"product_brand","embeddable":true,"href":"https:\/\/gardalaser.it\/es\/wp-json\/wp\/v2\/product_brand?post=5726"},{"taxonomy":"product_cat","embeddable":true,"href":"https:\/\/gardalaser.it\/es\/wp-json\/wp\/v2\/product_cat?post=5726"},{"taxonomy":"product_tag","embeddable":true,"href":"https:\/\/gardalaser.it\/es\/wp-json\/wp\/v2\/product_tag?post=5726"}],"curies":[{"name":"wp","href":"https:\/\/api.w.org\/{rel}","templated":true}]}}