{"id":5715,"date":"2022-05-05T11:23:15","date_gmt":"2022-05-05T09:23:15","guid":{"rendered":"https:\/\/gardalaser.it\/prodotto\/wireless-ultrasound-scanner-a-colori-con-hd-doppia-testa-lineare-convessa\/"},"modified":"2024-09-25T15:59:08","modified_gmt":"2024-09-25T13:59:08","slug":"ecografo-inalambrico-hd-en-color-con-cabezal-lineal-convexo-doble","status":"publish","type":"product","link":"https:\/\/gardalaser.it\/es\/producto\/ecografo-inalambrico-hd-en-color-con-cabezal-lineal-convexo-doble\/","title":{"rendered":"Ec\u00f3grafo inal\u00e1mbrico HD en color con cabezal lineal convexo doble"},"content":{"rendered":"<ul>\n<li>tipo de conexi\u00f3n: WI-FI<\/li>\n<li>configurable con: IOS, Android, Windows PC<\/li>\n<\/ul>\n","protected":false},"excerpt":{"rendered":"<p>Ec\u00f3grafo port\u00e1til de precisi\u00f3n para an\u00e1lisis de diagn\u00f3stico r\u00e1pido en color de alta definici\u00f3n con transmisi\u00f3n inal\u00e1mbrica y cabezal lineal convexo doble<\/p>\n","protected":false},"featured_media":2238,"template":"","meta":{"_acf_changed":false},"product_brand":[],"product_cat":[289],"product_tag":[],"class_list":{"0":"post-5715","1":"product","2":"type-product","3":"status-publish","4":"has-post-thumbnail","6":"tassonomia-enea-es","7":"tassonomia-enea-duo-es","8":"tassonomia-enea-trio-es","9":"tassonomia-ermes-es","10":"tassonomia-zaira-es","11":"product_cat-wireless-ultrasound-scanner-es","12":"product_shipping_class-spedizione-assicurata-fascia-alta-es","14":"first","15":"instock","16":"taxable","17":"shipping-taxable","18":"purchasable","19":"product-type-simple"},"acf":[],"_links":{"self":[{"href":"https:\/\/gardalaser.it\/es\/wp-json\/wp\/v2\/product\/5715","targetHints":{"allow":["GET"]}}],"collection":[{"href":"https:\/\/gardalaser.it\/es\/wp-json\/wp\/v2\/product"}],"about":[{"href":"https:\/\/gardalaser.it\/es\/wp-json\/wp\/v2\/types\/product"}],"wp:featuredmedia":[{"embeddable":true,"href":"https:\/\/gardalaser.it\/es\/wp-json\/wp\/v2\/media\/2238"}],"wp:attachment":[{"href":"https:\/\/gardalaser.it\/es\/wp-json\/wp\/v2\/media?parent=5715"}],"wp:term":[{"taxonomy":"product_brand","embeddable":true,"href":"https:\/\/gardalaser.it\/es\/wp-json\/wp\/v2\/product_brand?post=5715"},{"taxonomy":"product_cat","embeddable":true,"href":"https:\/\/gardalaser.it\/es\/wp-json\/wp\/v2\/product_cat?post=5715"},{"taxonomy":"product_tag","embeddable":true,"href":"https:\/\/gardalaser.it\/es\/wp-json\/wp\/v2\/product_tag?post=5715"}],"curies":[{"name":"wp","href":"https:\/\/api.w.org\/{rel}","templated":true}]}}