{"id":5711,"date":"2022-05-05T11:17:31","date_gmt":"2022-05-05T09:17:31","guid":{"rendered":"https:\/\/gardalaser.it\/prodotto\/wireless-ultrasound-scanner-b-n-con-singola-testa-lineare\/"},"modified":"2024-09-25T15:52:10","modified_gmt":"2024-09-25T13:52:10","slug":"ecografo-b-n-inalambrico-con-cabezal-lineal-unico","status":"publish","type":"product","link":"https:\/\/gardalaser.it\/es\/producto\/ecografo-b-n-inalambrico-con-cabezal-lineal-unico\/","title":{"rendered":"Ec\u00f3grafo B\/N inal\u00e1mbrico con cabezal lineal \u00fanico"},"content":{"rendered":"<ul>\n<li>tipo de conexi\u00f3n: WI-FI<\/li>\n<li>configurable con: IOS, Android, Windows PC<\/li>\n<\/ul>\n","protected":false},"excerpt":{"rendered":"<p>Dispositivo port\u00e1til de <strong>ecograf\u00eda de precisi\u00f3n<\/strong> para an\u00e1lisis de diagn\u00f3stico r\u00e1pido en blanco y negro con transmisi\u00f3n inal\u00e1mbrica y cabezal lineal \u00fanico<\/p>\n","protected":false},"featured_media":2234,"template":"","meta":{"_acf_changed":false},"product_brand":[],"product_cat":[289],"product_tag":[],"class_list":{"0":"post-5711","1":"product","2":"type-product","3":"status-publish","4":"has-post-thumbnail","6":"tassonomia-enea-es","7":"tassonomia-enea-duo-es","8":"tassonomia-enea-trio-es","9":"tassonomia-ermes-es","10":"tassonomia-zaira-es","11":"product_cat-wireless-ultrasound-scanner-es","12":"product_shipping_class-spedizione-assicurata-fascia-alta-es","14":"first","15":"instock","16":"taxable","17":"shipping-taxable","18":"purchasable","19":"product-type-simple"},"acf":[],"_links":{"self":[{"href":"https:\/\/gardalaser.it\/es\/wp-json\/wp\/v2\/product\/5711","targetHints":{"allow":["GET"]}}],"collection":[{"href":"https:\/\/gardalaser.it\/es\/wp-json\/wp\/v2\/product"}],"about":[{"href":"https:\/\/gardalaser.it\/es\/wp-json\/wp\/v2\/types\/product"}],"wp:featuredmedia":[{"embeddable":true,"href":"https:\/\/gardalaser.it\/es\/wp-json\/wp\/v2\/media\/2234"}],"wp:attachment":[{"href":"https:\/\/gardalaser.it\/es\/wp-json\/wp\/v2\/media?parent=5711"}],"wp:term":[{"taxonomy":"product_brand","embeddable":true,"href":"https:\/\/gardalaser.it\/es\/wp-json\/wp\/v2\/product_brand?post=5711"},{"taxonomy":"product_cat","embeddable":true,"href":"https:\/\/gardalaser.it\/es\/wp-json\/wp\/v2\/product_cat?post=5711"},{"taxonomy":"product_tag","embeddable":true,"href":"https:\/\/gardalaser.it\/es\/wp-json\/wp\/v2\/product_tag?post=5711"}],"curies":[{"name":"wp","href":"https:\/\/api.w.org\/{rel}","templated":true}]}}