{"id":5706,"date":"2022-04-22T15:51:42","date_gmt":"2022-04-22T13:51:42","guid":{"rendered":"https:\/\/gardalaser.it\/prodotto\/photizo-blush\/"},"modified":"2024-09-25T15:46:39","modified_gmt":"2024-09-25T13:46:39","slug":"photizo-blush","status":"publish","type":"product","link":"https:\/\/gardalaser.it\/es\/producto\/photizo-blush\/","title":{"rendered":"Photizo Blush"},"content":{"rendered":"<p>El colorete Photizo <strong>no<\/strong> es un producto sanitario CE.<\/p>\n<p>&nbsp;<\/p>\n<p><img loading=\"lazy\" decoding=\"async\" class=\"alignnone size-medium wp-image-2948\" src=\"https:\/\/gardalaser.it\/wp-content\/uploads\/2022\/04\/blush-300x65.jpg\" alt=\"\" width=\"300\" height=\"65\" srcset=\"https:\/\/gardalaser.it\/wp-content\/uploads\/2022\/04\/blush-300x65.jpg 300w, https:\/\/gardalaser.it\/wp-content\/uploads\/2022\/04\/blush-500x109.jpg 500w, https:\/\/gardalaser.it\/wp-content\/uploads\/2022\/04\/blush.jpg 514w\" sizes=\"auto, (max-width: 300px) 100vw, 300px\" \/><\/p>\n<p>&nbsp;<\/p>\n<ul>\n<li>tratamiento l\u00e1ser domiciliario para<strong> reducir l\u00edneas finas, arrugas y patas de gallo<\/strong><\/li>\n<li>tratamiento l\u00e1ser en casa para<strong> mejorar la textura y el tono de la piel<\/strong><\/li>\n<li>tratamiento l\u00e1ser para<strong> estimular la producci\u00f3n de col\u00e1geno y elastina<\/strong><\/li>\n<li>tratamiento l\u00e1ser home care para<strong> reducir la hinchaz\u00f3n de los ojos y las ojeras<\/strong><\/li>\n<li>tratamiento casero con l\u00e1ser para<strong> las manchas cut\u00e1neas<\/strong><\/li>\n<\/ul>\n<h2>\u00bfC\u00d3MO SE UTILIZA PHOTIZO?<\/h2>\n<p>Coloque el cabezal del Photizo Blush (que contiene los LEDs y los infrarrojos) sobre la zona a tratar, pulse el bot\u00f3n rosa de encendido y espere a que finalice el tratamiento temporizado, despu\u00e9s mu\u00e9valo a la siguiente zona a tratar. Repita el procedimiento como se indica en el manual para todas las zonas deseadas.<\/p>\n","protected":false},"excerpt":{"rendered":"<p>Eficaz aparato port\u00e1til para el <strong>rejuvenecimiento de la piel<\/strong>, estimula la producci\u00f3n de col\u00e1geno y elastina.<\/p>\n<p>Garda Laser es un distribuidor autorizado de PHOTIZO\u00ae LIGHT THERAPY. <a href=\"https:\/\/gardalaser.it\/wp-content\/uploads\/2024\/05\/IFU-Blush-2021.pdf\">Ver PDF<\/a><\/p>\n","protected":false},"featured_media":2137,"template":"","meta":{"_acf_changed":false},"product_brand":[],"product_cat":[287],"product_tag":[],"class_list":{"0":"post-5706","1":"product","2":"type-product","3":"status-publish","4":"has-post-thumbnail","6":"product_cat-home-care-photizo-es","8":"first","9":"outofstock","10":"taxable","11":"shipping-taxable","12":"purchasable","13":"product-type-simple"},"acf":[],"_links":{"self":[{"href":"https:\/\/gardalaser.it\/es\/wp-json\/wp\/v2\/product\/5706","targetHints":{"allow":["GET"]}}],"collection":[{"href":"https:\/\/gardalaser.it\/es\/wp-json\/wp\/v2\/product"}],"about":[{"href":"https:\/\/gardalaser.it\/es\/wp-json\/wp\/v2\/types\/product"}],"wp:featuredmedia":[{"embeddable":true,"href":"https:\/\/gardalaser.it\/es\/wp-json\/wp\/v2\/media\/2137"}],"wp:attachment":[{"href":"https:\/\/gardalaser.it\/es\/wp-json\/wp\/v2\/media?parent=5706"}],"wp:term":[{"taxonomy":"product_brand","embeddable":true,"href":"https:\/\/gardalaser.it\/es\/wp-json\/wp\/v2\/product_brand?post=5706"},{"taxonomy":"product_cat","embeddable":true,"href":"https:\/\/gardalaser.it\/es\/wp-json\/wp\/v2\/product_cat?post=5706"},{"taxonomy":"product_tag","embeddable":true,"href":"https:\/\/gardalaser.it\/es\/wp-json\/wp\/v2\/product_tag?post=5706"}],"curies":[{"name":"wp","href":"https:\/\/api.w.org\/{rel}","templated":true}]}}