{"id":5701,"date":"2022-04-22T15:45:23","date_gmt":"2022-04-22T13:45:23","guid":{"rendered":"https:\/\/gardalaser.it\/prodotto\/photizo-skincare\/"},"modified":"2024-09-25T15:43:56","modified_gmt":"2024-09-25T13:43:56","slug":"photizo-skincare","status":"publish","type":"product","link":"https:\/\/gardalaser.it\/es\/producto\/photizo-skincare\/","title":{"rendered":"Photizo Skincare"},"content":{"rendered":"<p>Photizo Pain Relief \u00e8\u00a0<strong>approvato CE medicale<\/strong>\u00a0per il\u00a0<strong>trattamento del dolore cronico.<\/strong><\/p>\n<p>&nbsp;<\/p>\n<p><img loading=\"lazy\" decoding=\"async\" class=\"alignnone size-medium wp-image-2956\" src=\"https:\/\/gardalaser.it\/wp-content\/uploads\/2022\/04\/skincare-300x86.jpg\" alt=\"\" width=\"300\" height=\"86\" srcset=\"https:\/\/gardalaser.it\/wp-content\/uploads\/2022\/04\/skincare-300x86.jpg 300w, https:\/\/gardalaser.it\/wp-content\/uploads\/2022\/04\/skincare.jpg 376w\" sizes=\"auto, (max-width: 300px) 100vw, 300px\" \/><\/p>\n<p>&nbsp;<\/p>\n<ul>\n<li>tratamiento casero con l\u00e1ser para la <strong>cicatrizaci\u00f3n de heridas<\/strong><\/li>\n<li>tratamiento casero con l\u00e1ser para la <strong>cicatrizaci\u00f3n de hematomas<\/strong><\/li>\n<li>tratamiento casero con l\u00e1ser para <strong>el cuidado de la piel<\/strong><\/li>\n<li>tratamiento casero con l\u00e1ser para <strong>cicatrices<\/strong><\/li>\n<li>tratamiento l\u00e1ser casero para <strong>heridas abiertas<\/strong><\/li>\n<li>tratamiento l\u00e1ser casero para <strong>heridas por picaduras de insectos<\/strong><\/li>\n<li>tratamiento l\u00e1ser casero para <strong>abrasiones o laceraciones<\/strong><\/li>\n<li>tratamiento con l\u00e1ser para <strong>\u00falceras<\/strong><\/li>\n<li>tratamiento con l\u00e1ser para <strong>moratones<\/strong><\/li>\n<li>tratamiento con l\u00e1ser para <strong>ampollas<\/strong><\/li>\n<\/ul>\n<h2>\u00bfC\u00d3MO SE UTILIZA PHOTIZO?<\/h2>\n<p>Coloque el cabezal del Photizo Blush (que contiene los LED y los infrarrojos) sobre la zona a tratar, pulse el bot\u00f3n rosa de encendido y espere a que finalice el tratamiento temporizado; a continuaci\u00f3n, despl\u00e1celo a la siguiente zona a tratar. Repita el procedimiento como se indica en el manual para todas las zonas deseadas.<\/p>\n","protected":false},"excerpt":{"rendered":"<p>Dispositivo m\u00e9dico port\u00e1til <strong>para el<\/strong> tratamiento <strong>del cuidado de la piel que ayuda a la curaci\u00f3n de heridas, cortes y contusiones<\/strong>.<\/p>\n<p>Garda Laser es un distribuidor autorizado de PHOTIZO\u00ae LIGHT THERAPY. <a href=\"https:\/\/gardalaser.it\/wp-content\/uploads\/2024\/05\/IFUs-Home-Care-2022.pdf\" target=\"_blank\" rel=\"noopener\">Ver PDF<\/a><\/p>\n","protected":false},"featured_media":2135,"template":"","meta":{"_acf_changed":false},"product_brand":[],"product_cat":[287],"product_tag":[],"class_list":{"0":"post-5701","1":"product","2":"type-product","3":"status-publish","4":"has-post-thumbnail","6":"product_cat-home-care-photizo-es","8":"first","9":"outofstock","10":"taxable","11":"shipping-taxable","12":"purchasable","13":"product-type-simple"},"acf":[],"_links":{"self":[{"href":"https:\/\/gardalaser.it\/es\/wp-json\/wp\/v2\/product\/5701","targetHints":{"allow":["GET"]}}],"collection":[{"href":"https:\/\/gardalaser.it\/es\/wp-json\/wp\/v2\/product"}],"about":[{"href":"https:\/\/gardalaser.it\/es\/wp-json\/wp\/v2\/types\/product"}],"wp:featuredmedia":[{"embeddable":true,"href":"https:\/\/gardalaser.it\/es\/wp-json\/wp\/v2\/media\/2135"}],"wp:attachment":[{"href":"https:\/\/gardalaser.it\/es\/wp-json\/wp\/v2\/media?parent=5701"}],"wp:term":[{"taxonomy":"product_brand","embeddable":true,"href":"https:\/\/gardalaser.it\/es\/wp-json\/wp\/v2\/product_brand?post=5701"},{"taxonomy":"product_cat","embeddable":true,"href":"https:\/\/gardalaser.it\/es\/wp-json\/wp\/v2\/product_cat?post=5701"},{"taxonomy":"product_tag","embeddable":true,"href":"https:\/\/gardalaser.it\/es\/wp-json\/wp\/v2\/product_tag?post=5701"}],"curies":[{"name":"wp","href":"https:\/\/api.w.org\/{rel}","templated":true}]}}