{"id":5694,"date":"2022-04-22T15:41:09","date_gmt":"2022-04-22T13:41:09","guid":{"rendered":"https:\/\/gardalaser.it\/prodotto\/photizo-pain-relief\/"},"modified":"2025-09-22T15:30:08","modified_gmt":"2025-09-22T13:30:08","slug":"photizo-pain-relief","status":"publish","type":"product","link":"https:\/\/gardalaser.it\/es\/producto\/photizo-pain-relief\/","title":{"rendered":"Photizo Pain Relief"},"content":{"rendered":"<p>Photizo Pain Relief est\u00e1 <strong>aprobado m\u00e9dicamente CE<\/strong> para el <strong>tratamiento del dolor cr\u00f3nico.<\/strong><\/p>\n<p>&nbsp;<\/p>\n<p><img loading=\"lazy\" decoding=\"async\" class=\"alignnone size-medium wp-image-2856\" src=\"https:\/\/gardalaser.it\/wp-content\/uploads\/2022\/04\/Senza-titolo-300x66.png\" alt=\"\" width=\"300\" height=\"66\" srcset=\"https:\/\/gardalaser.it\/wp-content\/uploads\/2022\/04\/Senza-titolo-300x66.png 300w, https:\/\/gardalaser.it\/wp-content\/uploads\/2022\/04\/Senza-titolo.png 362w\" sizes=\"auto, (max-width: 300px) 100vw, 300px\" \/><\/p>\n<p>&nbsp;<\/p>\n<ul>\n<li>tratamiento casero con l\u00e1ser para el <strong>dolor musculoesquel\u00e9tico<\/strong><\/li>\n<li>tratamiento casero con l\u00e1ser para <strong>reducir la inflamaci\u00f3n<\/strong><\/li>\n<li>tratamiento casero con l\u00e1ser para <strong>la artritis<\/strong><\/li>\n<li>tratamiento casero con l\u00e1ser para <strong>el dolor de cuello<\/strong><\/li>\n<li>tratamiento l\u00e1ser a domicilio de los <strong>problemas de espalda<\/strong><\/li>\n<li>tratamiento con l\u00e1ser a domicilio para <strong>lesiones u operaciones postoperatorias<\/strong><\/li>\n<li>tratamiento con l\u00e1ser a domicilio de las <strong>lesiones nerviosas<\/strong><\/li>\n<li>tratamiento l\u00e1ser a domicilio de <strong>infecciones y fibromialgia<\/strong><\/li>\n<\/ul>\n<h2>\u00bfC\u00d3MO SE UTILIZA PHOTIZO?<\/h2>\n<p>Coloque el cabezal del Photizo Pain Relief (que contiene los LED y los infrarrojos) en la zona que desea tratar, pulse el bot\u00f3n verde de encendido y espere hasta que finalice el tratamiento temporizado; a continuaci\u00f3n, despl\u00e1celo a la siguiente zona que desee tratar. Repita el procedimiento como se indica en el manual para todas las zonas deseadas.<\/p>\n","protected":false},"excerpt":{"rendered":"<p>Dispositivo m\u00e9dico que <strong>alivia y ayuda a controlar el dolor cr\u00f3nico<\/strong> y reduce la hinchaz\u00f3n y la inflamaci\u00f3n.<\/p>\n<p>Garda Laser es un distribuidor autorizado de PHOTIZO\u00ae LIGHT THERAPY. <a href=\"https:\/\/gardalaser.it\/wp-content\/uploads\/2024\/05\/IFUs-Home-Care-2022.pdf\">Ver PDF<\/a><\/p>\n","protected":false},"featured_media":2134,"template":"","meta":{"_acf_changed":false},"product_brand":[],"product_cat":[287],"product_tag":[],"class_list":{"0":"post-5694","1":"product","2":"type-product","3":"status-publish","4":"has-post-thumbnail","6":"product_cat-home-care-photizo-es","8":"first","9":"instock","10":"taxable","11":"shipping-taxable","12":"purchasable","13":"product-type-simple"},"acf":[],"_links":{"self":[{"href":"https:\/\/gardalaser.it\/es\/wp-json\/wp\/v2\/product\/5694","targetHints":{"allow":["GET"]}}],"collection":[{"href":"https:\/\/gardalaser.it\/es\/wp-json\/wp\/v2\/product"}],"about":[{"href":"https:\/\/gardalaser.it\/es\/wp-json\/wp\/v2\/types\/product"}],"wp:featuredmedia":[{"embeddable":true,"href":"https:\/\/gardalaser.it\/es\/wp-json\/wp\/v2\/media\/2134"}],"wp:attachment":[{"href":"https:\/\/gardalaser.it\/es\/wp-json\/wp\/v2\/media?parent=5694"}],"wp:term":[{"taxonomy":"product_brand","embeddable":true,"href":"https:\/\/gardalaser.it\/es\/wp-json\/wp\/v2\/product_brand?post=5694"},{"taxonomy":"product_cat","embeddable":true,"href":"https:\/\/gardalaser.it\/es\/wp-json\/wp\/v2\/product_cat?post=5694"},{"taxonomy":"product_tag","embeddable":true,"href":"https:\/\/gardalaser.it\/es\/wp-json\/wp\/v2\/product_tag?post=5694"}],"curies":[{"name":"wp","href":"https:\/\/api.w.org\/{rel}","templated":true}]}}