{"id":5689,"date":"2022-04-22T15:33:50","date_gmt":"2022-04-22T13:33:50","guid":{"rendered":"https:\/\/gardalaser.it\/prodotto\/photizo-vetcare-laser-home-care\/"},"modified":"2025-07-25T22:10:28","modified_gmt":"2025-07-25T20:10:28","slug":"photizo-vetcare-laser-home-care","status":"publish","type":"product","link":"https:\/\/gardalaser.it\/es\/producto\/photizo-vetcare-laser-home-care\/","title":{"rendered":"Photizo Vetcare"},"content":{"rendered":"<p>Photizo Vetcare <strong>no<\/strong> es un dispositivo m\u00e9dico CE<strong>.<\/strong><\/p>\n<p>Dispositivo de atenci\u00f3n domiciliaria con l\u00e1ser dise\u00f1ado para ayudar a sus amigos los animales con problemas cotidianos y darles una curaci\u00f3n mejor y m\u00e1s r\u00e1pida despu\u00e9s de espect\u00e1culos, paseos y entrenamiento.<\/p>\n<ul>\n<li>tratamiento veterinario a domicilio con l\u00e1ser para<strong> enfermedades de la piel: heridas, laceraciones, abscesos, llagas de la silla de montar, alergias cut\u00e1neas, eczema<\/strong><\/li>\n<li>atenci\u00f3n veterinaria a domicilio con l\u00e1ser para<strong> problemas musculoesquel\u00e9ticos como artritis, tendinitis, lesiones y espasmos musculares<\/strong><\/li>\n<li>cuidado veterinario a domicilio con l\u00e1ser de<strong> cualquier zona tratada quir\u00fargicamente (postoperatorio), incluidos los injertos de piel<\/strong><\/li>\n<li>atenci\u00f3n veterinaria a domicilio con l\u00e1ser para<strong> \u00falceras corneales y sinusitis<\/strong><\/li>\n<\/ul>\n<p>&nbsp;<\/p>\n<p><img loading=\"lazy\" decoding=\"async\" class=\"alignnone wp-image-2934 size-full\" src=\"https:\/\/gardalaser.it\/wp-content\/uploads\/2022\/04\/photizo-vetcare-1.jpg\" alt=\"\" width=\"1000\" height=\"336\" srcset=\"https:\/\/gardalaser.it\/wp-content\/uploads\/2022\/04\/photizo-vetcare-1.jpg 1000w, https:\/\/gardalaser.it\/wp-content\/uploads\/2022\/04\/photizo-vetcare-1-500x168.jpg 500w, https:\/\/gardalaser.it\/wp-content\/uploads\/2022\/04\/photizo-vetcare-1-768x258.jpg 768w, https:\/\/gardalaser.it\/wp-content\/uploads\/2022\/04\/photizo-vetcare-1-600x202.jpg 600w, https:\/\/gardalaser.it\/wp-content\/uploads\/2022\/04\/photizo-vetcare-1-300x101.jpg 300w\" sizes=\"auto, (max-width: 1000px) 100vw, 1000px\" \/><\/p>\n<p>&nbsp;<\/p>\n<h2>\u00bfC\u00d3MO UTILIZAR EL PHOTIZO?<\/h2>\n<p>Coloque el cabezal del Photizo Vetcare (que contiene los LED y los infrarrojos) sobre la zona que desea tratar, pulse el bot\u00f3n verde de encendido y espere a que finalice el tratamiento temporizado; a continuaci\u00f3n, despl\u00e1celo a la siguiente zona que desee tratar. Repita el procedimiento como se indica en el manual para todas las zonas deseadas.<\/p>\n","protected":false},"excerpt":{"rendered":"<p>Dispositivo l\u00e1ser port\u00e1til utilizado para <strong>aliviar el dolor, curar y reducir la hinchaz\u00f3n y la inflamaci\u00f3n en mascotas<\/strong>, caballos y muchos otros.<\/p>\n<p>Garda Laser es un distribuidor autorizado de PHOTIZO\u00ae LIGHT THERAPY.<\/p>\n<p><a href=\"https:\/\/gardalaser.it\/wp-content\/uploads\/2024\/05\/IFUs-Vetcare-2022.pdf\">Ver PDF<\/a><\/p>\n","protected":false},"featured_media":2133,"template":"","meta":{"_acf_changed":false},"product_brand":[],"product_cat":[287],"product_tag":[],"class_list":{"0":"post-5689","1":"product","2":"type-product","3":"status-publish","4":"has-post-thumbnail","6":"product_cat-home-care-photizo-es","8":"first","9":"instock","10":"taxable","11":"shipping-taxable","12":"purchasable","13":"product-type-simple"},"acf":[],"_links":{"self":[{"href":"https:\/\/gardalaser.it\/es\/wp-json\/wp\/v2\/product\/5689","targetHints":{"allow":["GET"]}}],"collection":[{"href":"https:\/\/gardalaser.it\/es\/wp-json\/wp\/v2\/product"}],"about":[{"href":"https:\/\/gardalaser.it\/es\/wp-json\/wp\/v2\/types\/product"}],"wp:featuredmedia":[{"embeddable":true,"href":"https:\/\/gardalaser.it\/es\/wp-json\/wp\/v2\/media\/2133"}],"wp:attachment":[{"href":"https:\/\/gardalaser.it\/es\/wp-json\/wp\/v2\/media?parent=5689"}],"wp:term":[{"taxonomy":"product_brand","embeddable":true,"href":"https:\/\/gardalaser.it\/es\/wp-json\/wp\/v2\/product_brand?post=5689"},{"taxonomy":"product_cat","embeddable":true,"href":"https:\/\/gardalaser.it\/es\/wp-json\/wp\/v2\/product_cat?post=5689"},{"taxonomy":"product_tag","embeddable":true,"href":"https:\/\/gardalaser.it\/es\/wp-json\/wp\/v2\/product_tag?post=5689"}],"curies":[{"name":"wp","href":"https:\/\/api.w.org\/{rel}","templated":true}]}}