{"id":5681,"date":"2022-04-21T17:19:30","date_gmt":"2022-04-21T15:19:30","guid":{"rendered":"https:\/\/gardalaser.it\/prodotto\/photizo-sport-laser-home-care\/"},"modified":"2026-03-22T14:01:25","modified_gmt":"2026-03-22T13:01:25","slug":"photizo-sport-laser-home-care","status":"publish","type":"product","link":"https:\/\/gardalaser.it\/es\/producto\/photizo-sport-laser-home-care\/","title":{"rendered":"Photizo Sport"},"content":{"rendered":"<p>Photizo Sport <strong>cuenta con la homologaci\u00f3n m\u00e9dica CE.<\/strong> Un dispositivo l\u00e1ser para el cuidado en casa dise\u00f1ado para deportistas.<\/p>\n<p>&nbsp;<\/p>\n<p><img loading=\"lazy\" decoding=\"async\" class=\"alignnone size-medium wp-image-2873\" src=\"https:\/\/gardalaser.it\/wp-content\/uploads\/2022\/04\/photizo_laser_sport-300x56.jpg\" alt=\"\" width=\"300\" height=\"56\" srcset=\"https:\/\/gardalaser.it\/wp-content\/uploads\/2022\/04\/photizo_laser_sport-300x56.jpg 300w, https:\/\/gardalaser.it\/wp-content\/uploads\/2022\/04\/photizo_laser_sport-500x94.jpg 500w, https:\/\/gardalaser.it\/wp-content\/uploads\/2022\/04\/photizo_laser_sport.jpg 556w\" sizes=\"auto, (max-width: 300px) 100vw, 300px\" \/><\/p>\n<p>&nbsp;<\/p>\n<ul>\n<li>tratamiento casero con l\u00e1ser del <strong>dolor de rodilla<\/strong><\/li>\n<li>tratamiento casero con l\u00e1ser del <strong>dolor de tobillo<\/strong><\/li>\n<li>tratamiento l\u00e1ser a domicilio del <strong>dolor de piernas<\/strong><\/li>\n<li>tratamiento con l\u00e1ser para el <strong>dolor de pies<\/strong><\/li>\n<li>tratamiento l\u00e1ser a domicilio del <strong>dolor de brazos<\/strong><\/li>\n<li>tratamiento con l\u00e1ser para <strong>esguinces<\/strong><\/li>\n<li>tratamiento con l\u00e1ser para<strong> esguinces<\/strong><\/li>\n<li>tratamiento casero con l\u00e1ser de los <strong>hematomas<\/strong><\/li>\n<li>tratamiento casero con l\u00e1ser de las <strong>heridas<\/strong><\/li>\n<\/ul>\n<h2>\u00bfC\u00d3MO SE UTILIZA EL PHOTIZO?<\/h2>\n<p>Coloque el cabezal del Photizo Sport (que contiene los LED y los infrarrojos) sobre la zona que desea tratar, pulse el bot\u00f3n azul de encendido y espere hasta que finalice el tratamiento temporizado; a continuaci\u00f3n, despl\u00e1celo a la siguiente zona que desee tratar. Repita el procedimiento como se indica en el manual para todas las zonas deseadas.<\/p>\n","protected":false},"excerpt":{"rendered":"<p>Dispositivo m\u00e9dico port\u00e1til eficaz en el <strong>tratamiento del dolor agudo y la inflamaci\u00f3n<\/strong> debidos a lesiones por sobreuso o impacto.<\/p>\n<p>Garda Laser es un distribuidor autorizado de PHOTIZO\u00ae LIGHT THERAPY. <a href=\"https:\/\/gardalaser.it\/wp-content\/uploads\/2024\/05\/IFUs-Home-Care-2022.pdf\">Ver PDF<\/a><\/p>\n","protected":false},"featured_media":2132,"template":"","meta":{"_acf_changed":false},"product_brand":[],"product_cat":[287],"product_tag":[],"class_list":{"0":"post-5681","1":"product","2":"type-product","3":"status-publish","4":"has-post-thumbnail","6":"product_cat-home-care-photizo-es","8":"first","9":"outofstock","10":"taxable","11":"shipping-taxable","12":"purchasable","13":"product-type-simple"},"acf":[],"_links":{"self":[{"href":"https:\/\/gardalaser.it\/es\/wp-json\/wp\/v2\/product\/5681","targetHints":{"allow":["GET"]}}],"collection":[{"href":"https:\/\/gardalaser.it\/es\/wp-json\/wp\/v2\/product"}],"about":[{"href":"https:\/\/gardalaser.it\/es\/wp-json\/wp\/v2\/types\/product"}],"wp:featuredmedia":[{"embeddable":true,"href":"https:\/\/gardalaser.it\/es\/wp-json\/wp\/v2\/media\/2132"}],"wp:attachment":[{"href":"https:\/\/gardalaser.it\/es\/wp-json\/wp\/v2\/media?parent=5681"}],"wp:term":[{"taxonomy":"product_brand","embeddable":true,"href":"https:\/\/gardalaser.it\/es\/wp-json\/wp\/v2\/product_brand?post=5681"},{"taxonomy":"product_cat","embeddable":true,"href":"https:\/\/gardalaser.it\/es\/wp-json\/wp\/v2\/product_cat?post=5681"},{"taxonomy":"product_tag","embeddable":true,"href":"https:\/\/gardalaser.it\/es\/wp-json\/wp\/v2\/product_tag?post=5681"}],"curies":[{"name":"wp","href":"https:\/\/api.w.org\/{rel}","templated":true}]}}