{"id":5677,"date":"2022-05-05T10:09:11","date_gmt":"2022-05-05T08:09:11","guid":{"rendered":"https:\/\/gardalaser.it\/prodotto\/garda-band\/"},"modified":"2024-09-26T14:50:31","modified_gmt":"2024-09-26T12:50:31","slug":"garda-band","status":"publish","type":"product","link":"https:\/\/gardalaser.it\/es\/producto\/garda-band\/","title":{"rendered":"Garda Band"},"content":{"rendered":"","protected":false},"excerpt":{"rendered":"<p>Dispositivo inteligente con transmisi\u00f3n Bluetooth para activar y desactivar la emisi\u00f3n l\u00e1ser.<br \/>\nEl dispositivo se suministra con dos accesorios:<\/p>\n<ul>\n<li>soporte para pieza de mano terap\u00e9utica multifunci\u00f3n c\u00f3digo BH9014<\/li>\n<li>correa de goma<\/li>\n<\/ul>\n","protected":false},"featured_media":5678,"template":"","meta":{"_acf_changed":false},"product_brand":[],"product_cat":[272],"product_tag":[],"class_list":{"0":"post-5677","1":"product","2":"type-product","3":"status-publish","4":"has-post-thumbnail","6":"tassonomia-enea-es","7":"tassonomia-enea-duo-es","8":"tassonomia-enea-trio-es","9":"tassonomia-ermes-es","10":"tassonomia-fisioterapia","11":"tassonomia-podologia","12":"tassonomia-veterinario","13":"tassonomia-zaira-es","14":"product_cat-mas","16":"first","17":"instock","18":"taxable","19":"shipping-taxable","20":"purchasable","21":"product-type-simple"},"acf":[],"_links":{"self":[{"href":"https:\/\/gardalaser.it\/es\/wp-json\/wp\/v2\/product\/5677","targetHints":{"allow":["GET"]}}],"collection":[{"href":"https:\/\/gardalaser.it\/es\/wp-json\/wp\/v2\/product"}],"about":[{"href":"https:\/\/gardalaser.it\/es\/wp-json\/wp\/v2\/types\/product"}],"wp:featuredmedia":[{"embeddable":true,"href":"https:\/\/gardalaser.it\/es\/wp-json\/wp\/v2\/media\/5678"}],"wp:attachment":[{"href":"https:\/\/gardalaser.it\/es\/wp-json\/wp\/v2\/media?parent=5677"}],"wp:term":[{"taxonomy":"product_brand","embeddable":true,"href":"https:\/\/gardalaser.it\/es\/wp-json\/wp\/v2\/product_brand?post=5677"},{"taxonomy":"product_cat","embeddable":true,"href":"https:\/\/gardalaser.it\/es\/wp-json\/wp\/v2\/product_cat?post=5677"},{"taxonomy":"product_tag","embeddable":true,"href":"https:\/\/gardalaser.it\/es\/wp-json\/wp\/v2\/product_tag?post=5677"}],"curies":[{"name":"wp","href":"https:\/\/api.w.org\/{rel}","templated":true}]}}