{"id":5663,"date":"2022-04-21T16:50:12","date_gmt":"2022-04-21T14:50:12","guid":{"rendered":"https:\/\/gardalaser.it\/prodotto\/fibra-ottica-laser-600%c2%b5m\/"},"modified":"2024-09-26T14:48:04","modified_gmt":"2024-09-26T12:48:04","slug":"laser-fibra-optica-600%c2%b5m","status":"publish","type":"product","link":"https:\/\/gardalaser.it\/es\/producto\/laser-fibra-optica-600%c2%b5m\/","title":{"rendered":"L\u00e1ser Fibra \u00f3ptica 600\u00b5m"},"content":{"rendered":"<ul>\n<li>Conector SMA 905<\/li>\n<li>apertura nominal est\u00e1ndar 0,22<\/li>\n<li>longitudes de onda de 400nm a 2000nm<\/li>\n<li>potencia m\u00e1xima: 30 vatios<\/li>\n<li>ciclo de goma autoclavable 121\u00b0 C durante 15 minutos<\/li>\n<\/ul>\n","protected":false},"excerpt":{"rendered":"<p>Fibra recomendada para la cirug\u00eda m\u00ednimamente invasiva asistida por l\u00e1ser<\/p>\n","protected":false},"featured_media":2227,"template":"","meta":{"_acf_changed":false},"product_brand":[],"product_cat":[286],"product_tag":[],"class_list":{"0":"post-5663","1":"product","2":"type-product","3":"status-publish","4":"has-post-thumbnail","6":"tassonomia-enea-es","7":"tassonomia-enea-duo-es","8":"tassonomia-enea-trio-es","9":"tassonomia-ermes-es","10":"tassonomia-otorrinolaringologia","11":"tassonomia-veterinario","12":"tassonomia-zaira-es","13":"product_cat-fibras-e-tip","15":"first","16":"instock","17":"taxable","18":"shipping-taxable","19":"purchasable","20":"product-type-variable"},"acf":[],"_links":{"self":[{"href":"https:\/\/gardalaser.it\/es\/wp-json\/wp\/v2\/product\/5663","targetHints":{"allow":["GET"]}}],"collection":[{"href":"https:\/\/gardalaser.it\/es\/wp-json\/wp\/v2\/product"}],"about":[{"href":"https:\/\/gardalaser.it\/es\/wp-json\/wp\/v2\/types\/product"}],"wp:featuredmedia":[{"embeddable":true,"href":"https:\/\/gardalaser.it\/es\/wp-json\/wp\/v2\/media\/2227"}],"wp:attachment":[{"href":"https:\/\/gardalaser.it\/es\/wp-json\/wp\/v2\/media?parent=5663"}],"wp:term":[{"taxonomy":"product_brand","embeddable":true,"href":"https:\/\/gardalaser.it\/es\/wp-json\/wp\/v2\/product_brand?post=5663"},{"taxonomy":"product_cat","embeddable":true,"href":"https:\/\/gardalaser.it\/es\/wp-json\/wp\/v2\/product_cat?post=5663"},{"taxonomy":"product_tag","embeddable":true,"href":"https:\/\/gardalaser.it\/es\/wp-json\/wp\/v2\/product_tag?post=5663"}],"curies":[{"name":"wp","href":"https:\/\/api.w.org\/{rel}","templated":true}]}}