{"id":5644,"date":"2022-04-21T16:21:33","date_gmt":"2022-04-21T14:21:33","guid":{"rendered":"https:\/\/gardalaser.it\/prodotto\/puntale-terapia-60\/"},"modified":"2024-09-26T14:44:39","modified_gmt":"2024-09-26T12:44:39","slug":"punta-de-terapia-60","status":"publish","type":"product","link":"https:\/\/gardalaser.it\/es\/producto\/punta-de-terapia-60\/","title":{"rendered":"Punta de terapia 60"},"content":{"rendered":"<ul>\n<li>ciclo de plancha autoclavable 134\u00b0 C durante 4 minutos<\/li>\n<\/ul>\n","protected":false},"excerpt":{"rendered":"<p>Punta terap\u00e9utica angulada para acci\u00f3n l\u00e1ser bifocal para uso con <a href=\"https:\/\/gardalaser.it\/es\/producto\/pieza-de-mano-laser\/\" target=\"_blank\" rel=\"noopener\">pieza de mano l\u00e1ser<\/a><\/p>\n","protected":false},"featured_media":2110,"template":"","meta":{"_acf_changed":false},"product_brand":[],"product_cat":[284],"product_tag":[],"class_list":{"0":"post-5644","1":"product","2":"type-product","3":"status-publish","4":"has-post-thumbnail","6":"tassonomia-enea-es","7":"tassonomia-enea-duo-es","8":"tassonomia-enea-trio-es","9":"tassonomia-estetica","10":"tassonomia-fisioterapia","11":"tassonomia-higiene-dental","12":"tassonomia-odontologia","13":"tassonomia-otorrinolaringologia","14":"tassonomia-podologia","15":"tassonomia-veterinario","16":"tassonomia-zaira-es","17":"product_cat-piezas-de-mano-terapeuticas","19":"first","20":"instock","21":"taxable","22":"shipping-taxable","23":"purchasable","24":"product-type-simple"},"acf":[],"_links":{"self":[{"href":"https:\/\/gardalaser.it\/es\/wp-json\/wp\/v2\/product\/5644","targetHints":{"allow":["GET"]}}],"collection":[{"href":"https:\/\/gardalaser.it\/es\/wp-json\/wp\/v2\/product"}],"about":[{"href":"https:\/\/gardalaser.it\/es\/wp-json\/wp\/v2\/types\/product"}],"wp:featuredmedia":[{"embeddable":true,"href":"https:\/\/gardalaser.it\/es\/wp-json\/wp\/v2\/media\/2110"}],"wp:attachment":[{"href":"https:\/\/gardalaser.it\/es\/wp-json\/wp\/v2\/media?parent=5644"}],"wp:term":[{"taxonomy":"product_brand","embeddable":true,"href":"https:\/\/gardalaser.it\/es\/wp-json\/wp\/v2\/product_brand?post=5644"},{"taxonomy":"product_cat","embeddable":true,"href":"https:\/\/gardalaser.it\/es\/wp-json\/wp\/v2\/product_cat?post=5644"},{"taxonomy":"product_tag","embeddable":true,"href":"https:\/\/gardalaser.it\/es\/wp-json\/wp\/v2\/product_tag?post=5644"}],"curies":[{"name":"wp","href":"https:\/\/api.w.org\/{rel}","templated":true}]}}