{"id":5642,"date":"2022-04-21T16:18:50","date_gmt":"2022-04-21T14:18:50","guid":{"rendered":"https:\/\/gardalaser.it\/prodotto\/puntale-fotobiomodulazione\/"},"modified":"2024-09-26T14:44:26","modified_gmt":"2024-09-26T12:44:26","slug":"punta-de-fotobiomodulacion","status":"publish","type":"product","link":"https:\/\/gardalaser.it\/es\/producto\/punta-de-fotobiomodulacion\/","title":{"rendered":"Punta de fotobiomodulaci\u00f3n"},"content":{"rendered":"<ul>\n<li>goma autoclavable ciclo 121\u00b0 C durante 15 minutos<\/li>\n<\/ul>\n","protected":false},"excerpt":{"rendered":"<p>Accesorio de fotobiomodulaci\u00f3n ideal para una acci\u00f3n l\u00e1ser equidistribuida sobre 1 cm2 para utilizar con la <a href=\"https:\/\/gardalaser.it\/es\/producto\/pieza-de-mano-laser\/\" target=\"_blank\" rel=\"noopener\">pieza de mano l\u00e1ser<\/a><\/p>\n","protected":false},"featured_media":2108,"template":"","meta":{"_acf_changed":false},"product_brand":[],"product_cat":[284],"product_tag":[],"class_list":{"0":"post-5642","1":"product","2":"type-product","3":"status-publish","4":"has-post-thumbnail","6":"tassonomia-enea-es","7":"tassonomia-enea-duo-es","8":"tassonomia-estetica","9":"tassonomia-fisioterapia","10":"tassonomia-higiene-dental","11":"tassonomia-odontologia","12":"tassonomia-otorrinolaringologia","13":"tassonomia-podologia","14":"tassonomia-veterinario","15":"tassonomia-zaira-es","16":"product_cat-piezas-de-mano-terapeuticas","17":"product_shipping_class-spedizione-assicurata-es","19":"first","20":"instock","21":"taxable","22":"shipping-taxable","23":"purchasable","24":"product-type-simple"},"acf":[],"_links":{"self":[{"href":"https:\/\/gardalaser.it\/es\/wp-json\/wp\/v2\/product\/5642","targetHints":{"allow":["GET"]}}],"collection":[{"href":"https:\/\/gardalaser.it\/es\/wp-json\/wp\/v2\/product"}],"about":[{"href":"https:\/\/gardalaser.it\/es\/wp-json\/wp\/v2\/types\/product"}],"wp:featuredmedia":[{"embeddable":true,"href":"https:\/\/gardalaser.it\/es\/wp-json\/wp\/v2\/media\/2108"}],"wp:attachment":[{"href":"https:\/\/gardalaser.it\/es\/wp-json\/wp\/v2\/media?parent=5642"}],"wp:term":[{"taxonomy":"product_brand","embeddable":true,"href":"https:\/\/gardalaser.it\/es\/wp-json\/wp\/v2\/product_brand?post=5642"},{"taxonomy":"product_cat","embeddable":true,"href":"https:\/\/gardalaser.it\/es\/wp-json\/wp\/v2\/product_cat?post=5642"},{"taxonomy":"product_tag","embeddable":true,"href":"https:\/\/gardalaser.it\/es\/wp-json\/wp\/v2\/product_tag?post=5642"}],"curies":[{"name":"wp","href":"https:\/\/api.w.org\/{rel}","templated":true}]}}