{"id":5640,"date":"2022-04-04T14:14:20","date_gmt":"2022-04-04T12:14:20","guid":{"rendered":"https:\/\/gardalaser.it\/prodotto\/manipolo-terapia-multifunzione\/"},"modified":"2024-09-26T15:02:08","modified_gmt":"2024-09-26T13:02:08","slug":"pieza-de-mano-de-terapia-multifuncional","status":"publish","type":"product","link":"https:\/\/gardalaser.it\/es\/producto\/pieza-de-mano-de-terapia-multifuncional\/","title":{"rendered":"Pieza de mano de terapia multifuncional"},"content":{"rendered":"<ul>\n<li>Conector SMA 905<\/li>\n<li>apertura nominal est\u00e1ndar 0,22<\/li>\n<li>longitudes de onda de 400nm a 1100nm<\/li>\n<li>longitud 3m<\/li>\n<li>goma autoclavable ciclo 121\u00b0 C durante 15 minutos<\/li>\n<\/ul>\n","protected":false},"excerpt":{"rendered":"<p>Accesorio de fotobiomodulaci\u00f3n ideal para peque\u00f1as y grandes \u00e1reas, completo con tres cabezales intercambiables con diferentes caracter\u00edsticas<\/p>\n","protected":false},"featured_media":2296,"template":"","meta":{"_acf_changed":false},"product_brand":[],"product_cat":[284],"product_tag":[],"class_list":{"0":"post-5640","1":"product","2":"type-product","3":"status-publish","4":"has-post-thumbnail","6":"tassonomia-enea-es","7":"tassonomia-enea-duo-es","8":"tassonomia-enea-trio-es","9":"tassonomia-ermes-es","10":"tassonomia-estetica","11":"tassonomia-fisioterapia","12":"tassonomia-higiene-dental","13":"tassonomia-odontologia","14":"tassonomia-podologia","15":"tassonomia-veterinario","16":"tassonomia-zaira-es","17":"product_cat-piezas-de-mano-terapeuticas","18":"product_shipping_class-spedizione-assicurata-es","20":"first","21":"instock","22":"taxable","23":"shipping-taxable","24":"purchasable","25":"product-type-simple"},"acf":[],"_links":{"self":[{"href":"https:\/\/gardalaser.it\/es\/wp-json\/wp\/v2\/product\/5640","targetHints":{"allow":["GET"]}}],"collection":[{"href":"https:\/\/gardalaser.it\/es\/wp-json\/wp\/v2\/product"}],"about":[{"href":"https:\/\/gardalaser.it\/es\/wp-json\/wp\/v2\/types\/product"}],"wp:featuredmedia":[{"embeddable":true,"href":"https:\/\/gardalaser.it\/es\/wp-json\/wp\/v2\/media\/2296"}],"wp:attachment":[{"href":"https:\/\/gardalaser.it\/es\/wp-json\/wp\/v2\/media?parent=5640"}],"wp:term":[{"taxonomy":"product_brand","embeddable":true,"href":"https:\/\/gardalaser.it\/es\/wp-json\/wp\/v2\/product_brand?post=5640"},{"taxonomy":"product_cat","embeddable":true,"href":"https:\/\/gardalaser.it\/es\/wp-json\/wp\/v2\/product_cat?post=5640"},{"taxonomy":"product_tag","embeddable":true,"href":"https:\/\/gardalaser.it\/es\/wp-json\/wp\/v2\/product_tag?post=5640"}],"curies":[{"name":"wp","href":"https:\/\/api.w.org\/{rel}","templated":true}]}}