{"id":5638,"date":"2022-04-21T16:35:43","date_gmt":"2022-04-21T14:35:43","guid":{"rendered":"https:\/\/gardalaser.it\/prodotto\/manipolo-laser\/"},"modified":"2024-09-26T14:58:47","modified_gmt":"2024-09-26T12:58:47","slug":"pieza-de-mano-laser","status":"publish","type":"product","link":"https:\/\/gardalaser.it\/es\/producto\/pieza-de-mano-laser\/","title":{"rendered":"Pieza de mano l\u00e1ser"},"content":{"rendered":"<ul>\n<li>conector est\u00e1ndar SMA 905<\/li>\n<li>apertura nominal 0,22<\/li>\n<li>longitudes de onda de 800nm a 1100nm<\/li>\n<li>longitud 2m<\/li>\n<li>goma autoclavable ciclo 121\u00b0 C durante 15 minutos<\/li>\n<\/ul>\n","protected":false},"excerpt":{"rendered":"<p>Pieza de mano vers\u00e1til que se utiliza para m\u00faltiples tratamientos mediante la sustituci\u00f3n de la punta<\/p>\n","protected":false},"featured_media":2113,"template":"","meta":{"_acf_changed":false},"product_brand":[],"product_cat":[283],"product_tag":[],"class_list":{"0":"post-5638","1":"product","2":"type-product","3":"status-publish","4":"has-post-thumbnail","6":"tassonomia-enea-es","7":"tassonomia-enea-duo-es","8":"tassonomia-enea-trio-es","9":"tassonomia-ermes-es","10":"tassonomia-estetica","11":"tassonomia-fisioterapia","12":"tassonomia-higiene-dental","13":"tassonomia-l-e-o-plus-es","14":"tassonomia-odontologia","15":"tassonomia-otorrinolaringologia","16":"tassonomia-veterinario","17":"tassonomia-zaira-es","18":"product_cat-piezas-de-mano-para-cirugia","20":"first","21":"instock","22":"taxable","23":"shipping-taxable","24":"purchasable","25":"product-type-simple"},"acf":[],"_links":{"self":[{"href":"https:\/\/gardalaser.it\/es\/wp-json\/wp\/v2\/product\/5638","targetHints":{"allow":["GET"]}}],"collection":[{"href":"https:\/\/gardalaser.it\/es\/wp-json\/wp\/v2\/product"}],"about":[{"href":"https:\/\/gardalaser.it\/es\/wp-json\/wp\/v2\/types\/product"}],"wp:featuredmedia":[{"embeddable":true,"href":"https:\/\/gardalaser.it\/es\/wp-json\/wp\/v2\/media\/2113"}],"wp:attachment":[{"href":"https:\/\/gardalaser.it\/es\/wp-json\/wp\/v2\/media?parent=5638"}],"wp:term":[{"taxonomy":"product_brand","embeddable":true,"href":"https:\/\/gardalaser.it\/es\/wp-json\/wp\/v2\/product_brand?post=5638"},{"taxonomy":"product_cat","embeddable":true,"href":"https:\/\/gardalaser.it\/es\/wp-json\/wp\/v2\/product_cat?post=5638"},{"taxonomy":"product_tag","embeddable":true,"href":"https:\/\/gardalaser.it\/es\/wp-json\/wp\/v2\/product_tag?post=5638"}],"curies":[{"name":"wp","href":"https:\/\/api.w.org\/{rel}","templated":true}]}}