{"id":5633,"date":"2022-05-04T10:51:38","date_gmt":"2022-05-04T08:51:38","guid":{"rendered":"https:\/\/gardalaser.it\/prodotto\/occhiali-per-laser-1064nm\/"},"modified":"2024-09-26T14:44:11","modified_gmt":"2024-09-26T12:44:11","slug":"gafas-laser-1064nm-980nm-940nm","status":"publish","type":"product","link":"https:\/\/gardalaser.it\/es\/producto\/gafas-laser-1064nm-980nm-940nm\/","title":{"rendered":"Gafas l\u00e1ser 1064nm 980nm 940nm"},"content":{"rendered":"<p><strong>Informaci\u00f3n sobre el producto:<\/strong><\/p>\n<ul>\n<li>Aplicaci\u00f3n: Excimer (193 nm), UV (248 nm), Nd:YAG 4x (266 nm), Nd:YAG 3x (355 nm), Ti:Sapphire (800 nm), Diodo (808 nm), Diodo (940 nm ), Disco (1030 nm), Nd:YAG (1064 nm), CO2 (10600 nm)<\/li>\n<li>VLT (Transmisi\u00f3n de luz visible): 46%.<\/li>\n<li>Color del filtro: verde<\/li>\n<li>Material del filtro: pl\u00e1stico especial<\/li>\n<li>Grosor del filtro: 2,0 mm<\/li>\n<li>Color de la montura: blanco\/negro<\/li>\n<\/ul>\n<p><strong>Montura para gafas ONTOR:<\/strong><\/p>\n<ul>\n<li>Sobregafas deportivas como modelo monofocal<\/li>\n<li>Campo de visi\u00f3n muy amplio<\/li>\n<li>Ajuste perfecto gracias a los soportes flexibles y ajustables en longitud<\/li>\n<li>Agradable comodidad gracias al revestimiento de goma en la zona de la frente<\/li>\n<\/ul>\n<p>&nbsp;<\/p>\n<table>\n<tbody>\n<tr>\n<td><strong>Longitudes de onda (nm)<\/strong><\/td>\n<td><strong>Niveles de protecci\u00f3n<\/strong><\/td>\n<\/tr>\n<tr>\n<td>180-315<\/td>\n<td>D LB10 + IR LB5 + M LB6Y (OD10+)<\/td>\n<\/tr>\n<tr>\n<td>&gt;380-420<\/td>\n<td>D LB5 + IRM LB6 (OD6+)<\/td>\n<\/tr>\n<tr>\n<td>&gt;420-429<\/td>\n<td>DIRM LB5 (OD5+)<\/td>\n<\/tr>\n<tr>\n<td>&gt;429-441<\/td>\n<td>DIRM LB4 (OD4+)<\/td>\n<\/tr>\n<tr>\n<td>&gt;441-450<\/td>\n<td>DIRM LB3 (OD3+)<\/td>\n<\/tr>\n<tr>\n<td>&gt;450-458<\/td>\n<td>DIRM LB2 (OD2+)<\/td>\n<\/tr>\n<tr>\n<td>&gt;458-460<\/td>\n<td>DIRM LB1 (OD1+)<\/td>\n<\/tr>\n<tr>\n<td>663-705<\/td>\n<td>DIRM LB1 (OD1+)<\/td>\n<\/tr>\n<tr>\n<td>&gt;705-715<\/td>\n<td>DIRM LB2 (OD2+)<\/td>\n<\/tr>\n<tr>\n<td>&gt;715-721<\/td>\n<td>DIRM LB3 (OD3+)<\/td>\n<\/tr>\n<tr>\n<td>&gt;721-741<\/td>\n<td>DIRM LB4 (OD4+)<\/td>\n<\/tr>\n<tr>\n<td>&gt;741-753<\/td>\n<td>DIRM LB3 (OD3+)<\/td>\n<\/tr>\n<tr>\n<td>&gt;753-769<\/td>\n<td>DIRM LB4 (OD4+)<\/td>\n<\/tr>\n<tr>\n<td><strong>&gt;769-793<\/strong><\/td>\n<td><strong>DIRM LB5 (OD5+)<\/strong><\/td>\n<\/tr>\n<tr>\n<td><strong>&gt;793-799<\/strong><\/td>\n<td><strong>D LB5 + IRM LB6 (OD6+)<\/strong><\/td>\n<\/tr>\n<tr>\n<td><strong>800-835<\/strong><\/td>\n<td><strong>D LB5 + IR LB7Y + M LB8Y (OD8+)<\/strong><\/td>\n<\/tr>\n<tr>\n<td><strong>&gt;835-840<\/strong><\/td>\n<td><strong>D LB5 + IR LB7Y + M LB7 (OD7+)<\/strong><\/td>\n<\/tr>\n<tr>\n<td><strong>&gt;840-842<\/strong><\/td>\n<td><strong>D LB5 + IRM LB6 (OD6+)<\/strong><\/td>\n<\/tr>\n<tr>\n<td><strong>&gt;842-849<\/strong><\/td>\n<td><strong>DIRM LB5 (OD5+)<\/strong><\/td>\n<\/tr>\n<tr>\n<td>&gt;849-910<\/td>\n<td>DIRM LB4 (OD4+)<\/td>\n<\/tr>\n<tr>\n<td><strong>&gt;910-949<\/strong><\/td>\n<td><strong>DIRM LB5 (OD5+)<\/strong><\/td>\n<\/tr>\n<tr>\n<td><strong>950-1064<\/strong><\/td>\n<td><strong>D LB5 + IRM LB6 (OD6+)<\/strong><\/td>\n<\/tr>\n<tr>\n<td><strong>970-1050<\/strong><\/td>\n<td><strong>D LB5 + IR LB7Y + M LB7 (OD7+)<\/strong><\/td>\n<\/tr>\n<tr>\n<td><strong>&gt;1064-1066<\/strong><\/td>\n<td><strong>DIRM LB5 (OD5+)<\/strong><\/td>\n<\/tr>\n<tr>\n<td>&gt;1066-1077<\/td>\n<td>DIRM LB4 (OD4+)<\/td>\n<\/tr>\n<tr>\n<td>&gt;1077-1091<\/td>\n<td>DIRM LB3 (OD3+)<\/td>\n<\/tr>\n<tr>\n<td>&gt;1091-1110<\/td>\n<td>DIRM LB2 (OD2+)<\/td>\n<\/tr>\n<tr>\n<td>&gt;1110-1141<\/td>\n<td>DIRM LB1 (OD1+)<\/td>\n<\/tr>\n<tr>\n<td>&gt;5165-11500<\/td>\n<td>DI LB4 + R LB3Y (OD4+)<\/td>\n<\/tr>\n<tr>\n<td><\/td>\n<td>PFCE<\/td>\n<\/tr>\n<\/tbody>\n<\/table>\n","protected":false},"excerpt":{"rendered":"<p><strong>Las gafas de protecci\u00f3n l\u00e1ser ONTOR son unas gafas de protecci\u00f3n l\u00e1ser<\/strong> ligeras y vers\u00e1tiles que constan de una montura de pl\u00e1stico, ideal como sobregafas para usuarios de gafas. La montura ofrece un campo de visi\u00f3n muy amplio y una amplia cobertura lateral, con una excelente comodidad de uso gracias a las patillas flexibles, ajustables en longitud e inclinaci\u00f3n y al <strong>acolchado<\/strong> especial <strong>de goma blanda<\/strong> en la zona de la frente.<\/p>\n<p>El <strong>filtro de protecci\u00f3n l\u00e1ser 0276<\/strong> est\u00e1 especialmente indicado para la protecci\u00f3n l\u00e1ser con <strong>excimer (193 nm), UV (248 nm), Nd:YAG 4x (266 nm), Nd:YAG 3x (355 nm), Ti:zafiro (800 nm), diodo (808 nm), diodo (940 nm), disco (1030 nm), Nd:YAG (1064 nm), fibra (976 &#8211; 1080 nm)<\/strong> y <strong>CO2 (10600 nm)<\/strong>. Adem\u00e1s, el filtro de protecci\u00f3n l\u00e1ser tambi\u00e9n cubre otros rangos de longitud de onda. El filtro de protecci\u00f3n l\u00e1ser est\u00e1 fabricado con un pl\u00e1stico verde especial y convence por una transmisi\u00f3n de luz diurna superior al 46% y un grosor reducido. El filtro de protecci\u00f3n l\u00e1ser <strong>cuenta con la certificaci\u00f3n CE<\/strong> seg\u00fan <strong>DIN EN 207<\/strong>.<\/p>\n<p><strong>Gafas de protecci\u00f3n l\u00e1ser clase 4<\/strong><\/p>\n<p><a href=\"https:\/\/gardalaser.it\/wp-content\/uploads\/2024\/03\/DB-000-K0276-ONTO-DE-EN.pdf\"><strong>Hoja de datos en PDF<\/strong><\/a><\/p>\n<p>&nbsp;<\/p>\n","protected":false},"featured_media":5634,"template":"","meta":{"_acf_changed":false},"product_brand":[],"product_cat":[281],"product_tag":[],"class_list":{"0":"post-5633","1":"product","2":"type-product","3":"status-publish","4":"has-post-thumbnail","6":"tassonomia-enea-es","7":"tassonomia-enea-duo-es","8":"tassonomia-estetica","9":"tassonomia-fisioterapia","10":"tassonomia-ginecologia","11":"tassonomia-higiene-dental","12":"tassonomia-l-e-o-plus-es","13":"tassonomia-odontologia","14":"tassonomia-otorrinolaringologia","15":"tassonomia-podologia","16":"tassonomia-veterinario","17":"tassonomia-zaira-es","18":"product_cat-gafas-de-proteccion","20":"first","21":"instock","22":"taxable","23":"shipping-taxable","24":"purchasable","25":"product-type-simple"},"acf":[],"_links":{"self":[{"href":"https:\/\/gardalaser.it\/es\/wp-json\/wp\/v2\/product\/5633","targetHints":{"allow":["GET"]}}],"collection":[{"href":"https:\/\/gardalaser.it\/es\/wp-json\/wp\/v2\/product"}],"about":[{"href":"https:\/\/gardalaser.it\/es\/wp-json\/wp\/v2\/types\/product"}],"wp:featuredmedia":[{"embeddable":true,"href":"https:\/\/gardalaser.it\/es\/wp-json\/wp\/v2\/media\/5634"}],"wp:attachment":[{"href":"https:\/\/gardalaser.it\/es\/wp-json\/wp\/v2\/media?parent=5633"}],"wp:term":[{"taxonomy":"product_brand","embeddable":true,"href":"https:\/\/gardalaser.it\/es\/wp-json\/wp\/v2\/product_brand?post=5633"},{"taxonomy":"product_cat","embeddable":true,"href":"https:\/\/gardalaser.it\/es\/wp-json\/wp\/v2\/product_cat?post=5633"},{"taxonomy":"product_tag","embeddable":true,"href":"https:\/\/gardalaser.it\/es\/wp-json\/wp\/v2\/product_tag?post=5633"}],"curies":[{"name":"wp","href":"https:\/\/api.w.org\/{rel}","templated":true}]}}