{"id":5629,"date":"2022-04-04T13:53:20","date_gmt":"2022-04-04T11:53:20","guid":{"rendered":"https:\/\/gardalaser.it\/prodotto\/occhiali-per-laser-810nm-codice-lg5006\/"},"modified":"2024-09-26T14:43:57","modified_gmt":"2024-09-26T12:43:57","slug":"gafas-laser-810nm","status":"publish","type":"product","link":"https:\/\/gardalaser.it\/es\/producto\/gafas-laser-810nm\/","title":{"rendered":"Gafas l\u00e1ser 810nm"},"content":{"rendered":"<p><strong>Descripci\u00f3n del producto:<\/strong><\/p>\n<ul>\n<li>Aplicaci\u00f3n: Diodo (808 nm)<\/li>\n<li>VLT (transmisi\u00f3n de luz visible): 67%.<\/li>\n<li>Color del filtro: rosa<\/li>\n<li>Material del filtro: pol\u00edmero<\/li>\n<li>Grosor del filtro: 2,0 mm<\/li>\n<li>Color de la montura: blanco\/negro<\/li>\n<\/ul>\n<p><strong>Montura para gafas ONTOR:<\/strong><\/p>\n<ul>\n<li>gafas deportivas<\/li>\n<li>campo de visi\u00f3n muy amplio<\/li>\n<li>ajuste individual de la longitud y el \u00e1ngulo de las patillas<\/li>\n<li>comodidad perfecta gracias a la pieza frontal de espuma<\/li>\n<\/ul>\n<p>&nbsp;<\/p>\n<table>\n<tbody>\n<tr>\n<td><strong>Longitudes de onda<\/strong><\/td>\n<td><strong>Niveles de protecci\u00f3n<\/strong><\/td>\n<\/tr>\n<tr>\n<td>180-315<\/td>\n<td>D LB8 + IR LB4 (OD8+)<\/td>\n<\/tr>\n<tr>\n<td>750-755<\/td>\n<td>DIR LB1 (OD1+)<\/td>\n<\/tr>\n<tr>\n<td>756-768<\/td>\n<td>DIR LB2 (OD2+)<\/td>\n<\/tr>\n<tr>\n<td>769-780<\/td>\n<td>DIR LB3 (OD3+)<\/td>\n<\/tr>\n<tr>\n<td>781-800&lt;<\/td>\n<td>DIR LB4 (OD4+)<\/td>\n<\/tr>\n<tr>\n<td><strong>800-820<\/strong><\/td>\n<td><strong>DIR LB5 (OD5+)<\/strong><\/td>\n<\/tr>\n<tr>\n<td>&gt;820-833<\/td>\n<td>DIR LB4 (OD4+)<\/td>\n<\/tr>\n<tr>\n<td>834-843<\/td>\n<td>DIR LB3 (OD3+)<\/td>\n<\/tr>\n<tr>\n<td>844-850<\/td>\n<td>DIR LB2 (OD2+)<\/td>\n<\/tr>\n<tr>\n<td><\/td>\n<td>PF SCE<\/td>\n<\/tr>\n<\/tbody>\n<\/table>\n","protected":false},"excerpt":{"rendered":"<p>ONTOR es una <strong>gafa l\u00e1ser ligera <\/strong>fabricada con pol\u00edmeros especiales, la soluci\u00f3n perfecta para usar sobre gafas graduadas. Esta montura ofrece un amplio campo de visi\u00f3n y protecci\u00f3n contra impactos laterales. Las patillas pueden ajustarse individualmente y una espuma facial suave y bien sellada mejora la comodidad.<\/p>\n<p>El <strong>filtro de seguridad l\u00e1ser 0247 <\/strong>est\u00e1 especialmente indicado para el l\u00e1ser <strong>de diodo (808 nm) del sector sanitario, <\/strong>pero tambi\u00e9n cubre otras longitudes de onda. El filtro de seguridad l\u00e1ser est\u00e1 fabricado en policarbonato rosa y ofrece una transmisi\u00f3n de la luz visual (VLT) superior al 60% y un grosor de filtro reducido. El filtro de seguridad l\u00e1ser <strong>cuenta con la certificaci\u00f3n CE conforme a<\/strong>los requisitos de la <strong>norma EN 207.<\/strong><\/p>\n<p><a href=\"https:\/\/gardalaser.it\/wp-content\/uploads\/2024\/03\/DB-000-K0247-ONTO-DE-EN.pdf\"><strong>Ver PDF<\/strong><\/a><\/p>\n","protected":false},"featured_media":5630,"template":"","meta":{"_acf_changed":false},"product_brand":[],"product_cat":[281],"product_tag":[],"class_list":{"0":"post-5629","1":"product","2":"type-product","3":"status-publish","4":"has-post-thumbnail","6":"tassonomia-enea-es","7":"tassonomia-enea-duo-es","8":"tassonomia-enea-trio-es","9":"tassonomia-fisioterapia","10":"tassonomia-ginecologia","11":"tassonomia-higiene-dental","12":"tassonomia-l-e-o-plus-es","13":"tassonomia-odontologia","14":"tassonomia-otorrinolaringologia","15":"tassonomia-podologia","16":"tassonomia-veterinario","17":"product_cat-gafas-de-proteccion","19":"first","20":"instock","21":"taxable","22":"shipping-taxable","23":"purchasable","24":"product-type-simple"},"acf":[],"_links":{"self":[{"href":"https:\/\/gardalaser.it\/es\/wp-json\/wp\/v2\/product\/5629","targetHints":{"allow":["GET"]}}],"collection":[{"href":"https:\/\/gardalaser.it\/es\/wp-json\/wp\/v2\/product"}],"about":[{"href":"https:\/\/gardalaser.it\/es\/wp-json\/wp\/v2\/types\/product"}],"wp:featuredmedia":[{"embeddable":true,"href":"https:\/\/gardalaser.it\/es\/wp-json\/wp\/v2\/media\/5630"}],"wp:attachment":[{"href":"https:\/\/gardalaser.it\/es\/wp-json\/wp\/v2\/media?parent=5629"}],"wp:term":[{"taxonomy":"product_brand","embeddable":true,"href":"https:\/\/gardalaser.it\/es\/wp-json\/wp\/v2\/product_brand?post=5629"},{"taxonomy":"product_cat","embeddable":true,"href":"https:\/\/gardalaser.it\/es\/wp-json\/wp\/v2\/product_cat?post=5629"},{"taxonomy":"product_tag","embeddable":true,"href":"https:\/\/gardalaser.it\/es\/wp-json\/wp\/v2\/product_tag?post=5629"}],"curies":[{"name":"wp","href":"https:\/\/api.w.org\/{rel}","templated":true}]}}